{"id":247,"date":"2025-03-12T15:26:55","date_gmt":"2025-03-12T15:26:55","guid":{"rendered":"https:\/\/staging.carboliq.com\/?page_id=247"},"modified":"2025-08-14T12:13:51","modified_gmt":"2025-08-14T12:13:51","slug":"nachhaltigkeit","status":"publish","type":"page","link":"https:\/\/carboliq.com\/de\/nachhaltigkeit\/","title":{"rendered":"Nachhaltigkeit"},"content":{"rendered":"\n<div class=\"wp-block-cover alignfull is-light hero has-white-background-color has-background\"><span aria-hidden=\"true\" class=\"wp-block-cover__background has-white-background-color has-background-dim-0 has-background-dim\"><\/span><div class=\"wp-block-cover__inner-container is-layout-flow wp-block-cover-is-layout-flow\">\n<div class=\"wp-block-columns is-layout-flex wp-container-core-columns-is-layout-28f84493 wp-block-columns-is-layout-flex\">\n<div class=\"wp-block-column is-vertically-aligned-center hero__content is-layout-flow wp-block-column-is-layout-flow\">\n<p>Nachhaltigkeit<\/p>\n\n\n\n<h1 class=\"wp-block-heading\">Nachhaltig handeln hei\u00dft Zukunft sichern<\/h1>\n\n\n\n<p>Zunehmend wird uns bewusst, dass unsere derzeitige Lebensweise an die \u201eplanetaren Grenzen\u201c st\u00f6\u00dft. <br>Wenn wir kommenden Generationen eine lebenswerte Umwelt hinterlassen wollen, m\u00fcssen wir unser Verhalten heute \u00e4ndern.<\/p>\n<\/div>\n\n\n\n<div class=\"wp-block-column is-vertically-aligned-center hero__media is-layout-flow wp-block-column-is-layout-flow\">\n<figure class=\"wp-block-image size-full\"><img data-dominant-color=\"b4a194\" data-has-transparency=\"false\" style=\"--dominant-color: #b4a194;\" loading=\"lazy\" decoding=\"async\" width=\"1620\" height=\"1080\" src=\"https:\/\/carboliq.com\/app\/uploads\/2025\/07\/iStock-166762548-1620x1080.avif\" alt=\"\" class=\"wp-image-1775 not-transparent\" srcset=\"https:\/\/carboliq.com\/app\/uploads\/2025\/07\/iStock-166762548-1620x1080.avif 1620w, https:\/\/carboliq.com\/app\/uploads\/2025\/07\/iStock-166762548-768x512.avif 768w, https:\/\/carboliq.com\/app\/uploads\/2025\/07\/iStock-166762548-1536x1024.avif 1536w, https:\/\/carboliq.com\/app\/uploads\/2025\/07\/iStock-166762548-2048x1365.avif 2048w\" sizes=\"auto, (max-width: 1620px) 100vw, 1620px\" \/><\/figure>\n<\/div>\n<\/div>\n<\/div><\/div>\n\n\n\n<section class=\"section  is-style-nbm\"><div class=\"section__inner\">\n<p class=\"is-style-default\">Die carboliq-Technologie leistet hierzu einen wichtigen Beitrag: Sie wandelt Altplastik in nutzbare Rohstoffe um und vermeidet so eine umweltsch\u00e4dliche Verbrennung. Werden diese Rohstoffe zur Herstellung neuer Kunststoffe eingesetzt, kann au\u00dferdem auf die energieintensive Gewinnung fossiler Ressourcen verzichtet werden.<br>Die Verfl\u00fcssigung einer Tonne Altplastik spart auf diese Weise bis zu f\u00fcnf Tonnen CO\u2082 ein.<\/p>\n\n\n\n<p>Die Handhabung von Kunststoffabf\u00e4llen ist weltweit ein Problem. Erst seit wenigen Jahren befassen sich Hersteller verst\u00e4rkt damit, was mit ihren Produkten am Ende des Lebenszyklus geschieht. Daf\u00fcr bedarf es des Designs for Recycling sowie einer effizienten Sammlung und geeigneter Recyclingverfahren.<\/p>\n\n\n\n<p>Das carboliq-Verfahren eignet sich besonders f\u00fcr gemischte und verunreinigte Kunststoffabf\u00e4lle. Es ist f\u00fcr die Verarbeitung von Altkunststoffen pr\u00e4destiniert und verschafft diesen einen Wert. Mittelfristig sollten dadurch die Eintr\u00e4ge von Kunststoffabf\u00e4llen in die Natur sinken.<\/p>\n\n\n\n<div style=\"height:100px\" aria-hidden=\"true\" class=\"wp-block-spacer is-style-xsmall\"><\/div>\n<\/div><\/section>\n\n\n\n<section class=\"alignwide section  has-white-background-color has-background\"><div class=\"section__inner\">\n<div class=\"wp-block-verdure-teaser-special teaser-special is-vertically-aligned-center\">\n<figure class=\"wp-block-image size-full\"><img data-dominant-color=\"7d835d\" data-has-transparency=\"false\" style=\"--dominant-color: #7d835d;\" loading=\"lazy\" decoding=\"async\" width=\"910\" height=\"1080\" src=\"https:\/\/carboliq.com\/app\/uploads\/2025\/07\/iStock-1567731426_crop-910x1080.avif\" alt=\"\" class=\"wp-image-1789 not-transparent\" srcset=\"https:\/\/carboliq.com\/app\/uploads\/2025\/07\/iStock-1567731426_crop-910x1080.avif 910w, https:\/\/carboliq.com\/app\/uploads\/2025\/07\/iStock-1567731426_crop-768x911.avif 768w, https:\/\/carboliq.com\/app\/uploads\/2025\/07\/iStock-1567731426_crop-1294x1536.avif 1294w, https:\/\/carboliq.com\/app\/uploads\/2025\/07\/iStock-1567731426_crop-1726x2048.avif 1726w\" sizes=\"auto, (max-width: 910px) 100vw, 910px\" \/><\/figure>\n\n\n\n<div class=\"wp-block-group alignfull teaser-special__content is-layout-flow wp-block-group-is-layout-flow\">\n<h2 class=\"wp-block-heading has-h-4-font-size\">Mechanisches Recycling \u2013 der direkte Weg zur Kreislauff\u00fchrung<\/h2>\n\n\n\n<p class=\"teaser-special__desc\">Beim mechanischen Kunststoff-Recycling werden Kunststoffe durch rein physikalische Prozesse wie Sortieren, Waschen, Dichtetrennung, Schmelzen und Filtern zu recyceltem Kunststoff verarbeitet. Allerdings hat diese Methode Einschr\u00e4nkungen:<\/p>\n\n\n\n<ul class=\"wp-block-list\">\n<li>Die Qualit\u00e4t der Rezyklate nimmt oft ab, weil sich beim erneuten Einschmelzen die Materialeigenschaften ver\u00e4ndern. Dadurch erfolgt die Wiederverwendung dieser Reyzklate in der Regel in geringwertigeren Anwendungen.<\/li>\n\n\n\n<li>Additive und Alt-Bestandteile bleiben erhalten, was die Wiederverwendung in hochwertigen Anwendungen erschwert.<\/li>\n\n\n\n<li>Gesundheitsbedenken spielen eine zunehmende Rolle, da einige Bestandteile in Rezyklaten als potenziell sch\u00e4dlich gelten.<\/li>\n<\/ul>\n\n\n\n<p>Aus diesen Gr\u00fcnden k\u00f6nnen mechanisch recycelte Kunststoffe meist nur in minderwertigen Anwendungen genutzt werden. Eine nachhaltige Kreislaufwirtschaft ben\u00f6tigt daher zus\u00e4tzliche innovative Recyclingl\u00f6sungen.<\/p>\n<\/div>\n<\/div>\n<\/div><\/section>\n\n\n\n<section class=\"alignwide section  is-style-nbm\"><div class=\"section__inner\">\n<div style=\"height:24px\" aria-hidden=\"true\" class=\"wp-block-spacer is-style-small\"><\/div>\n\n\n\n<div class=\"wp-block-media-text is-stacked-on-mobile\"><figure class=\"wp-block-media-text__media\"><img data-dominant-color=\"7d764e\" data-has-transparency=\"false\" style=\"--dominant-color: #7d764e;\" loading=\"lazy\" decoding=\"async\" width=\"768\" height=\"432\" src=\"https:\/\/carboliq.com\/app\/uploads\/2025\/05\/Umweltschutz2-768x432.avif\" alt=\"\" class=\"wp-image-1253 size-full not-transparent\" srcset=\"https:\/\/carboliq.com\/app\/uploads\/2025\/05\/Umweltschutz2-768x432.avif 768w, https:\/\/carboliq.com\/app\/uploads\/2025\/05\/Umweltschutz2-402x226.avif 402w\" sizes=\"auto, (max-width: 768px) 100vw, 768px\" \/><\/figure><div class=\"wp-block-media-text__content\">\n<h4 class=\"wp-block-heading has-h-4-font-size\">Chemisches Recycling &#8211; der indirekte Weg zur Kreislaufwirtschaft<\/h4>\n\n\n\n<p>Bisher werden verschmutzte oder gemischte Kunststoffabf\u00e4lle \u00fcberwiegend verbrannt. Doch das <a data-type=\"page\" data-id=\"713\" href=\"https:\/\/carboliq.com\/de\/carboliq-verfahren\/\">carboliq-Verfahren<\/a> bietet eine echte Alternative: <br>Es erm\u00f6glicht eine reine stoffliche Verwertung, bei dem aus Kunststoffabf\u00e4llen fl\u00fcssige Erd\u00f6l-Ersatzpordukte, sowie direkt verwertbare <a href=\"https:\/\/carboliq.com\/de\/produkte\/\">Koppelprodukte<\/a> (Monomore) entstehen.<\/p>\n\n\n\n<p>Diese lassen sich direkt in der chemischen Industrie weiterverarbeiten, um neue, hochwertige recycelte Kunststoffe (Polymere) herzustellen.<\/p>\n\n\n\n<div style=\"height:100px\" aria-hidden=\"true\" class=\"wp-block-spacer is-style-xsmall\"><\/div>\n\n\n\n<div class=\"wp-block-buttons is-layout-flex wp-block-buttons-is-layout-flex\">\n<div class=\"wp-block-button\"><a class=\"wp-block-button__link wp-element-button\" href=\"https:\/\/carboliq.com\/de\/kontakt\/\">Mehr erfahren<\/a><\/div>\n<\/div>\n<\/div><\/div>\n\n\n\n<div style=\"height:100px\" aria-hidden=\"true\" class=\"wp-block-spacer is-style-medium\"><\/div>\n\n\n\n<div class=\"wp-block-columns is-layout-flex wp-container-core-columns-is-layout-28f84493 wp-block-columns-is-layout-flex\">\n<div class=\"wp-block-column is-layout-flow wp-block-column-is-layout-flow\" style=\"flex-basis:66.66%\">\n<p>Die von carboliq entwickelte Technologie der Direktverfl\u00fcssigung bietet eine neuartige L\u00f6sung f\u00fcr die Kreislaufwirtschaft und ist eine erwiesenerma\u00dfen weniger klimasch\u00e4dliche Alternative zur thermischen Verwertung (Verbrennung) von Kunststoffabf\u00e4llen. Im Vergleich zu klassischen thermo-chemischen Verfahren wie der Pyrolyse ist die Bandbreite der m\u00f6glichen Einsatzstoffe gr\u00f6\u00dfer und die Ausbeute an Fl\u00fcssigprodukt h\u00f6her.<\/p>\n<\/div>\n<\/div>\n<\/div><\/section>\n\n\n\n<section class=\"alignwide section \"><div class=\"section__inner\">\n<div style=\"height:100px\" aria-hidden=\"true\" class=\"wp-block-spacer is-style-small\"><\/div>\n\n\n\n<div class=\"wp-block-media-text is-stacked-on-mobile\"><figure class=\"wp-block-media-text__media\"><img loading=\"lazy\" decoding=\"async\" width=\"768\" height=\"432\" src=\"https:\/\/carboliq.com\/app\/uploads\/2025\/04\/Loesungen_know-how-768x432.avif\" alt=\"\" class=\"wp-image-1098 size-full\" srcset=\"https:\/\/carboliq.com\/app\/uploads\/2025\/04\/Loesungen_know-how-768x432.avif 768w, https:\/\/carboliq.com\/app\/uploads\/2025\/04\/Loesungen_know-how-402x226.avif 402w\" sizes=\"auto, (max-width: 768px) 100vw, 768px\" \/><\/figure><div class=\"wp-block-media-text__content\">\n<h3 class=\"wp-block-heading has-h-4-font-size\">Rohstoffe zur\u00fcckgewinnen: <br>Chemisches Recycling als Schl\u00fcssel<\/h3>\n\n\n\n<p>Beim chemischen Recycling \u2013 auch als mittelbares oder indirektes Recycling bezeichnet \u2013 werden Kunststoffabf\u00e4lle in ihre chemischen Grundbausteine zerlegt. <br>Daf\u00fcr gibt es verschiedene Verfahren, die oft auf bestimmte Kunststoffarten abgestimmt sind. Die zur\u00fcckgewonnenen Ausgangsstoffe lassen sich wieder zur Herstellung hochwertiger Kunststoffe in Neuware-Qualit\u00e4t nutzen.<\/p>\n\n\n\n<div style=\"height:100px\" aria-hidden=\"true\" class=\"wp-block-spacer is-style-xsmall\"><\/div>\n<\/div><\/div>\n\n\n\n<div style=\"height:100px\" aria-hidden=\"true\" class=\"wp-block-spacer is-style-medium\"><\/div>\n\n\n\n<div class=\"wp-block-columns is-layout-flex wp-container-core-columns-is-layout-28f84493 wp-block-columns-is-layout-flex\">\n<div class=\"wp-block-column is-layout-flow wp-block-column-is-layout-flow\" style=\"flex-basis:66.66%\">\n<p>Im Gegensatz zum mechanischen Recycling, bei dem Materialalterung und Vermischung die Qualit\u00e4t beeintr\u00e4chtigen k\u00f6nnen, bleibt der urspr\u00fcngliche Nutzwert beim chemischen Recycling erhalten oder wird sogar verbessert. <br>Das ist besonders in kontaktsensitiven Bereichen wichtig wie bei Lebensmittel- und Pharma-Verpackungen, bei denen strenge Vorschriften gelten. Hier bietet das carboliq-Verfahren eine entscheidende L\u00f6sung, um vorgeschriebene Rezyklateinsatzquoten einzuhalten \u2013 ohne Abstriche bei Qualit\u00e4t und Sicherheit.<\/p>\n<\/div>\n<\/div>\n<\/div><\/section>\n\n\n\n<section class=\"alignwide section  is-style-default\"><div class=\"section__inner\">\n<div class=\"wp-block-media-text is-stacked-on-mobile\"><figure class=\"wp-block-media-text__media\"><img data-dominant-color=\"e4eadd\" data-has-transparency=\"false\" style=\"--dominant-color: #e4eadd;\" loading=\"lazy\" decoding=\"async\" width=\"1910\" height=\"1072\" src=\"https:\/\/carboliq.com\/app\/uploads\/2025\/07\/Emissions-2.avif\" alt=\"\" class=\"wp-image-1738 size-full not-transparent\" srcset=\"https:\/\/carboliq.com\/app\/uploads\/2025\/07\/Emissions-2.avif 1910w, https:\/\/carboliq.com\/app\/uploads\/2025\/07\/Emissions-2-402x226.avif 402w, https:\/\/carboliq.com\/app\/uploads\/2025\/07\/Emissions-2-768x432.avif 768w, https:\/\/carboliq.com\/app\/uploads\/2025\/07\/Emissions-2-1536x862.avif 1536w\" sizes=\"auto, (max-width: 1910px) 100vw, 1910px\" \/><\/figure><div class=\"wp-block-media-text__content\">\n<h2 class=\"wp-block-heading\">Vorteile einer <br>carboliq-Anlage<\/h2>\n\n\n\n<p class=\"is-style-default\">Mit einer carboliq-Anlage mit einer Verarbeitungskapazit\u00e4t von bis zu 16.000 t\/a Kunststoffabf\u00e4llen und einer Produktion von mindestens 10.000 t\/a fl\u00fcssigem Sekund\u00e4rrohstoff werden j\u00e4hrlich CO\u2082-Emissionen in einer Gr\u00f6\u00dfenordnung von 30.000 bis zu 50.000 t eingespart. Die Einsparung resultiert aus der Vermeidung der thermischen Verwertung des Kunststoffm\u00fclls sowie der Substitution von fossil basiertem Naphtha durch das erzeugte Konversionsprodukt (CLR). Damit leistet carboliq einen signifikanten Beitrag zur Erreichung von CO\u2082-Reduktionszielen.<\/p>\n<\/div><\/div>\n<\/div><\/section>\n","protected":false},"excerpt":{"rendered":"<p>Anstatt Kunststoffabf\u00e4lle zu verbrennen oder teuer zu entsorgen, k\u00f6nnen sie  mit carboliq  in wertvolle Rohstoffe umgewandelt werden und erm\u00f6glicht eine effiziente M\u00fcllvermeidung.<\/p>\n","protected":false},"author":1,"featured_media":604,"parent":0,"menu_order":0,"comment_status":"closed","ping_status":"closed","template":"","meta":{"footnotes":""},"page_category":[],"class_list":["post-247","page","type-page","status-publish","has-post-thumbnail","hentry"],"yoast_head":"<!-- This site is optimized with the Yoast SEO Premium plugin v26.5 (Yoast SEO v26.5) - https:\/\/yoast.com\/wordpress\/plugins\/seo\/ -->\n<title>Nachhaltigkeit - Carboliq GmbH<\/title>\n<meta name=\"robots\" content=\"index, follow, max-snippet:-1, max-image-preview:large, max-video-preview:-1\" \/>\n<link rel=\"canonical\" href=\"https:\/\/carboliq.com\/de\/nachhaltigkeit\/\" \/>\n<meta property=\"og:locale\" content=\"de_DE\" \/>\n<meta property=\"og:type\" content=\"article\" \/>\n<meta property=\"og:title\" content=\"Nachhaltigkeit\" \/>\n<meta property=\"og:description\" content=\"Anstatt Kunststoffabf\u00e4lle zu verbrennen oder teuer zu entsorgen, k\u00f6nnen sie mit carboliq in wertvolle Rohstoffe umgewandelt werden und erm\u00f6glicht eine effiziente M\u00fcllvermeidung.\" \/>\n<meta property=\"og:url\" content=\"https:\/\/carboliq.com\/de\/nachhaltigkeit\/\" \/>\n<meta property=\"og:site_name\" content=\"Carboliq GmbH\" \/>\n<meta property=\"article:modified_time\" content=\"2025-08-14T12:13:51+00:00\" \/>\n<meta property=\"og:image\" content=\"https:\/\/carboliq.com\/app\/uploads\/2025\/04\/Entwurf0.avif\" \/>\n\t<meta property=\"og:image:width\" content=\"1637\" \/>\n\t<meta property=\"og:image:height\" content=\"1022\" \/>\n\t<meta property=\"og:image:type\" content=\"image\/jpeg\" \/>\n<meta name=\"twitter:card\" content=\"summary_large_image\" \/>\n<meta name=\"twitter:label1\" content=\"Gesch\u00e4tzte Lesezeit\" \/>\n\t<meta name=\"twitter:data1\" content=\"5\u00a0Minuten\" \/>\n<script type=\"application\/ld+json\" class=\"yoast-schema-graph\">{\"@context\":\"https:\/\/schema.org\",\"@graph\":[{\"@type\":\"WebPage\",\"@id\":\"https:\/\/carboliq.com\/de\/nachhaltigkeit\/\",\"url\":\"https:\/\/carboliq.com\/de\/nachhaltigkeit\/\",\"name\":\"Nachhaltigkeit - Carboliq GmbH\",\"isPartOf\":{\"@id\":\"https:\/\/carboliq.com\/de\/#website\"},\"primaryImageOfPage\":{\"@id\":\"https:\/\/carboliq.com\/de\/nachhaltigkeit\/#primaryimage\"},\"image\":{\"@id\":\"https:\/\/carboliq.com\/de\/nachhaltigkeit\/#primaryimage\"},\"thumbnailUrl\":\"https:\/\/carboliq.com\/app\/uploads\/2025\/04\/Entwurf0.avif\",\"datePublished\":\"2025-03-12T15:26:55+00:00\",\"dateModified\":\"2025-08-14T12:13:51+00:00\",\"breadcrumb\":{\"@id\":\"https:\/\/carboliq.com\/de\/nachhaltigkeit\/#breadcrumb\"},\"inLanguage\":\"de\",\"potentialAction\":[{\"@type\":\"ReadAction\",\"target\":[\"https:\/\/carboliq.com\/de\/nachhaltigkeit\/\"]}]},{\"@type\":\"ImageObject\",\"inLanguage\":\"de\",\"@id\":\"https:\/\/carboliq.com\/de\/nachhaltigkeit\/#primaryimage\",\"url\":\"https:\/\/carboliq.com\/app\/uploads\/2025\/04\/Entwurf0.avif\",\"contentUrl\":\"https:\/\/carboliq.com\/app\/uploads\/2025\/04\/Entwurf0.avif\",\"width\":1637,\"height\":1022},{\"@type\":\"BreadcrumbList\",\"@id\":\"https:\/\/carboliq.com\/de\/nachhaltigkeit\/#breadcrumb\",\"itemListElement\":[{\"@type\":\"ListItem\",\"position\":1,\"name\":\"Home\",\"item\":\"https:\/\/carboliq.com\/de\/\"},{\"@type\":\"ListItem\",\"position\":2,\"name\":\"Nachhaltigkeit\"}]},{\"@type\":\"WebSite\",\"@id\":\"https:\/\/carboliq.com\/de\/#website\",\"url\":\"https:\/\/carboliq.com\/de\/\",\"name\":\"carboliq GmbH\",\"description\":\"Innovation aus Freude an Technik\",\"publisher\":{\"@id\":\"https:\/\/carboliq.com\/de\/#organization\"},\"potentialAction\":[{\"@type\":\"SearchAction\",\"target\":{\"@type\":\"EntryPoint\",\"urlTemplate\":\"https:\/\/carboliq.com\/de\/?s={search_term_string}\"},\"query-input\":{\"@type\":\"PropertyValueSpecification\",\"valueRequired\":true,\"valueName\":\"search_term_string\"}}],\"inLanguage\":\"de\"},{\"@type\":\"Organization\",\"@id\":\"https:\/\/carboliq.com\/de\/#organization\",\"name\":\"carboliq GmbH\",\"url\":\"https:\/\/carboliq.com\/de\/\",\"logo\":{\"@type\":\"ImageObject\",\"inLanguage\":\"de\",\"@id\":\"https:\/\/carboliq.com\/de\/#\/schema\/logo\/image\/\",\"url\":\"https:\/\/carboliq.com\/app\/uploads\/2025\/08\/CLIQ_Logo_ohne_Claim-1920x402.webp\",\"contentUrl\":\"https:\/\/carboliq.com\/app\/uploads\/2025\/08\/CLIQ_Logo_ohne_Claim-1920x402.webp\",\"width\":2560,\"height\":536,\"caption\":\"carboliq GmbH\"},\"image\":{\"@id\":\"https:\/\/carboliq.com\/de\/#\/schema\/logo\/image\/\"},\"sameAs\":[\"https:\/\/www.linkedin.com\/company\/carboliq\/posts\/?feedView=all\"]}]}<\/script>\n<!-- \/ Yoast SEO Premium plugin. -->","yoast_head_json":{"title":"Nachhaltigkeit - Carboliq GmbH","robots":{"index":"index","follow":"follow","max-snippet":"max-snippet:-1","max-image-preview":"max-image-preview:large","max-video-preview":"max-video-preview:-1"},"canonical":"https:\/\/carboliq.com\/de\/nachhaltigkeit\/","og_locale":"de_DE","og_type":"article","og_title":"Nachhaltigkeit","og_description":"Anstatt Kunststoffabf\u00e4lle zu verbrennen oder teuer zu entsorgen, k\u00f6nnen sie mit carboliq in wertvolle Rohstoffe umgewandelt werden und erm\u00f6glicht eine effiziente M\u00fcllvermeidung.","og_url":"https:\/\/carboliq.com\/de\/nachhaltigkeit\/","og_site_name":"Carboliq GmbH","article_modified_time":"2025-08-14T12:13:51+00:00","og_image":[{"width":1637,"height":1022,"url":"https:\/\/carboliq.com\/app\/uploads\/2025\/04\/Entwurf0.avif","type":"image\/jpeg"}],"twitter_card":"summary_large_image","twitter_misc":{"Gesch\u00e4tzte Lesezeit":"5\u00a0Minuten"},"schema":{"@context":"https:\/\/schema.org","@graph":[{"@type":"WebPage","@id":"https:\/\/carboliq.com\/de\/nachhaltigkeit\/","url":"https:\/\/carboliq.com\/de\/nachhaltigkeit\/","name":"Nachhaltigkeit - Carboliq GmbH","isPartOf":{"@id":"https:\/\/carboliq.com\/de\/#website"},"primaryImageOfPage":{"@id":"https:\/\/carboliq.com\/de\/nachhaltigkeit\/#primaryimage"},"image":{"@id":"https:\/\/carboliq.com\/de\/nachhaltigkeit\/#primaryimage"},"thumbnailUrl":"https:\/\/carboliq.com\/app\/uploads\/2025\/04\/Entwurf0.avif","datePublished":"2025-03-12T15:26:55+00:00","dateModified":"2025-08-14T12:13:51+00:00","breadcrumb":{"@id":"https:\/\/carboliq.com\/de\/nachhaltigkeit\/#breadcrumb"},"inLanguage":"de","potentialAction":[{"@type":"ReadAction","target":["https:\/\/carboliq.com\/de\/nachhaltigkeit\/"]}]},{"@type":"ImageObject","inLanguage":"de","@id":"https:\/\/carboliq.com\/de\/nachhaltigkeit\/#primaryimage","url":"https:\/\/carboliq.com\/app\/uploads\/2025\/04\/Entwurf0.avif","contentUrl":"https:\/\/carboliq.com\/app\/uploads\/2025\/04\/Entwurf0.avif","width":1637,"height":1022},{"@type":"BreadcrumbList","@id":"https:\/\/carboliq.com\/de\/nachhaltigkeit\/#breadcrumb","itemListElement":[{"@type":"ListItem","position":1,"name":"Home","item":"https:\/\/carboliq.com\/de\/"},{"@type":"ListItem","position":2,"name":"Nachhaltigkeit"}]},{"@type":"WebSite","@id":"https:\/\/carboliq.com\/de\/#website","url":"https:\/\/carboliq.com\/de\/","name":"carboliq GmbH","description":"Innovation aus Freude an Technik","publisher":{"@id":"https:\/\/carboliq.com\/de\/#organization"},"potentialAction":[{"@type":"SearchAction","target":{"@type":"EntryPoint","urlTemplate":"https:\/\/carboliq.com\/de\/?s={search_term_string}"},"query-input":{"@type":"PropertyValueSpecification","valueRequired":true,"valueName":"search_term_string"}}],"inLanguage":"de"},{"@type":"Organization","@id":"https:\/\/carboliq.com\/de\/#organization","name":"carboliq GmbH","url":"https:\/\/carboliq.com\/de\/","logo":{"@type":"ImageObject","inLanguage":"de","@id":"https:\/\/carboliq.com\/de\/#\/schema\/logo\/image\/","url":"https:\/\/carboliq.com\/app\/uploads\/2025\/08\/CLIQ_Logo_ohne_Claim-1920x402.webp","contentUrl":"https:\/\/carboliq.com\/app\/uploads\/2025\/08\/CLIQ_Logo_ohne_Claim-1920x402.webp","width":2560,"height":536,"caption":"carboliq GmbH"},"image":{"@id":"https:\/\/carboliq.com\/de\/#\/schema\/logo\/image\/"},"sameAs":["https:\/\/www.linkedin.com\/company\/carboliq\/posts\/?feedView=all"]}]}},"_links":{"self":[{"href":"https:\/\/carboliq.com\/de\/wp-json\/wp\/v2\/pages\/247","targetHints":{"allow":["GET"]}}],"collection":[{"href":"https:\/\/carboliq.com\/de\/wp-json\/wp\/v2\/pages"}],"about":[{"href":"https:\/\/carboliq.com\/de\/wp-json\/wp\/v2\/types\/page"}],"author":[{"embeddable":true,"href":"https:\/\/carboliq.com\/de\/wp-json\/wp\/v2\/users\/1"}],"replies":[{"embeddable":true,"href":"https:\/\/carboliq.com\/de\/wp-json\/wp\/v2\/comments?post=247"}],"version-history":[{"count":3,"href":"https:\/\/carboliq.com\/de\/wp-json\/wp\/v2\/pages\/247\/revisions"}],"predecessor-version":[{"id":1873,"href":"https:\/\/carboliq.com\/de\/wp-json\/wp\/v2\/pages\/247\/revisions\/1873"}],"wp:featuredmedia":[{"embeddable":true,"href":"https:\/\/carboliq.com\/de\/wp-json\/wp\/v2\/media\/604"}],"wp:attachment":[{"href":"https:\/\/carboliq.com\/de\/wp-json\/wp\/v2\/media?parent=247"}],"wp:term":[{"taxonomy":"page_category","embeddable":true,"href":"https:\/\/carboliq.com\/de\/wp-json\/wp\/v2\/page_category?post=247"}],"curies":[{"name":"wp","href":"https:\/\/api.w.org\/{rel}","templated":true}]}}