{"id":253,"date":"2025-03-12T15:29:56","date_gmt":"2025-03-12T15:29:56","guid":{"rendered":"https:\/\/staging.carboliq.com\/?page_id=253"},"modified":"2025-08-01T15:02:52","modified_gmt":"2025-08-01T15:02:52","slug":"kreislaufwirtschaft","status":"publish","type":"page","link":"https:\/\/carboliq.com\/de\/nachhaltigkeit\/kreislaufwirtschaft\/","title":{"rendered":"Ressourcenschonung"},"content":{"rendered":"\n<div class=\"wp-block-cover alignfull is-light hero has-white-background-color has-background\"><span aria-hidden=\"true\" class=\"wp-block-cover__background has-white-background-color has-background-dim-0 has-background-dim\"><\/span><div class=\"wp-block-cover__inner-container is-layout-flow wp-block-cover-is-layout-flow\">\n<div class=\"wp-block-columns is-layout-flex wp-container-core-columns-is-layout-28f84493 wp-block-columns-is-layout-flex\">\n<div class=\"wp-block-column is-vertically-aligned-center hero__content is-layout-flow wp-block-column-is-layout-flow\">\n<p>Ressourcenschonung<\/p>\n\n\n\n<h1 class=\"wp-block-heading\">Ressourcenschonung ist Zukunftssicherung<\/h1>\n\n\n\n<p class=\"is-style-default\"><strong>Nat\u00fcrliche Ressourcen sind begrenzt: <\/strong>Alle Georessourcen befinden sich in der Erdkruste \u2013 sie sind aber ungleich verteilt, sowohl an der Oberfl\u00e4che als auch im Untergrund. Der Zugang zu diesen Rohstoffen ist nicht \u00fcberall gleich und damit die F\u00f6rderung nicht immer wirtschaftlich.<\/p>\n<\/div>\n\n\n\n<div class=\"wp-block-column is-vertically-aligned-center hero__media is-layout-flow wp-block-column-is-layout-flow\">\n<figure class=\"wp-block-image size-large\"><img data-dominant-color=\"664d43\" data-has-transparency=\"false\" style=\"--dominant-color: #664d43;\" loading=\"lazy\" decoding=\"async\" width=\"768\" height=\"432\" src=\"https:\/\/carboliq.com\/app\/uploads\/2025\/07\/iStock-1432214714-768x432.avif\" alt=\"\" class=\"wp-image-1771 not-transparent\" srcset=\"https:\/\/carboliq.com\/app\/uploads\/2025\/07\/iStock-1432214714-768x432.avif 768w, https:\/\/carboliq.com\/app\/uploads\/2025\/07\/iStock-1432214714-402x226.avif 402w\" sizes=\"auto, (max-width: 768px) 100vw, 768px\" \/><\/figure>\n<\/div>\n<\/div>\n<\/div><\/div>\n\n\n\n<section class=\"section  is-style-default\"><div class=\"section__inner\">\n<div class=\"wp-block-group is-layout-constrained wp-block-group-is-layout-constrained\">\n<h2 class=\"wp-block-heading has-h-3-font-size\">Die besondere Rolle des Kohlenstoffs<\/h2>\n\n\n\n<p>Unsere Energierohstoffe liegen haupts\u00e4chlich in Form von biogenen und fossilen Kohlenstoffverbindungen vor. Diese Verbindungen liefern uns nicht nur W\u00e4rme und elektrische Energie, sondern werden auch f\u00fcr den Antrieb von Maschinen und in der Kunststoffherstellung genutzt. Gleichzeitig ist Kohlenstoff als Teil des Biosph\u00e4renkreislaufs ein wesentlicher Baustein von Leben.<\/p>\n\n\n\n<div style=\"height:100px\" aria-hidden=\"true\" class=\"wp-block-spacer is-style-small\"><\/div>\n\n\n\n<h2 class=\"wp-block-heading has-h-3-font-size\">Zunehmender Ressourcenverbrauch<\/h2>\n\n\n\n<p>Mit der Einf\u00fchrung industrieller Prozesse hat auch die Nutzung von Ressourcen deutlich zugenommen. In Folge einer wachsenden Weltbev\u00f6lkerung und des im Mittel steigenden Wohlstandes werden die planetaren Grenzen \u00fcberschritten. In Bezug auf den Kohlenstoff zeigt sowohl der Einsatz als Energietr\u00e4ger als auch dessen Verwendung in Form von Kunststoffen anhaltend hohe Wachstumsraten.<\/p>\n\n\n\n<div style=\"height:100px\" aria-hidden=\"true\" class=\"wp-block-spacer is-style-small\"><\/div>\n\n\n\n<h3 class=\"wp-block-heading has-h-3-font-size\">Verantwortungsvoller Ressourceneinsatz und Stoffkreisl\u00e4ufe<\/h3>\n\n\n\n<p>Die Zeiten ungebremsten Ressourceneinsatzes sind vorbei. Aus Gr\u00fcnden der Nachhaltigkeit und Wirtschaftlichkeit unterliegt der heutige Ressourcenverbrauch strengen Effizienzkriterien. Gleichzeitig etablieren sich Kreislaufsysteme, in denen Sekund\u00e4rrohstoffe gewonnen werden, die nat\u00fcrliche Geo-Rohstoffe ersetzen k\u00f6nnen.<\/p>\n\n\n\n<div style=\"height:100px\" aria-hidden=\"true\" class=\"wp-block-spacer is-style-small\"><\/div>\n\n\n\n<h2 class=\"wp-block-heading has-h-3-font-size\">Altkunststoffe als Kohlenstoff-Ressource<\/h2>\n\n\n\n<p>Die Herstellung von Polymeren aus fossilem \u00d6l oder Gas ist aufw\u00e4ndig. Werden die daraus hergestellen Kunststoffartikel am Ende ihrer Nutzungsdauer verbrannt, gelangt der Kohlenstoff als CO\u2082 in die Athmosph\u00e4re und tr\u00e4gt zur Klimaerw\u00e4rmung bei. W\u00e4hrend die Herstellung neuer Produkte in diesem linearen Prozess auf die Versorgung mit fossilen Produkten angewiesen ist, k\u00f6nnen geeignete Rezyklate diesen Neubedarf reduzieren und so zur Ressourcenschonung beitragen.<\/p>\n\n\n\n<div style=\"height:100px\" aria-hidden=\"true\" class=\"wp-block-spacer is-style-small\"><\/div>\n\n\n\n<h2 class=\"wp-block-heading has-h-3-font-size\">Das Modell der Kreislaufwirtschaft<\/h2>\n\n\n\n<p>F\u00fcr jede Art von Kunststoffabfall existieren technische Recyclingverfahren. Diese erm\u00f6glichen modellhaft die Darstellung eines geschlossenen Kohlenstoffkreislaufs.<\/p>\n\n\n\n<p>Zwar k\u00f6nnen die in Altkunststoffen enthaltenen Ressourcen nicht vollkommen effizient genutzt werden \u2013 je nach Energieeinsatz und der gew\u00e4hlten Energieform ist Neumaterial weiterhin erforderlich. Es ist jedoch unstrittig, dass jede Form von Recycling unmittelbar der Ressourcenschonung dient.<\/p>\n<\/div>\n<\/div><\/section>\n\n\n\n<section class=\"alignwide section  has-white-background-color has-background\"><div class=\"section__inner\">\n<div class=\"wp-block-verdure-teaser-special teaser-special is-vertically-aligned-center\">\n<figure class=\"wp-block-image size-full teaser-special__media\"><img data-dominant-color=\"9b988c\" data-has-transparency=\"false\" style=\"--dominant-color: #9b988c;\" loading=\"lazy\" decoding=\"async\" width=\"2560\" height=\"1707\" src=\"https:\/\/carboliq.com\/app\/uploads\/2025\/05\/Ressource-3-scaled.avif\" alt=\"\" class=\"wp-image-1243 not-transparent\" srcset=\"https:\/\/carboliq.com\/app\/uploads\/2025\/05\/Ressource-3-scaled.avif 2560w, https:\/\/carboliq.com\/app\/uploads\/2025\/05\/Ressource-3-768x512.avif 768w, https:\/\/carboliq.com\/app\/uploads\/2025\/05\/Ressource-3-1536x1024.avif 1536w, https:\/\/carboliq.com\/app\/uploads\/2025\/05\/Ressource-3-2048x1365.avif 2048w, https:\/\/carboliq.com\/app\/uploads\/2025\/05\/Ressource-3-1620x1080.avif 1620w\" sizes=\"auto, (max-width: 2560px) 100vw, 2560px\" \/><\/figure>\n\n\n\n<div class=\"wp-block-group teaser-special__content is-layout-flow wp-block-group-is-layout-flow\">\n<h4 class=\"wp-block-heading has-h-3-font-size\">Der Beitrag von carboliq zur Ressourcenschonung<\/h4>\n\n\n\n<p class=\"teaser-special__desc\">carboliq hat ein innovatives Verfahren zur Direktverfl\u00fcssigung von Altkunststoffen entwickelt und zur industriellen Reife gebracht. Die aus den verschmutzten und gemischten Kunststoffabf\u00e4llen gewonnene, fl\u00fcssige Kreislaufressource<a data-type=\"page\" data-id=\"789\" href=\"https:\/\/carboliq.com\/de\/produkte\/\"> (Circular Liquid Resource, CLR)<\/a> ist eine nachhaltige Alternative zu fossilen Kohlenwasserstoffen. Sie kann direkt in bestehenden Raffinerie- und Petrochemieanlagen verarbeitet werden und ist vollst\u00e4ndig mit fossilen \u00d6len mischbar und lagerf\u00e4hig.<\/p>\n\n\n\n<p class=\"teaser-special__desc\">Der Beitrag zur Ressourcenschonung ist offenkundig. Da das carboliq-Verfahren erlaubt, bei Einsatz bestimmter Altkunststoffe zus\u00e4tzlich zu dem \u00d6l auch noch Monomere zu gewinnen, ist sein Stellenwert im Hinblick auf die Ressourcenschonung einzigartig.<\/p>\n<\/div>\n<\/div>\n<\/div><\/section>\n","protected":false},"excerpt":{"rendered":"","protected":false},"author":1,"featured_media":1771,"parent":247,"menu_order":0,"comment_status":"closed","ping_status":"closed","template":"","meta":{"footnotes":""},"page_category":[],"class_list":["post-253","page","type-page","status-publish","has-post-thumbnail","hentry"],"yoast_head":"<!-- This site is optimized with the Yoast SEO Premium plugin v26.5 (Yoast SEO v26.5) - https:\/\/yoast.com\/wordpress\/plugins\/seo\/ -->\n<title>Ressourcenschonung - Carboliq GmbH<\/title>\n<meta name=\"robots\" content=\"index, follow, max-snippet:-1, max-image-preview:large, max-video-preview:-1\" \/>\n<link rel=\"canonical\" href=\"https:\/\/carboliq.com\/de\/nachhaltigkeit\/kreislaufwirtschaft\/\" \/>\n<meta property=\"og:locale\" content=\"de_DE\" \/>\n<meta property=\"og:type\" content=\"article\" \/>\n<meta property=\"og:title\" content=\"Ressourcenschonung\" \/>\n<meta property=\"og:url\" content=\"https:\/\/carboliq.com\/de\/nachhaltigkeit\/kreislaufwirtschaft\/\" \/>\n<meta property=\"og:site_name\" content=\"Carboliq GmbH\" \/>\n<meta property=\"article:modified_time\" content=\"2025-08-01T15:02:52+00:00\" \/>\n<meta property=\"og:image\" content=\"https:\/\/carboliq.com\/app\/uploads\/2025\/07\/iStock-1432214714-1763x1080.avif\" \/>\n\t<meta property=\"og:image:width\" content=\"2560\" \/>\n\t<meta property=\"og:image:height\" content=\"1568\" \/>\n\t<meta property=\"og:image:type\" content=\"image\/jpeg\" \/>\n<meta name=\"twitter:card\" content=\"summary_large_image\" \/>\n<meta name=\"twitter:label1\" content=\"Gesch\u00e4tzte Lesezeit\" \/>\n\t<meta name=\"twitter:data1\" content=\"3\u00a0Minuten\" \/>\n<script type=\"application\/ld+json\" class=\"yoast-schema-graph\">{\"@context\":\"https:\/\/schema.org\",\"@graph\":[{\"@type\":\"WebPage\",\"@id\":\"https:\/\/carboliq.com\/de\/nachhaltigkeit\/kreislaufwirtschaft\/\",\"url\":\"https:\/\/carboliq.com\/de\/nachhaltigkeit\/kreislaufwirtschaft\/\",\"name\":\"Ressourcenschonung - Carboliq GmbH\",\"isPartOf\":{\"@id\":\"https:\/\/carboliq.com\/de\/#website\"},\"primaryImageOfPage\":{\"@id\":\"https:\/\/carboliq.com\/de\/nachhaltigkeit\/kreislaufwirtschaft\/#primaryimage\"},\"image\":{\"@id\":\"https:\/\/carboliq.com\/de\/nachhaltigkeit\/kreislaufwirtschaft\/#primaryimage\"},\"thumbnailUrl\":\"https:\/\/carboliq.com\/app\/uploads\/2025\/07\/iStock-1432214714-1763x1080.avif\",\"datePublished\":\"2025-03-12T15:29:56+00:00\",\"dateModified\":\"2025-08-01T15:02:52+00:00\",\"breadcrumb\":{\"@id\":\"https:\/\/carboliq.com\/de\/nachhaltigkeit\/kreislaufwirtschaft\/#breadcrumb\"},\"inLanguage\":\"de\",\"potentialAction\":[{\"@type\":\"ReadAction\",\"target\":[\"https:\/\/carboliq.com\/de\/nachhaltigkeit\/kreislaufwirtschaft\/\"]}]},{\"@type\":\"ImageObject\",\"inLanguage\":\"de\",\"@id\":\"https:\/\/carboliq.com\/de\/nachhaltigkeit\/kreislaufwirtschaft\/#primaryimage\",\"url\":\"https:\/\/carboliq.com\/app\/uploads\/2025\/07\/iStock-1432214714-1763x1080.avif\",\"contentUrl\":\"https:\/\/carboliq.com\/app\/uploads\/2025\/07\/iStock-1432214714-1763x1080.avif\",\"width\":2560,\"height\":1568,\"caption\":\"Save our planet campaign. Group of multicultural climate activists sitting with posters outside a building. Youth demonstrators protesting against global warming and climate change.\"},{\"@type\":\"BreadcrumbList\",\"@id\":\"https:\/\/carboliq.com\/de\/nachhaltigkeit\/kreislaufwirtschaft\/#breadcrumb\",\"itemListElement\":[{\"@type\":\"ListItem\",\"position\":1,\"name\":\"Home\",\"item\":\"https:\/\/carboliq.com\/de\/\"},{\"@type\":\"ListItem\",\"position\":2,\"name\":\"Nachhaltigkeit\",\"item\":\"https:\/\/carboliq.com\/de\/nachhaltigkeit\/\"},{\"@type\":\"ListItem\",\"position\":3,\"name\":\"Ressourcenschonung\"}]},{\"@type\":\"WebSite\",\"@id\":\"https:\/\/carboliq.com\/de\/#website\",\"url\":\"https:\/\/carboliq.com\/de\/\",\"name\":\"carboliq GmbH\",\"description\":\"Innovation aus Freude an Technik\",\"publisher\":{\"@id\":\"https:\/\/carboliq.com\/de\/#organization\"},\"potentialAction\":[{\"@type\":\"SearchAction\",\"target\":{\"@type\":\"EntryPoint\",\"urlTemplate\":\"https:\/\/carboliq.com\/de\/?s={search_term_string}\"},\"query-input\":{\"@type\":\"PropertyValueSpecification\",\"valueRequired\":true,\"valueName\":\"search_term_string\"}}],\"inLanguage\":\"de\"},{\"@type\":\"Organization\",\"@id\":\"https:\/\/carboliq.com\/de\/#organization\",\"name\":\"carboliq GmbH\",\"url\":\"https:\/\/carboliq.com\/de\/\",\"logo\":{\"@type\":\"ImageObject\",\"inLanguage\":\"de\",\"@id\":\"https:\/\/carboliq.com\/de\/#\/schema\/logo\/image\/\",\"url\":\"https:\/\/carboliq.com\/app\/uploads\/2025\/08\/CLIQ_Logo_ohne_Claim-1920x402.webp\",\"contentUrl\":\"https:\/\/carboliq.com\/app\/uploads\/2025\/08\/CLIQ_Logo_ohne_Claim-1920x402.webp\",\"width\":2560,\"height\":536,\"caption\":\"carboliq GmbH\"},\"image\":{\"@id\":\"https:\/\/carboliq.com\/de\/#\/schema\/logo\/image\/\"},\"sameAs\":[\"https:\/\/www.linkedin.com\/company\/carboliq\/posts\/?feedView=all\"]}]}<\/script>\n<!-- \/ Yoast SEO Premium plugin. -->","yoast_head_json":{"title":"Ressourcenschonung - Carboliq GmbH","robots":{"index":"index","follow":"follow","max-snippet":"max-snippet:-1","max-image-preview":"max-image-preview:large","max-video-preview":"max-video-preview:-1"},"canonical":"https:\/\/carboliq.com\/de\/nachhaltigkeit\/kreislaufwirtschaft\/","og_locale":"de_DE","og_type":"article","og_title":"Ressourcenschonung","og_url":"https:\/\/carboliq.com\/de\/nachhaltigkeit\/kreislaufwirtschaft\/","og_site_name":"Carboliq GmbH","article_modified_time":"2025-08-01T15:02:52+00:00","og_image":[{"width":2560,"height":1568,"url":"https:\/\/carboliq.com\/app\/uploads\/2025\/07\/iStock-1432214714-1763x1080.avif","type":"image\/jpeg"}],"twitter_card":"summary_large_image","twitter_misc":{"Gesch\u00e4tzte Lesezeit":"3\u00a0Minuten"},"schema":{"@context":"https:\/\/schema.org","@graph":[{"@type":"WebPage","@id":"https:\/\/carboliq.com\/de\/nachhaltigkeit\/kreislaufwirtschaft\/","url":"https:\/\/carboliq.com\/de\/nachhaltigkeit\/kreislaufwirtschaft\/","name":"Ressourcenschonung - Carboliq GmbH","isPartOf":{"@id":"https:\/\/carboliq.com\/de\/#website"},"primaryImageOfPage":{"@id":"https:\/\/carboliq.com\/de\/nachhaltigkeit\/kreislaufwirtschaft\/#primaryimage"},"image":{"@id":"https:\/\/carboliq.com\/de\/nachhaltigkeit\/kreislaufwirtschaft\/#primaryimage"},"thumbnailUrl":"https:\/\/carboliq.com\/app\/uploads\/2025\/07\/iStock-1432214714-1763x1080.avif","datePublished":"2025-03-12T15:29:56+00:00","dateModified":"2025-08-01T15:02:52+00:00","breadcrumb":{"@id":"https:\/\/carboliq.com\/de\/nachhaltigkeit\/kreislaufwirtschaft\/#breadcrumb"},"inLanguage":"de","potentialAction":[{"@type":"ReadAction","target":["https:\/\/carboliq.com\/de\/nachhaltigkeit\/kreislaufwirtschaft\/"]}]},{"@type":"ImageObject","inLanguage":"de","@id":"https:\/\/carboliq.com\/de\/nachhaltigkeit\/kreislaufwirtschaft\/#primaryimage","url":"https:\/\/carboliq.com\/app\/uploads\/2025\/07\/iStock-1432214714-1763x1080.avif","contentUrl":"https:\/\/carboliq.com\/app\/uploads\/2025\/07\/iStock-1432214714-1763x1080.avif","width":2560,"height":1568,"caption":"Save our planet campaign. Group of multicultural climate activists sitting with posters outside a building. Youth demonstrators protesting against global warming and climate change."},{"@type":"BreadcrumbList","@id":"https:\/\/carboliq.com\/de\/nachhaltigkeit\/kreislaufwirtschaft\/#breadcrumb","itemListElement":[{"@type":"ListItem","position":1,"name":"Home","item":"https:\/\/carboliq.com\/de\/"},{"@type":"ListItem","position":2,"name":"Nachhaltigkeit","item":"https:\/\/carboliq.com\/de\/nachhaltigkeit\/"},{"@type":"ListItem","position":3,"name":"Ressourcenschonung"}]},{"@type":"WebSite","@id":"https:\/\/carboliq.com\/de\/#website","url":"https:\/\/carboliq.com\/de\/","name":"carboliq GmbH","description":"Innovation aus Freude an Technik","publisher":{"@id":"https:\/\/carboliq.com\/de\/#organization"},"potentialAction":[{"@type":"SearchAction","target":{"@type":"EntryPoint","urlTemplate":"https:\/\/carboliq.com\/de\/?s={search_term_string}"},"query-input":{"@type":"PropertyValueSpecification","valueRequired":true,"valueName":"search_term_string"}}],"inLanguage":"de"},{"@type":"Organization","@id":"https:\/\/carboliq.com\/de\/#organization","name":"carboliq GmbH","url":"https:\/\/carboliq.com\/de\/","logo":{"@type":"ImageObject","inLanguage":"de","@id":"https:\/\/carboliq.com\/de\/#\/schema\/logo\/image\/","url":"https:\/\/carboliq.com\/app\/uploads\/2025\/08\/CLIQ_Logo_ohne_Claim-1920x402.webp","contentUrl":"https:\/\/carboliq.com\/app\/uploads\/2025\/08\/CLIQ_Logo_ohne_Claim-1920x402.webp","width":2560,"height":536,"caption":"carboliq GmbH"},"image":{"@id":"https:\/\/carboliq.com\/de\/#\/schema\/logo\/image\/"},"sameAs":["https:\/\/www.linkedin.com\/company\/carboliq\/posts\/?feedView=all"]}]}},"_links":{"self":[{"href":"https:\/\/carboliq.com\/de\/wp-json\/wp\/v2\/pages\/253","targetHints":{"allow":["GET"]}}],"collection":[{"href":"https:\/\/carboliq.com\/de\/wp-json\/wp\/v2\/pages"}],"about":[{"href":"https:\/\/carboliq.com\/de\/wp-json\/wp\/v2\/types\/page"}],"author":[{"embeddable":true,"href":"https:\/\/carboliq.com\/de\/wp-json\/wp\/v2\/users\/1"}],"replies":[{"embeddable":true,"href":"https:\/\/carboliq.com\/de\/wp-json\/wp\/v2\/comments?post=253"}],"version-history":[{"count":3,"href":"https:\/\/carboliq.com\/de\/wp-json\/wp\/v2\/pages\/253\/revisions"}],"predecessor-version":[{"id":1831,"href":"https:\/\/carboliq.com\/de\/wp-json\/wp\/v2\/pages\/253\/revisions\/1831"}],"up":[{"embeddable":true,"href":"https:\/\/carboliq.com\/de\/wp-json\/wp\/v2\/pages\/247"}],"wp:featuredmedia":[{"embeddable":true,"href":"https:\/\/carboliq.com\/de\/wp-json\/wp\/v2\/media\/1771"}],"wp:attachment":[{"href":"https:\/\/carboliq.com\/de\/wp-json\/wp\/v2\/media?parent=253"}],"wp:term":[{"taxonomy":"page_category","embeddable":true,"href":"https:\/\/carboliq.com\/de\/wp-json\/wp\/v2\/page_category?post=253"}],"curies":[{"name":"wp","href":"https:\/\/api.w.org\/{rel}","templated":true}]}}