{"id":29,"date":"2025-03-04T19:17:12","date_gmt":"2025-03-04T19:17:12","guid":{"rendered":"https:\/\/staging.carboliq.com\/?page_id=29"},"modified":"2026-03-17T08:14:39","modified_gmt":"2026-03-17T08:14:39","slug":"impressum","status":"publish","type":"page","link":"https:\/\/carboliq.com\/de\/impressum\/","title":{"rendered":"Impressum"},"content":{"rendered":"\n<div class=\"wp-block-cover alignfull is-light hero has-white-background-color has-background\" style=\"min-height:188px;aspect-ratio:unset;\"><span aria-hidden=\"true\" class=\"wp-block-cover__background has-white-background-color has-background-dim-0 has-background-dim\"><\/span><div class=\"wp-block-cover__inner-container is-layout-flow wp-block-cover-is-layout-flow\">\n<div class=\"wp-block-columns is-layout-flex wp-container-core-columns-is-layout-28f84493 wp-block-columns-is-layout-flex\">\n<div class=\"wp-block-column is-vertically-aligned-center hero__content is-layout-flow wp-block-column-is-layout-flow\">\n<h1 class=\"wp-block-heading\" id=\"h-impressum\">Impressum<\/h1>\n<\/div>\n<\/div>\n<\/div><\/div>\n\n\n\n<section class=\"section  has-anthrazit-8-background-color has-background\"><div class=\"section__inner\">\n<p><\/p>\n\n\n\n<h2 class=\"wp-block-heading has-h-3-font-size\" id=\"h-inhaltlich-verantwortlicher-gemass-5-telemediengesetz-tmg\">Inhaltlich Verantwortlicher gem\u00e4\u00df \u00a7 5 Telemediengesetz (TMG)<\/h2>\n\n\n\n<p><strong>CARBOLIQ&nbsp;GmbH<\/strong><br>Karlstra\u00dfe 8 b<br>D-42897 Remscheid<br>Deutschland<\/p>\n\n\n\n<p>Fon: +49 2191 4227514<br>Fax: +49 2191 4227516<\/p>\n\n\n\n<p>E-Mail:&nbsp;<a href=\"mailto:info@carboliq.com\">info@carboliq.com<\/a><\/p>\n\n\n\n<p>CARBOLIQ GmbH, vertreten durch den Gesch\u00e4ftsf\u00fchrer<br>Christian Haupts (Anschrift wie oben)<\/p>\n\n\n\n<p><strong>Amtsgericht Wuppertal<\/strong>&nbsp;HRB 21283<\/p>\n\n\n\n<p><strong>Umsatzsteuer-ID:<\/strong>&nbsp;DE115382325<\/p>\n\n\n\n<h2 class=\"wp-block-heading\" id=\"h-haftungsausschluss\">Haftungsausschluss<\/h2>\n\n\n\n<h3 class=\"wp-block-heading\" id=\"h-haftung-fur-inhalte\">Haftung f\u00fcr Inhalte<\/h3>\n\n\n\n<p>Als Diensteanbieter sind wir gem\u00e4\u00df \u00a7 7 Abs. 1 TMG f\u00fcr eigene Inhalte auf diesen Seiten nach den allgemeinen Gesetzen verantwortlich. Nach \u00a7\u00a7 8 bis 10 TMG sind wir als Diensteanbieter jedoch nicht verpflichtet, \u00fcbermittelte oder gespeicherte fremde Informationen zu \u00fcberwachen oder nach Umst\u00e4nden zu forschen, die auf eine rechtswidrige T\u00e4tigkeit hinweisen. Verpflichtungen zur Entfernung oder Sperrung der Nutzung von Informationen nach den allgemeinen Gesetzen bleiben hiervon unber\u00fchrt. Eine diesbez\u00fcgliche Haftung ist jedoch erst ab dem Zeitpunkt der Kenntnis einer konkreten Rechtsverletzung m\u00f6glich. Bei Bekanntwerden von entsprechenden Rechtsverletzungen werden wir diese Inhalte umgehend entfernen.<\/p>\n\n\n\n<h3 class=\"wp-block-heading\" id=\"h-haftung-fur-links\">Haftung f\u00fcr Links<\/h3>\n\n\n\n<p>Unser Angebot enth\u00e4lt Links zu externen Webseiten Dritter, auf deren Inhalte wir keinen Einfluss haben. Deshalb k\u00f6nnen wir f\u00fcr diese fremden Inhalte auch keine Gew\u00e4hr \u00fcbernehmen. F\u00fcr die Inhalte der verlinkten Seiten ist stets der jeweilige Anbieter oder Betreiber der Seiten verantwortlich. Die verlinkten Seiten wurden zum Zeitpunkt der Verlinkung auf m\u00f6gliche Rechtsverst\u00f6\u00dfe \u00fcberpr\u00fcft. Rechtswidrige Inhalte waren zum Zeitpunkt der Verlinkung nicht erkennbar. Eine permanente inhaltliche Kontrolle der verlinkten Seiten ist jedoch ohne konkrete Anhaltspunkte einer Rechtsverletzung nicht zumutbar. Bei Bekanntwerden von Rechtsverletzungen werden wir derartige Links umgehend entfernen.<\/p>\n\n\n\n<h3 class=\"wp-block-heading\" id=\"h-urheberrecht\">Urheberrecht<\/h3>\n\n\n\n<p>Die durch die Seitenbetreiber erstellten Inhalte und Werke auf diesen Seiten unterliegen dem deutschen Urheberrecht. Die Vervielf\u00e4ltigung, Bearbeitung, Verbreitung und jede Art der Verwertung au\u00dferhalb der Grenzen des Urheberrechtes bed\u00fcrfen der schriftlichen Zustimmung des jeweiligen Autors bzw. Erstellers. Downloads und Kopien dieser Seite sind nur f\u00fcr den privaten, nicht kommerziellen Gebrauch gestattet. Soweit die Inhalte auf dieser Seite nicht vom Betreiber erstellt wurden, werden die Urheberrechte Dritter beachtet. Insbesondere werden Inhalte Dritter als solche gekennzeichnet. Sollten Sie trotzdem auf eine Urheberrechtsverletzung aufmerksam werden, bitten wir um einen entsprechenden Hinweis. Bei Bekanntwerden von Rechtsverletzungen werden wir derartige Inhalte umgehend entfernen.<\/p>\n\n\n\n<p>Quelle: www.eRecht24.de<\/p>\n<\/div><\/section>\n","protected":false},"excerpt":{"rendered":"","protected":false},"author":1,"featured_media":1973,"parent":0,"menu_order":0,"comment_status":"closed","ping_status":"closed","template":"","meta":{"footnotes":""},"page_category":[],"class_list":["post-29","page","type-page","status-publish","has-post-thumbnail","hentry"],"yoast_head":"<!-- This site is optimized with the Yoast SEO Premium plugin v26.5 (Yoast SEO v26.5) - https:\/\/yoast.com\/wordpress\/plugins\/seo\/ -->\n<title>Impressum - Carboliq GmbH<\/title>\n<meta name=\"robots\" content=\"index, follow, max-snippet:-1, max-image-preview:large, max-video-preview:-1\" \/>\n<link rel=\"canonical\" href=\"https:\/\/carboliq.com\/de\/impressum\/\" \/>\n<meta property=\"og:locale\" content=\"de_DE\" \/>\n<meta property=\"og:type\" content=\"article\" \/>\n<meta property=\"og:title\" content=\"Impressum\" \/>\n<meta property=\"og:url\" content=\"https:\/\/carboliq.com\/de\/impressum\/\" \/>\n<meta property=\"og:site_name\" content=\"Carboliq GmbH\" \/>\n<meta property=\"article:modified_time\" content=\"2026-03-17T08:14:39+00:00\" \/>\n<meta property=\"og:image\" content=\"https:\/\/carboliq.com\/app\/uploads\/2025\/10\/Carboliq_RGB-1729x1080.avif\" \/>\n\t<meta property=\"og:image:width\" content=\"2362\" \/>\n\t<meta property=\"og:image:height\" content=\"1475\" \/>\n\t<meta property=\"og:image:type\" content=\"image\/jpeg\" \/>\n<meta name=\"twitter:card\" content=\"summary_large_image\" \/>\n<meta name=\"twitter:label1\" content=\"Gesch\u00e4tzte Lesezeit\" \/>\n\t<meta name=\"twitter:data1\" content=\"3\u00a0Minuten\" \/>\n<script type=\"application\/ld+json\" class=\"yoast-schema-graph\">{\"@context\":\"https:\/\/schema.org\",\"@graph\":[{\"@type\":\"WebPage\",\"@id\":\"https:\/\/carboliq.com\/de\/impressum\/\",\"url\":\"https:\/\/carboliq.com\/de\/impressum\/\",\"name\":\"Impressum - Carboliq GmbH\",\"isPartOf\":{\"@id\":\"https:\/\/carboliq.com\/de\/#website\"},\"primaryImageOfPage\":{\"@id\":\"https:\/\/carboliq.com\/de\/impressum\/#primaryimage\"},\"image\":{\"@id\":\"https:\/\/carboliq.com\/de\/impressum\/#primaryimage\"},\"thumbnailUrl\":\"https:\/\/carboliq.com\/app\/uploads\/2025\/10\/Carboliq_RGB-1729x1080.avif\",\"datePublished\":\"2025-03-04T19:17:12+00:00\",\"dateModified\":\"2026-03-17T08:14:39+00:00\",\"breadcrumb\":{\"@id\":\"https:\/\/carboliq.com\/de\/impressum\/#breadcrumb\"},\"inLanguage\":\"de\",\"potentialAction\":[{\"@type\":\"ReadAction\",\"target\":[\"https:\/\/carboliq.com\/de\/impressum\/\"]}]},{\"@type\":\"ImageObject\",\"inLanguage\":\"de\",\"@id\":\"https:\/\/carboliq.com\/de\/impressum\/#primaryimage\",\"url\":\"https:\/\/carboliq.com\/app\/uploads\/2025\/10\/Carboliq_RGB-1729x1080.avif\",\"contentUrl\":\"https:\/\/carboliq.com\/app\/uploads\/2025\/10\/Carboliq_RGB-1729x1080.avif\",\"width\":2362,\"height\":1475},{\"@type\":\"BreadcrumbList\",\"@id\":\"https:\/\/carboliq.com\/de\/impressum\/#breadcrumb\",\"itemListElement\":[{\"@type\":\"ListItem\",\"position\":1,\"name\":\"Home\",\"item\":\"https:\/\/carboliq.com\/de\/\"},{\"@type\":\"ListItem\",\"position\":2,\"name\":\"Impressum\"}]},{\"@type\":\"WebSite\",\"@id\":\"https:\/\/carboliq.com\/de\/#website\",\"url\":\"https:\/\/carboliq.com\/de\/\",\"name\":\"carboliq GmbH\",\"description\":\"Innovation aus Freude an Technik\",\"publisher\":{\"@id\":\"https:\/\/carboliq.com\/de\/#organization\"},\"potentialAction\":[{\"@type\":\"SearchAction\",\"target\":{\"@type\":\"EntryPoint\",\"urlTemplate\":\"https:\/\/carboliq.com\/de\/?s={search_term_string}\"},\"query-input\":{\"@type\":\"PropertyValueSpecification\",\"valueRequired\":true,\"valueName\":\"search_term_string\"}}],\"inLanguage\":\"de\"},{\"@type\":\"Organization\",\"@id\":\"https:\/\/carboliq.com\/de\/#organization\",\"name\":\"carboliq GmbH\",\"url\":\"https:\/\/carboliq.com\/de\/\",\"logo\":{\"@type\":\"ImageObject\",\"inLanguage\":\"de\",\"@id\":\"https:\/\/carboliq.com\/de\/#\/schema\/logo\/image\/\",\"url\":\"https:\/\/carboliq.com\/app\/uploads\/2025\/08\/CLIQ_Logo_ohne_Claim-1920x402.webp\",\"contentUrl\":\"https:\/\/carboliq.com\/app\/uploads\/2025\/08\/CLIQ_Logo_ohne_Claim-1920x402.webp\",\"width\":2560,\"height\":536,\"caption\":\"carboliq GmbH\"},\"image\":{\"@id\":\"https:\/\/carboliq.com\/de\/#\/schema\/logo\/image\/\"},\"sameAs\":[\"https:\/\/www.linkedin.com\/company\/carboliq\/posts\/?feedView=all\"]}]}<\/script>\n<!-- \/ Yoast SEO Premium plugin. -->","yoast_head_json":{"title":"Impressum - Carboliq GmbH","robots":{"index":"index","follow":"follow","max-snippet":"max-snippet:-1","max-image-preview":"max-image-preview:large","max-video-preview":"max-video-preview:-1"},"canonical":"https:\/\/carboliq.com\/de\/impressum\/","og_locale":"de_DE","og_type":"article","og_title":"Impressum","og_url":"https:\/\/carboliq.com\/de\/impressum\/","og_site_name":"Carboliq GmbH","article_modified_time":"2026-03-17T08:14:39+00:00","og_image":[{"width":2362,"height":1475,"url":"https:\/\/carboliq.com\/app\/uploads\/2025\/10\/Carboliq_RGB-1729x1080.avif","type":"image\/jpeg"}],"twitter_card":"summary_large_image","twitter_misc":{"Gesch\u00e4tzte Lesezeit":"3\u00a0Minuten"},"schema":{"@context":"https:\/\/schema.org","@graph":[{"@type":"WebPage","@id":"https:\/\/carboliq.com\/de\/impressum\/","url":"https:\/\/carboliq.com\/de\/impressum\/","name":"Impressum - Carboliq GmbH","isPartOf":{"@id":"https:\/\/carboliq.com\/de\/#website"},"primaryImageOfPage":{"@id":"https:\/\/carboliq.com\/de\/impressum\/#primaryimage"},"image":{"@id":"https:\/\/carboliq.com\/de\/impressum\/#primaryimage"},"thumbnailUrl":"https:\/\/carboliq.com\/app\/uploads\/2025\/10\/Carboliq_RGB-1729x1080.avif","datePublished":"2025-03-04T19:17:12+00:00","dateModified":"2026-03-17T08:14:39+00:00","breadcrumb":{"@id":"https:\/\/carboliq.com\/de\/impressum\/#breadcrumb"},"inLanguage":"de","potentialAction":[{"@type":"ReadAction","target":["https:\/\/carboliq.com\/de\/impressum\/"]}]},{"@type":"ImageObject","inLanguage":"de","@id":"https:\/\/carboliq.com\/de\/impressum\/#primaryimage","url":"https:\/\/carboliq.com\/app\/uploads\/2025\/10\/Carboliq_RGB-1729x1080.avif","contentUrl":"https:\/\/carboliq.com\/app\/uploads\/2025\/10\/Carboliq_RGB-1729x1080.avif","width":2362,"height":1475},{"@type":"BreadcrumbList","@id":"https:\/\/carboliq.com\/de\/impressum\/#breadcrumb","itemListElement":[{"@type":"ListItem","position":1,"name":"Home","item":"https:\/\/carboliq.com\/de\/"},{"@type":"ListItem","position":2,"name":"Impressum"}]},{"@type":"WebSite","@id":"https:\/\/carboliq.com\/de\/#website","url":"https:\/\/carboliq.com\/de\/","name":"carboliq GmbH","description":"Innovation aus Freude an Technik","publisher":{"@id":"https:\/\/carboliq.com\/de\/#organization"},"potentialAction":[{"@type":"SearchAction","target":{"@type":"EntryPoint","urlTemplate":"https:\/\/carboliq.com\/de\/?s={search_term_string}"},"query-input":{"@type":"PropertyValueSpecification","valueRequired":true,"valueName":"search_term_string"}}],"inLanguage":"de"},{"@type":"Organization","@id":"https:\/\/carboliq.com\/de\/#organization","name":"carboliq GmbH","url":"https:\/\/carboliq.com\/de\/","logo":{"@type":"ImageObject","inLanguage":"de","@id":"https:\/\/carboliq.com\/de\/#\/schema\/logo\/image\/","url":"https:\/\/carboliq.com\/app\/uploads\/2025\/08\/CLIQ_Logo_ohne_Claim-1920x402.webp","contentUrl":"https:\/\/carboliq.com\/app\/uploads\/2025\/08\/CLIQ_Logo_ohne_Claim-1920x402.webp","width":2560,"height":536,"caption":"carboliq GmbH"},"image":{"@id":"https:\/\/carboliq.com\/de\/#\/schema\/logo\/image\/"},"sameAs":["https:\/\/www.linkedin.com\/company\/carboliq\/posts\/?feedView=all"]}]}},"_links":{"self":[{"href":"https:\/\/carboliq.com\/de\/wp-json\/wp\/v2\/pages\/29","targetHints":{"allow":["GET"]}}],"collection":[{"href":"https:\/\/carboliq.com\/de\/wp-json\/wp\/v2\/pages"}],"about":[{"href":"https:\/\/carboliq.com\/de\/wp-json\/wp\/v2\/types\/page"}],"author":[{"embeddable":true,"href":"https:\/\/carboliq.com\/de\/wp-json\/wp\/v2\/users\/1"}],"replies":[{"embeddable":true,"href":"https:\/\/carboliq.com\/de\/wp-json\/wp\/v2\/comments?post=29"}],"version-history":[{"count":3,"href":"https:\/\/carboliq.com\/de\/wp-json\/wp\/v2\/pages\/29\/revisions"}],"predecessor-version":[{"id":2158,"href":"https:\/\/carboliq.com\/de\/wp-json\/wp\/v2\/pages\/29\/revisions\/2158"}],"wp:featuredmedia":[{"embeddable":true,"href":"https:\/\/carboliq.com\/de\/wp-json\/wp\/v2\/media\/1973"}],"wp:attachment":[{"href":"https:\/\/carboliq.com\/de\/wp-json\/wp\/v2\/media?parent=29"}],"wp:term":[{"taxonomy":"page_category","embeddable":true,"href":"https:\/\/carboliq.com\/de\/wp-json\/wp\/v2\/page_category?post=29"}],"curies":[{"name":"wp","href":"https:\/\/api.w.org\/{rel}","templated":true}]}}