{"id":3,"date":"2025-03-04T07:20:44","date_gmt":"2025-03-04T07:20:44","guid":{"rendered":"https:\/\/staging.carboliq.com\/?page_id=3"},"modified":"2025-10-23T07:51:09","modified_gmt":"2025-10-23T07:51:09","slug":"datenschutz","status":"publish","type":"page","link":"https:\/\/carboliq.com\/de\/datenschutz\/","title":{"rendered":"Datenschutz"},"content":{"rendered":"\n<div class=\"wp-block-cover alignfull is-light hero has-white-background-color has-background\" style=\"min-height:260px;aspect-ratio:unset;\"><span aria-hidden=\"true\" class=\"wp-block-cover__background has-white-background-color has-background-dim-0 has-background-dim\"><\/span><div class=\"wp-block-cover__inner-container is-layout-flow wp-block-cover-is-layout-flow\">\n<div class=\"wp-block-columns is-layout-flex wp-container-core-columns-is-layout-28f84493 wp-block-columns-is-layout-flex\">\n<div class=\"wp-block-column is-vertically-aligned-center hero__content is-layout-flow wp-block-column-is-layout-flow\">\n<h1 class=\"wp-block-heading\">Datenschutz<\/h1>\n<\/div>\n<\/div>\n<\/div><\/div>\n\n\n\n<section class=\"section  is-style-default has-anthrazit-8-background-color has-background\"><div class=\"section__inner\">\n<h2 class=\"wp-block-heading\">Unsere Kontaktdaten<\/h2>\n\n\n\n<p><strong>CARBOLIQ GmbH<\/strong><br>Karlstra\u00dfe 8 b<br>D-42897 Remscheid<br>Deutschland<\/p>\n\n\n\n<p>Fon: +49 2191 4227514<br>Fax: +49 2191 4227516<\/p>\n\n\n\n<p>E-Mail:&nbsp;<a href=\"mailto:info@carboliq.com\">info@carboliq.com<\/a><\/p>\n\n\n\n<h3 class=\"wp-block-heading\">Datenschutzerkl\u00e4rung<\/h3>\n\n\n\n<p>Sie erhalten als Nutzer unserer Internetseite in dieser Datenschutzerkl\u00e4rung alle notwendigen Informationen dar\u00fcber, wie, in welchem Umfang sowie zu welchem Zweck wir oder Drittanbieter Daten von Ihnen erheben und diese verwenden. Die Erhebung und Nutzung Ihrer Daten erfolgt streng nach den Vorgaben des Bundesdatenschutzgesetzes (BDSG) und des Telemediengesetzes (TMG). Wir f\u00fchlen uns der Vertraulichkeit Ihrer personenbezogenen Daten besonders verpflichtet und arbeiten deshalb streng innerhalb der Grenzen, die die gesetzlichen Vorgaben uns setzen. Die Erhebung dieser personenbezogenen Daten erfolgt auf freiwilliger Basis, wenn uns das m\u00f6glich ist. Auch geben wir diese Daten nur mit Ihrer ausdr\u00fccklichen Zustimmung an Dritte weiter. Wir sorgen bei besonders vertraulichen Daten wie im Zahlungsverkehr oder im Hinblick auf Ihre Anfragen an uns durch Einsatz einer SSL-Verschl\u00fcsselung f\u00fcr hohe Sicherheit. Wir m\u00f6chten es aber an dieser Stelle nicht vers\u00e4umen, auf die allgemeinen Gefahren der Internetnutzung hinzuweisen, auf die wir keinen Einfluss haben. Besonders im E-Mail-Verkehr sind Ihre Daten ohne weitere Vorkehrungen nicht sicher und k\u00f6nnen unter Umst\u00e4nden von Dritten erfasst werden.<\/p>\n\n\n\n<h3 class=\"wp-block-heading\">Auskunft, L\u00f6schung, Sperrung<\/h3>\n\n\n\n<p>Sie erhalten jederzeit unentgeltlich Auskunft \u00fcber die von uns gespeicherten personenbezogenen Daten zu Ihrer Person sowie zur Herkunft, dem Empf\u00e4nger und dem Zweck von Datenerhebung sowie Datenverarbeitung. Au\u00dferdem haben Sie das Recht, die Berichtigung, die Sperrung oder L\u00f6schung Ihrer Daten zu verlangen. Ausgenommen davon sind Daten, die aufgrund gesetzlicher Vorschriften aufbewahrt oder zur ordnungsgem\u00e4\u00dfen Gesch\u00e4ftsabwicklung ben\u00f6tigt werden. Damit eine Datensperre jederzeit realisiert werden kann, werden Daten zu Kontrollzwecken in einer Sperrdatei vorgehalten. Werden Daten nicht von einer gesetzlichen Archivierungspflicht erfasst, l\u00f6schen wir Ihre Daten auf Ihren Wunsch. Greift die Archivierungspflicht, sperren wir Ihre Daten. F\u00fcr alle Fragen und Anliegen zur Berichtigung, Sperrung oder L\u00f6schung von personenbezogenen Daten wenden Sie sich bitte an unseren Datenschutzbeauftragten unter den Kontaktdaten in dieser Datenschutzerkl\u00e4rung bzw. an die im Impressum genannte Adresse.<\/p>\n\n\n\n<h3 class=\"wp-block-heading\">Cookies<\/h3>\n\n\n\n<p>Wir verwenden auf unserer Website Cookies. Diese kleinen Textdateien werden von unserem Server aus auf Ihrem PC gespeichert. Sie unterst\u00fctzen die Darstellung unserer Website und helfen Ihnen, sich auf unserer Website zu bewegen.<br>Cookies erfassen Daten zu Ihrer IP-Adresse, zu Ihrem Browser, Ihrem Betriebssystem und Ihrer Internetverbindung. Diese Informationen verbinden wir nicht mit personenbezogenen Daten und geben sie nicht an Dritte weiter. Keinesfalls werden Cookies von uns dazu benutzt, Schad- oder Spionageprogramme auf Ihren Rechner zu bringen.<\/p>\n\n\n\n<p>Sie k\u00f6nnen unsere Website auch ohne den Einsatz von Cookies nutzen, wodurch m\u00f6glicherweise einige Darstellungen und Funktionen unseres Angebots nur eingeschr\u00e4nkt arbeiten. Wenn Sie die Cookies deaktivieren m\u00f6chten, k\u00f6nnen Sie das \u00fcber spezielle Einstellungen Ihres Browsers erreichen. Nutzen Sie bitte dessen Hilfsfunktion, um die entsprechenden \u00c4nderungen vornehmen zu k\u00f6nnen.<\/p>\n\n\n\n<p>Online-Anzeigen-Cookies k\u00f6nnen Sie \u00fcber folgende Links verwalten:<\/p>\n\n\n\n<ul class=\"wp-block-list\">\n<li><a href=\"https:\/\/www.aboutads.info\/choices\" target=\"_blank\" rel=\"noreferrer noopener\">https:\/\/www.aboutads.info\/choices f\u00fcr die USA<\/a><\/li>\n\n\n\n<li><a href=\"https:\/\/www.youronlinechoices.com\/uk\/your-ad-choices\" target=\"_blank\" rel=\"noreferrer noopener\">https:\/\/www.youronlinechoices.com\/uk\/your-ad-choices f\u00fcr Europa<\/a><\/li>\n<\/ul>\n\n\n\n<h3 class=\"wp-block-heading\">Erhebung von Zugriffsdaten<\/h3>\n\n\n\n<p>Die Auslieferung und Darstellung der Inhalte \u00fcber unsere Website erfordert technisch die Erfassung bestimmter Daten. Mit Ihrem Zugriff auf unsere Website werden diese sogenannten Server-Logfiles durch uns oder den Provider des Webspace erfasst. Diese Logfiles erlauben keinen R\u00fcckschluss auf Sie und Ihre Person.<\/p>\n\n\n\n<p>Die entsprechenden Informationen bestehen aus dem Namen der Website , der Datei, dem aktuellen Datum, der Datenmenge, dem Webrowser und seiner Version, dem eingesetzten Betriebssystem, dem Domain-Namen Ihres Internet-Providers, der Referrer-URL als jene Seite, von der Sie auf unsere Seite gewechselt sind, sowie der entsprechenden IP-Adresse.<\/p>\n\n\n\n<p>Wir nutzen diese Daten zur Darstellung und Auslieferung unserer Inhalte sowie zu statistischen Zwecken. Die Informationen unterst\u00fctzen die Bereitstellung und st\u00e4ndige Verbesserung unseres Angebots. Auch behalten wir uns vor, die erw\u00e4hnten Daten nachtr\u00e4glich zu pr\u00fcfen, sollte der Verdacht auf eine rechtswidrige Nutzung unseres Angebotes bestehen.<\/p>\n\n\n\n<h3 class=\"wp-block-heading\">Personenbezogene Daten<\/h3>\n\n\n\n<p>Personenbezogene Daten erheben wir im Rahmen von Datenvermeidung und Datensparsamkeit nur in dem Ausma\u00df und so lange, wie es zur Nutzung unserer Website notwendig ist, beziehungsweise vom Gesetzgeber vorgeschrieben wird. Wir nehmen den Schutz Ihrer pers\u00f6nlichen Daten ernst und halten uns bei Erhebung und Verarbeitung personenbezogener Daten streng an die entsprechenden gesetzlichen Vorschriften und an diese Datenschutzerkl\u00e4rung. F\u00e4llt der Zweck der Datenerhebung weg oder ist das Ende der gesetzlichen Speicherfrist erreicht, werden die erhobenen Daten gesperrt oder gel\u00f6scht.<\/p>\n\n\n\n<p>Regelm\u00e4\u00dfig kann unsere Website ohne die Weitergabe pers\u00f6nlicher Daten genutzt werden. Wenn wir personenbezogene Daten erheben \u2013 etwa Ihren Namen, Ihre Anschrift oder Ihre E-Mail-Adresse \u2013 erfolgt diese Datenerhebung freiwillig. Ohne eine ausdr\u00fccklich erteilte Zustimmung von Ihrer Seite werden diese Daten Dritten nicht zur Kenntnis gebracht.<br>Beachten Sie bitte, dass Daten im Internet allgemein nicht immer sicher \u00fcbertragen werden. Besonders im E-Mail-Verkehr kann der Schutz beim Datenaustausch nicht garantiert werden.<\/p>\n\n\n\n<h3 class=\"wp-block-heading\">Server Logfiles<\/h3>\n\n\n\n<p>Bei den Server Logfiles handelt es sich um anonymisierte Daten, die bei Ihrem Zugriff auf unsere Website erfasst werden. Diese Informationen erm\u00f6glichen keine R\u00fcckschl\u00fcsse auf Sie pers\u00f6nlich, sind aber aus technischen Gr\u00fcnden f\u00fcr die Auslieferung und Darstellung unserer Inhalte unverzichtbar. Weiterhin dienen Sie unserer Statistik und der st\u00e4ndigen Optimierung unserer Inhalte. Typische Logfiles sind das Datum und die Zeit des Zugriffs, die Datenmenge, der f\u00fcr den Zugriff benutzte Browser und seine Version, das eingesetzte Betriebssystem, der Domainname des von Ihnen beauftragten Providers, die Seite, von der Sie zu unserem Angebot gekommen sind (Referrer-URL) und Ihre IP-Adresse. Logfiles erm\u00f6glichen au\u00dferdem eine genaue Pr\u00fcfung bei Verdacht auf eine rechtswidrige Nutzung unserer Website.<\/p>\n\n\n\n<h3 class=\"wp-block-heading\">SSL-Verschl\u00fcsselung<\/h3>\n\n\n\n<p>Unsere Website bedient sich einer SSL-Verschl\u00fcsselung, wenn es um die \u00dcbermittlung vertraulicher oder pers\u00f6nlicher Inhalte unserer Nutzer geht. Diese Verschl\u00fcsselung wird zum Beispiel bei der Abwicklung des Zahlungsverkehrs sowie bei Anfragen aktiviert, die Sie an uns \u00fcber unsere Website stellen. Achten Sie bitte darauf, dass die SSL-Verschl\u00fcsselung bei entsprechenden Aktivit\u00e4ten von Ihrer Seite her aktiviert ist. Der Einsatz der Verschl\u00fcsselung ist leicht zu erkennen: Die Anzeige in Ihrer Browserzeile wechselt von \u201ehttp:\/\/\u201c zu \u201ehttps:\/\/\u201c. \u00dcber SSL verschl\u00fcsselte Daten sind nicht von Dritten lesbar. \u00dcbermitteln Sie Ihre vertraulichen Informationen nur bei aktivierter SSL-Verschl\u00fcsselung und wenden Sie sich im Zweifel an uns.<\/p>\n\n\n\n<h3 class=\"wp-block-heading\">Verwendung von Google Analytics<\/h3>\n\n\n\n<p>Wir nutzen auf unserer Website den Webanalysedienst Google Analytics von Google Inc. Dieser setzt Cookies ein. Dabei handelt es sich um Textdateien, die durch Speicherung auf Ihrem PC eine Analyse zu Ihrem Nutzerverhalten in Bezug auf unsere Webseite erlauben. Die Cookies erzeugen Informationen, die an einen Google-Server \u00fcbertragen werden. Diese Server befinden sich in der Regel in den USA, folgen aber Abkommen zur Nutzung des europ\u00e4ischen Wirtschaftsraumes und k\u00fcrzen Ihre IP-Adresse vor \u00dcbermittlung in die Vereinigten Staaten. Nur in Ausnahmef\u00e4llen wird die IP-Adresse erst nach \u00dcbermittlung in die USA gek\u00fcrzt. Google wertet die \u00fcbermittelten Informationen aus und erbringt in diesem Kontext weitere Dienstleistungen f\u00fcr uns Websitebetreiber. Dabei wird die ermittelte IP-Adresse nicht mit anderen Google-Services zusammengef\u00fchrt.<\/p>\n\n\n\n<p>\u00dcber eine \u00c4nderung Ihrer Browsereinstellungen k\u00f6nnen Sie die Speicherung von Cookies auf Ihrem Rechner unterbinden. Damit k\u00f6nnen allerdings Darstellungs- und Funktionseinschr\u00e4nkungen bei der Nutzung unserer Website verbunden sein.<\/p>\n\n\n\n<p>Ein Browser-Plugin verhindert dar\u00fcber hinaus die Erfassung sowie Nutzung der durch die Cookies erzeugten Daten. Sie k\u00f6nnen es unter folgendem Link herunterladen:<br><a href=\"https:\/\/tools.google.com\/dlpage\/gaoptout?hl=de\" target=\"_blank\" rel=\"noreferrer noopener\">https:\/\/tools.google.com\/dlpage\/gaoptout?hl=de<\/a><br>Erfahren Sie mehr zu den Datenschutzbedingungen von Google und Google Analytics unter:<br><a href=\"https:\/\/policies.google.com\/?hl=de\" target=\"_blank\" rel=\"noreferrer noopener\">https:\/\/policies.google.com\/?hl=de<\/a>.<\/p>\n\n\n\n<h3 class=\"wp-block-heading\">Google Maps Plugin<\/h3>\n\n\n\n<p>Wir setzen auf unserer Website ein Plugin des Internetdienstes Google Maps ein. Betreiber von Google Maps ist Google Inc., ans\u00e4ssig in den USA, CA 94043, 1600 Amphitheatre Parkway, Mountain View.<\/p>\n\n\n\n<p>Indem Sie Google Maps auf unserer Website nutzen, werden Informationen \u00fcber die Nutzung dieser Website und Ihre IP-Adresse an einen Google-Server in den USA \u00fcbermittelt und auch auf diesem Server gespeichert. Wir haben keine Kenntnis \u00fcber den genauen Inhalt der \u00fcbermittelten Daten, noch \u00fcber ihre Nutzung durch Google. Das Unternehmen verneint in diesem Kontext die Verbindung der Daten mit Informationen aus anderen Google-Diensten und die Erfassung personenbezogener Daten. Allerdings kann Google die Informationen an Dritte \u00fcbermitteln.<\/p>\n\n\n\n<p>Wenn Sie Javascript in Ihrem Browser deaktivieren, verhindern Sie die Ausf\u00fchrung von Google Maps. Sie k\u00f6nnen dann aber auch keine Kartenanzeige auf unserer Website nutzen.<\/p>\n\n\n\n<p>Mit der Nutzung unserer Website erkl\u00e4ren Sie Ihr Einverst\u00e4ndnis mit der beschriebenen Erfassung und Verarbeitung der Informationen durch Google Inc..<br>N\u00e4heres zu den Datenschutzbestimmungen und Nutzungsbedingungen f\u00fcr Google Maps erfahren Sie hier:<br><a href=\"https:\/\/www.google.com\/intl\/de_de\/help\/terms_maps.html\" target=\"_blank\" rel=\"noreferrer noopener\">https:\/\/www.google.com\/intl\/de_de\/help\/terms_maps.html<\/a>.<\/p>\n\n\n\n<h3 class=\"wp-block-heading\">Google+-Plugin<\/h3>\n\n\n\n<p>Wir nutzen auf unserer Webseite Funktionen von Google+. Das soziale Netzwerk wird von der Google Inc. angeboten, die in den USA, CA 94043, 1600 Amphitheatre Parkway, Mountain View ans\u00e4ssig ist.<\/p>\n\n\n\n<p>Google+ erm\u00f6glicht Ihnen die globale Ver\u00f6ffentlichung von Inhalten \u00fcber seine Schaltfl\u00e4che. Ihnen werden au\u00dferdem personalisierte Inhalte von Google und Partneranbietern angeboten. Google speichert Ihre Bewertung (+1) zu Inhalten und Informationen von Websites, die Sie bei Vergabe von +1 angeklickt haben.<\/p>\n\n\n\n<p>Ihre Bewertung +1 kann mit Ihrem Profilnamen und Ihrem Foto in anderen Google-Services angezeigt werden. Google erfasst insgesamt Ihre 1+-Aktivit\u00e4ten. Diese Erfassung dient der Optimierung und Personalisierung des Google-Angebots f\u00fcr Sie. Zur Benutzung der Google+-Plattform erstellen Sie unter einem von Ihnen gew\u00e4hlten Namen ein global sichtbares Profil. Der gew\u00e4hlte Name findet auch bei den anderen Google-Diensten Anwendung. Wer Ihre E-Mail-Adresse kennt, kann so zu Ihrem Google+-Profil gelangen.<\/p>\n\n\n\n<p>Google benutzt die erfassten Daten im Rahmen seiner Datenschutzbestimmungen unter anderem zur Erstellung von Statistiken, die zusammengefasst an Partnerfirmen weitergegeben oder anderweitig genutzt werden. Details zur Nutzung der Daten und die Datenschutzbestimmungen k\u00f6nnen unter&nbsp;<a href=\"https:\/\/www.google.de\/intl\/de\/policies\/privacy\/\" target=\"_blank\" rel=\"noreferrer noopener\">https:\/\/www.google.de\/intl\/de\/policies\/privacy<\/a>&nbsp;eingesehen werden. Unter dem Link finden sich auch Hinweise zur individuellen Einstellung des Datenschutzes auf Google+.<\/p>\n\n\n\n<h3 class=\"wp-block-heading\">Twitter-Plugin<\/h3>\n\n\n\n<p>Wir nutzen auf unserer Website auch Funktionen des Mikrobloggingdienstes Twitter. Betreiber von Twitter ist Twitter Inc. Die US-amerikanische Firma ist ans\u00e4ssig in den USA, San Francisco, CA 94103, 1355 Market St, Suite 900.<\/p>\n\n\n\n<p>Hauptfunktion von Twitter ist die &#8222;Tweet-Funktion&#8220;. Nutzen Sie diese \u00fcber unsere Internetseite, findet eine Verkn\u00fcpfung mit Ihrem Twitter-Account statt. Es kann zum Datenaustausch mit anderen Nutzern kommen und zur \u00dcbertragung von Daten an Twitter. Wir erhalten keine Kenntnis von dem Inhalt der an Twitter gesendeten Daten, noch werden wir \u00fcber deren Nutzung in Kenntnis gesetzt. Informieren Sie sich zu diesen Fragen unter&nbsp;<a href=\"https:\/\/twitter.com\/privacy\" target=\"_blank\" rel=\"noreferrer noopener\">https:\/\/twitter.com\/privacy<\/a>. Dort finden Sie die ausf\u00fchrliche Datenschutzerkl\u00e4rung von Twitter. Weiterhin bietet Ihnen die Plattform die M\u00f6glichkeit, \u00fcber&nbsp;<a href=\"https:\/\/twitter.com\/account\/settings\" target=\"_blank\" rel=\"noreferrer noopener\">https:\/\/twitter.com\/account\/settings<\/a>&nbsp;Ihre Datenschutzeinstellungen selbst zu gestalten.<\/p>\n\n\n\n<h3 class=\"wp-block-heading\">XING-Plugin<\/h3>\n\n\n\n<p>Wir nutzen auf unserer Website Funktionen von XING, einem Netzwerk, das insbesondere professionelle Kontakte seiner Mitglieder f\u00f6rdern m\u00f6chte. Anbieter dieses Netzwerkes ist die XING AG. Sie ist ans\u00e4ssig in der Dammtorstra\u00dfe 29-32 in 20354 Hamburg.<\/p>\n\n\n\n<p>Wird eine unserer Seiten abgerufen, die XING-Funktionen aufweist, entsteht eine Verbindung zu XING-Servern. Wir haben keine Kenntnis dar\u00fcber, dass XING personenbezogene Daten speichert. XING wertet nach unserem Kenntnisstand keine IP-Adressen aus und speichert diese auch nicht.<\/p>\n\n\n\n<p>Wenn Sie weitere Informationen zum XING-Datenschutz erhalten m\u00f6chten, k\u00f6nnen Sie die XING-Datenschutzerkl\u00e4rung mit dem Link&nbsp;<a href=\"https:\/\/www.xing.com\/app\/share?op=data_protection\" target=\"_blank\" rel=\"noreferrer noopener\">https:\/\/www.xing.com\/app\/share?op=data_protection<\/a>&nbsp;abrufen. Dort erfahren Sie auch mehr zum XING-Share-Button.<\/p>\n\n\n\n<p>Diese Datenschutzerkl\u00e4rung wurde erstellt durch&nbsp;<a href=\"https:\/\/www.datenschutzexperte.de\/\" target=\"_blank\" rel=\"noreferrer noopener\">www.datenschutzexperte.de<\/a><\/p>\n<\/div><\/section>\n","protected":false},"excerpt":{"rendered":"","protected":false},"author":1,"featured_media":1973,"parent":0,"menu_order":0,"comment_status":"closed","ping_status":"closed","template":"","meta":{"footnotes":""},"page_category":[],"class_list":["post-3","page","type-page","status-publish","has-post-thumbnail","hentry"],"yoast_head":"<!-- This site is optimized with the Yoast SEO Premium plugin v26.5 (Yoast SEO v26.5) - https:\/\/yoast.com\/wordpress\/plugins\/seo\/ -->\n<title>Datenschutz - Carboliq GmbH<\/title>\n<meta name=\"robots\" content=\"index, follow, max-snippet:-1, max-image-preview:large, max-video-preview:-1\" \/>\n<link rel=\"canonical\" href=\"https:\/\/carboliq.com\/de\/datenschutz\/\" \/>\n<meta property=\"og:locale\" content=\"de_DE\" \/>\n<meta property=\"og:type\" content=\"article\" \/>\n<meta property=\"og:title\" content=\"Datenschutz\" \/>\n<meta property=\"og:url\" content=\"https:\/\/carboliq.com\/de\/datenschutz\/\" \/>\n<meta property=\"og:site_name\" content=\"Carboliq GmbH\" \/>\n<meta property=\"article:modified_time\" content=\"2025-10-23T07:51:09+00:00\" \/>\n<meta property=\"og:image\" content=\"https:\/\/carboliq.com\/app\/uploads\/2025\/10\/Carboliq_RGB-1729x1080.avif\" \/>\n\t<meta property=\"og:image:width\" content=\"2362\" \/>\n\t<meta property=\"og:image:height\" content=\"1475\" \/>\n\t<meta property=\"og:image:type\" content=\"image\/jpeg\" \/>\n<meta name=\"twitter:card\" content=\"summary_large_image\" \/>\n<meta name=\"twitter:label1\" content=\"Gesch\u00e4tzte Lesezeit\" \/>\n\t<meta name=\"twitter:data1\" content=\"10\u00a0Minuten\" \/>\n<script type=\"application\/ld+json\" class=\"yoast-schema-graph\">{\"@context\":\"https:\/\/schema.org\",\"@graph\":[{\"@type\":\"WebPage\",\"@id\":\"https:\/\/carboliq.com\/de\/datenschutz\/\",\"url\":\"https:\/\/carboliq.com\/de\/datenschutz\/\",\"name\":\"Datenschutz - Carboliq GmbH\",\"isPartOf\":{\"@id\":\"https:\/\/carboliq.com\/de\/#website\"},\"primaryImageOfPage\":{\"@id\":\"https:\/\/carboliq.com\/de\/datenschutz\/#primaryimage\"},\"image\":{\"@id\":\"https:\/\/carboliq.com\/de\/datenschutz\/#primaryimage\"},\"thumbnailUrl\":\"https:\/\/carboliq.com\/app\/uploads\/2025\/10\/Carboliq_RGB-1729x1080.avif\",\"datePublished\":\"2025-03-04T07:20:44+00:00\",\"dateModified\":\"2025-10-23T07:51:09+00:00\",\"breadcrumb\":{\"@id\":\"https:\/\/carboliq.com\/de\/datenschutz\/#breadcrumb\"},\"inLanguage\":\"de\",\"potentialAction\":[{\"@type\":\"ReadAction\",\"target\":[\"https:\/\/carboliq.com\/de\/datenschutz\/\"]}]},{\"@type\":\"ImageObject\",\"inLanguage\":\"de\",\"@id\":\"https:\/\/carboliq.com\/de\/datenschutz\/#primaryimage\",\"url\":\"https:\/\/carboliq.com\/app\/uploads\/2025\/10\/Carboliq_RGB-1729x1080.avif\",\"contentUrl\":\"https:\/\/carboliq.com\/app\/uploads\/2025\/10\/Carboliq_RGB-1729x1080.avif\",\"width\":2362,\"height\":1475},{\"@type\":\"BreadcrumbList\",\"@id\":\"https:\/\/carboliq.com\/de\/datenschutz\/#breadcrumb\",\"itemListElement\":[{\"@type\":\"ListItem\",\"position\":1,\"name\":\"Home\",\"item\":\"https:\/\/carboliq.com\/de\/\"},{\"@type\":\"ListItem\",\"position\":2,\"name\":\"Datenschutz\"}]},{\"@type\":\"WebSite\",\"@id\":\"https:\/\/carboliq.com\/de\/#website\",\"url\":\"https:\/\/carboliq.com\/de\/\",\"name\":\"carboliq GmbH\",\"description\":\"Innovation aus Freude an Technik\",\"publisher\":{\"@id\":\"https:\/\/carboliq.com\/de\/#organization\"},\"potentialAction\":[{\"@type\":\"SearchAction\",\"target\":{\"@type\":\"EntryPoint\",\"urlTemplate\":\"https:\/\/carboliq.com\/de\/?s={search_term_string}\"},\"query-input\":{\"@type\":\"PropertyValueSpecification\",\"valueRequired\":true,\"valueName\":\"search_term_string\"}}],\"inLanguage\":\"de\"},{\"@type\":\"Organization\",\"@id\":\"https:\/\/carboliq.com\/de\/#organization\",\"name\":\"carboliq GmbH\",\"url\":\"https:\/\/carboliq.com\/de\/\",\"logo\":{\"@type\":\"ImageObject\",\"inLanguage\":\"de\",\"@id\":\"https:\/\/carboliq.com\/de\/#\/schema\/logo\/image\/\",\"url\":\"https:\/\/carboliq.com\/app\/uploads\/2025\/08\/CLIQ_Logo_ohne_Claim-1920x402.webp\",\"contentUrl\":\"https:\/\/carboliq.com\/app\/uploads\/2025\/08\/CLIQ_Logo_ohne_Claim-1920x402.webp\",\"width\":2560,\"height\":536,\"caption\":\"carboliq GmbH\"},\"image\":{\"@id\":\"https:\/\/carboliq.com\/de\/#\/schema\/logo\/image\/\"},\"sameAs\":[\"https:\/\/www.linkedin.com\/company\/carboliq\/posts\/?feedView=all\"]}]}<\/script>\n<!-- \/ Yoast SEO Premium plugin. -->","yoast_head_json":{"title":"Datenschutz - Carboliq GmbH","robots":{"index":"index","follow":"follow","max-snippet":"max-snippet:-1","max-image-preview":"max-image-preview:large","max-video-preview":"max-video-preview:-1"},"canonical":"https:\/\/carboliq.com\/de\/datenschutz\/","og_locale":"de_DE","og_type":"article","og_title":"Datenschutz","og_url":"https:\/\/carboliq.com\/de\/datenschutz\/","og_site_name":"Carboliq GmbH","article_modified_time":"2025-10-23T07:51:09+00:00","og_image":[{"width":2362,"height":1475,"url":"https:\/\/carboliq.com\/app\/uploads\/2025\/10\/Carboliq_RGB-1729x1080.avif","type":"image\/jpeg"}],"twitter_card":"summary_large_image","twitter_misc":{"Gesch\u00e4tzte Lesezeit":"10\u00a0Minuten"},"schema":{"@context":"https:\/\/schema.org","@graph":[{"@type":"WebPage","@id":"https:\/\/carboliq.com\/de\/datenschutz\/","url":"https:\/\/carboliq.com\/de\/datenschutz\/","name":"Datenschutz - Carboliq GmbH","isPartOf":{"@id":"https:\/\/carboliq.com\/de\/#website"},"primaryImageOfPage":{"@id":"https:\/\/carboliq.com\/de\/datenschutz\/#primaryimage"},"image":{"@id":"https:\/\/carboliq.com\/de\/datenschutz\/#primaryimage"},"thumbnailUrl":"https:\/\/carboliq.com\/app\/uploads\/2025\/10\/Carboliq_RGB-1729x1080.avif","datePublished":"2025-03-04T07:20:44+00:00","dateModified":"2025-10-23T07:51:09+00:00","breadcrumb":{"@id":"https:\/\/carboliq.com\/de\/datenschutz\/#breadcrumb"},"inLanguage":"de","potentialAction":[{"@type":"ReadAction","target":["https:\/\/carboliq.com\/de\/datenschutz\/"]}]},{"@type":"ImageObject","inLanguage":"de","@id":"https:\/\/carboliq.com\/de\/datenschutz\/#primaryimage","url":"https:\/\/carboliq.com\/app\/uploads\/2025\/10\/Carboliq_RGB-1729x1080.avif","contentUrl":"https:\/\/carboliq.com\/app\/uploads\/2025\/10\/Carboliq_RGB-1729x1080.avif","width":2362,"height":1475},{"@type":"BreadcrumbList","@id":"https:\/\/carboliq.com\/de\/datenschutz\/#breadcrumb","itemListElement":[{"@type":"ListItem","position":1,"name":"Home","item":"https:\/\/carboliq.com\/de\/"},{"@type":"ListItem","position":2,"name":"Datenschutz"}]},{"@type":"WebSite","@id":"https:\/\/carboliq.com\/de\/#website","url":"https:\/\/carboliq.com\/de\/","name":"carboliq GmbH","description":"Innovation aus Freude an Technik","publisher":{"@id":"https:\/\/carboliq.com\/de\/#organization"},"potentialAction":[{"@type":"SearchAction","target":{"@type":"EntryPoint","urlTemplate":"https:\/\/carboliq.com\/de\/?s={search_term_string}"},"query-input":{"@type":"PropertyValueSpecification","valueRequired":true,"valueName":"search_term_string"}}],"inLanguage":"de"},{"@type":"Organization","@id":"https:\/\/carboliq.com\/de\/#organization","name":"carboliq GmbH","url":"https:\/\/carboliq.com\/de\/","logo":{"@type":"ImageObject","inLanguage":"de","@id":"https:\/\/carboliq.com\/de\/#\/schema\/logo\/image\/","url":"https:\/\/carboliq.com\/app\/uploads\/2025\/08\/CLIQ_Logo_ohne_Claim-1920x402.webp","contentUrl":"https:\/\/carboliq.com\/app\/uploads\/2025\/08\/CLIQ_Logo_ohne_Claim-1920x402.webp","width":2560,"height":536,"caption":"carboliq GmbH"},"image":{"@id":"https:\/\/carboliq.com\/de\/#\/schema\/logo\/image\/"},"sameAs":["https:\/\/www.linkedin.com\/company\/carboliq\/posts\/?feedView=all"]}]}},"_links":{"self":[{"href":"https:\/\/carboliq.com\/de\/wp-json\/wp\/v2\/pages\/3","targetHints":{"allow":["GET"]}}],"collection":[{"href":"https:\/\/carboliq.com\/de\/wp-json\/wp\/v2\/pages"}],"about":[{"href":"https:\/\/carboliq.com\/de\/wp-json\/wp\/v2\/types\/page"}],"author":[{"embeddable":true,"href":"https:\/\/carboliq.com\/de\/wp-json\/wp\/v2\/users\/1"}],"replies":[{"embeddable":true,"href":"https:\/\/carboliq.com\/de\/wp-json\/wp\/v2\/comments?post=3"}],"version-history":[{"count":3,"href":"https:\/\/carboliq.com\/de\/wp-json\/wp\/v2\/pages\/3\/revisions"}],"predecessor-version":[{"id":1132,"href":"https:\/\/carboliq.com\/de\/wp-json\/wp\/v2\/pages\/3\/revisions\/1132"}],"wp:featuredmedia":[{"embeddable":true,"href":"https:\/\/carboliq.com\/de\/wp-json\/wp\/v2\/media\/1973"}],"wp:attachment":[{"href":"https:\/\/carboliq.com\/de\/wp-json\/wp\/v2\/media?parent=3"}],"wp:term":[{"taxonomy":"page_category","embeddable":true,"href":"https:\/\/carboliq.com\/de\/wp-json\/wp\/v2\/page_category?post=3"}],"curies":[{"name":"wp","href":"https:\/\/api.w.org\/{rel}","templated":true}]}}