{"id":429,"date":"2025-03-21T12:17:48","date_gmt":"2025-03-21T12:17:48","guid":{"rendered":"https:\/\/staging.carboliq.com\/?page_id=429"},"modified":"2025-10-02T16:28:41","modified_gmt":"2025-10-02T16:28:41","slug":"loesungen","status":"publish","type":"page","link":"https:\/\/carboliq.com\/de\/loesungen\/","title":{"rendered":"L\u00f6sungen"},"content":{"rendered":"\n<div class=\"wp-block-cover alignfull is-light hero has-white-background-color has-background\"><span aria-hidden=\"true\" class=\"wp-block-cover__background has-white-background-color has-background-dim-0 has-background-dim\"><\/span><div class=\"wp-block-cover__inner-container is-layout-flow wp-block-cover-is-layout-flow\">\n<div class=\"wp-block-columns is-layout-flex wp-container-core-columns-is-layout-28f84493 wp-block-columns-is-layout-flex\">\n<div class=\"wp-block-column is-vertically-aligned-center hero__content is-layout-flow wp-block-column-is-layout-flow\">\n<p>carboliq L\u00f6sungen<\/p>\n\n\n\n<h1 class=\"wp-block-heading\" id=\"h-individuelle-losungen-fur-ihre-kunststoffabfalle\">Individuelle <br>L\u00f6sungen f\u00fcr Ihre Kunststoffabf\u00e4lle<\/h1>\n\n\n\n<p>carboliq bietet ma\u00dfgeschneiderte L\u00f6sungen f\u00fcr Ihre Kunststoffabf\u00e4lle, um zirkul\u00e4re Gesch\u00e4ftsmodelle zu entwickeln und fossile Rohstoffe zu ersetzen.<\/p>\n<\/div>\n\n\n\n<div class=\"wp-block-column is-vertically-aligned-center hero__media is-layout-flow wp-block-column-is-layout-flow\">\n<figure class=\"wp-block-image size-full\"><img data-dominant-color=\"372a24\" data-has-transparency=\"false\" loading=\"lazy\" decoding=\"async\" width=\"1536\" height=\"1024\" src=\"https:\/\/carboliq.com\/app\/uploads\/2025\/07\/SechskantSaeuleOrange.webp\" alt=\"\" class=\"wp-image-1719 not-transparent\" style=\"--dominant-color: #372a24; aspect-ratio:16\/9;object-fit:cover\" srcset=\"https:\/\/carboliq.com\/app\/uploads\/2025\/07\/SechskantSaeuleOrange.webp 1536w, https:\/\/carboliq.com\/app\/uploads\/2025\/07\/SechskantSaeuleOrange-768x512.webp 768w\" sizes=\"auto, (max-width: 1536px) 100vw, 1536px\" \/><\/figure>\n<\/div>\n<\/div>\n<\/div><\/div>\n\n\n\n<section class=\"section  has-anthrazit-8-background-color has-background\"><div class=\"section__inner\">\n<h2 class=\"wp-block-heading\" id=\"h-unsere-losungen\">Unsere L\u00f6sungen <\/h2>\n\n\n\n<p>Ob aus Gr\u00fcnden der sich immer weiter in Richtung einer Kreislaufwirtschaft entwickelnden Regularik oder auf Grund der Ausrichtung des Portfolios auf nachhaltige Produkte und Prozesse, die Herausforderungen sind vielf\u00e4ltig. <strong>carboliq bietet individuelle L\u00f6sungen f\u00fcr Ihre Kunststoffabf\u00e4lle<\/strong> und unterst\u00fctzt Sie bei der Entwicklung und Umsetzung nachhaltiger und zirkul\u00e4rer Gesch\u00e4ftsmodelle. Mit unserer patentierten Technologie und langj\u00e4hriger Erfahrung helfen wir Ihnen, aus Kunststoffabf\u00e4llen wertvolle Ressourcen zur\u00fcckzugewinnen und damit fossile Rohstoffe zu ersetzen.<\/p>\n\n\n\n<p>Unsere <strong>Circular Liquid Resource (CLR)<\/strong> ist ein hochwertiger Sekund\u00e4rrohstoff, der fossiles \u00d6l vollwertig ersetzt und entweder direkt oder nach einer Aufbereitung in der Raffinerie f\u00fcr die chemische Produktion genutzt werden kann. Bei Polykondensaten isoliert das carboliq-Verfahren Monomere, die unmittelbar zur Herstellung neuer Kunststoffe genutzt werden. Damit schlie\u00dfen wir den Kunststoffkreislauf und schaffen die Grundlage f\u00fcr den Einsatz von Rezyklaten in neuen, hochwertigen Produkten.<\/p>\n\n\n\n<p>Abh\u00e4ngig von der Ausgangslage unserer Kunden bieten wir folgende Produkte und Leistungen an:<\/p>\n\n\n\n<ol class=\"wp-block-list\">\n<li class=\"has-primary-font-family\">Materialevaluation<\/li>\n\n\n\n<li class=\"has-primary-font-family\">Produkte<\/li>\n\n\n\n<li class=\"has-primary-font-family\">Kreislaufprojekte<\/li>\n<\/ol>\n<\/div><\/section>\n\n\n\n<section class=\"alignwide section  is-style-nbm\"><div class=\"section__inner\">\n<h3 class=\"wp-block-heading\" id=\"h-materialevaluation\">Materialevaluation<\/h3>\n\n\n\n<div style=\"height:100px\" aria-hidden=\"true\" class=\"wp-block-spacer is-style-small\"><\/div>\n\n\n\n<div class=\"wp-block-media-text is-stacked-on-mobile\"><figure class=\"wp-block-media-text__media\"><img data-dominant-color=\"89886f\" data-has-transparency=\"false\" style=\"--dominant-color: #89886f;\" loading=\"lazy\" decoding=\"async\" width=\"1920\" height=\"1080\" src=\"https:\/\/carboliq.com\/app\/uploads\/2025\/08\/Bild1-1920x1080.avif\" alt=\"\" class=\"wp-image-1838 size-full not-transparent\" srcset=\"https:\/\/carboliq.com\/app\/uploads\/2025\/08\/Bild1-1920x1080.avif 1920w, https:\/\/carboliq.com\/app\/uploads\/2025\/08\/Bild1-402x226.avif 402w, https:\/\/carboliq.com\/app\/uploads\/2025\/08\/Bild1-768x432.avif 768w, https:\/\/carboliq.com\/app\/uploads\/2025\/08\/Bild1-1536x864.avif 1536w, https:\/\/carboliq.com\/app\/uploads\/2025\/08\/Bild1.avif 2000w\" sizes=\"auto, (max-width: 1920px) 100vw, 1920px\" \/><\/figure><div class=\"wp-block-media-text__content\">\n<p>Bei der Evaluation Ihres Materials analysieren wir gemeinsam Ihre Abfallstoffe und bewerten deren Verarbeitbarkeit sowie die potenzielle \u00d6l-Ausbeute bei Anwendung des carboliq-Verfahrens. <br>Mit unserer Pilotanlage in Ennigerloh werden je Testkampagne bis zu 40 Tonnen Kundenmaterial verarbeitet. Wir bieten ein Spektrum von Leistungen an: von optischer Einsch\u00e4tzung \u00fcber Labortests bis hin zu Kampagnentests auf der Pilotanlage \u00fcber mehrere Tage mit Vermarktung der gewonnenen Produkte direkt in die petrochemische Industrie. Die Ergebnisse der Materialevaluation liefern Ihnen eine fundierte Grundlage f\u00fcr langfristige Lieferbeziehungen oder Investitionsentscheidungen in eigene Konversionskapazit\u00e4ten.<\/p>\n\n\n\n<div style=\"height:100px\" aria-hidden=\"true\" class=\"wp-block-spacer is-style-xsmall\"><\/div>\n\n\n\n<div class=\"wp-block-buttons is-layout-flex wp-block-buttons-is-layout-flex\">\n<div class=\"wp-block-button\"><a class=\"wp-block-button__link wp-element-button\" href=\"https:\/\/carboliq.com\/de\/materialevaluation\/\">Interessiert an einer Materialevaluation?<\/a><\/div>\n<\/div>\n<\/div><\/div>\n<\/div><\/section>\n\n\n\n<section class=\"alignwide section  is-style-nbm\"><div class=\"section__inner\">\n<h3 class=\"wp-block-heading\" id=\"h-produkte\">Produkte<\/h3>\n\n\n\n<div style=\"height:100px\" aria-hidden=\"true\" class=\"wp-block-spacer is-style-small\"><\/div>\n\n\n\n<div class=\"wp-block-media-text is-stacked-on-mobile\"><figure class=\"wp-block-media-text__media\"><img data-dominant-color=\"7d6576\" data-has-transparency=\"false\" style=\"--dominant-color: #7d6576;\" loading=\"lazy\" decoding=\"async\" width=\"768\" height=\"432\" src=\"https:\/\/carboliq.com\/app\/uploads\/2025\/08\/DSC_6563-768x432.avif\" alt=\"\" class=\"wp-image-1843 size-large not-transparent\" srcset=\"https:\/\/carboliq.com\/app\/uploads\/2025\/08\/DSC_6563-768x432.avif 768w, https:\/\/carboliq.com\/app\/uploads\/2025\/08\/DSC_6563-402x226.avif 402w\" sizes=\"auto, (max-width: 768px) 100vw, 768px\" \/><\/figure><div class=\"wp-block-media-text__content\">\n<p>Unsere Circular Liquid Resource (CLR) ist ein hochwertiger Sekund\u00e4rrohstoff, der fossiles \u00d6l vollwertig ersetzt und entweder direkt oder nach einer Aufbereitung in der Raffinerie f\u00fcr die chemische Produktion genutzt werden kann. Bei Polykondensaten isoliert das carboliq-Verfahren Monomere, die unmittelbar zur Herstellung neuer Kunststoffe genutzt werden. Damit schlie\u00dfen wir den Kunststoffkreislauf und schaffen die Grundlage f\u00fcr den Einsatz von&nbsp; Rezyklaten in neuen, hochwertigen Produkten.<\/p>\n\n\n\n<div style=\"height:100px\" aria-hidden=\"true\" class=\"wp-block-spacer is-style-xsmall\"><\/div>\n\n\n\n<div class=\"wp-block-buttons is-layout-flex wp-block-buttons-is-layout-flex\">\n<div class=\"wp-block-button\"><a class=\"wp-block-button__link wp-element-button\" href=\"https:\/\/carboliq.com\/de\/produkte\/\">Lernen sie unsere Produkte kennen<\/a><\/div>\n<\/div>\n<\/div><\/div>\n<\/div><\/section>\n\n\n\n<section class=\"alignwide section  is-style-nbm\"><div class=\"section__inner\">\n<h2 class=\"wp-block-heading has-h-3-font-size\" id=\"h-kreislaufprojekte\">Kreislaufprojekte<\/h2>\n\n\n\n<div style=\"height:100px\" aria-hidden=\"true\" class=\"wp-block-spacer is-style-small\"><\/div>\n\n\n\n<div class=\"wp-block-media-text is-stacked-on-mobile\"><figure class=\"wp-block-media-text__media\"><img loading=\"lazy\" decoding=\"async\" width=\"841\" height=\"595\" src=\"https:\/\/carboliq.com\/app\/uploads\/2025\/10\/Kreisdiagramm-C_S-25.09.25-ZW.svg\" alt=\"\" class=\"wp-image-1893 size-full\"\/><\/figure><div class=\"wp-block-media-text__content\">\n<p>Gemeinsam mit Ihnen entwickeln wir f\u00fcr Ihre Abf\u00e4lle ein Kreislaufmodell, das auf Ihr Gesch\u00e4ftsmodell und Ihre Nachhaltigkeitsziele abgestimmt ist. <br>Wir zeigen, wie Ihre Produktionsabf\u00e4lle in Circular Liquid Resource (CLR) umgewandelt werden und als Rohstoffbasis f\u00fcr neue Polymere dienen \u2014 die schlie\u00dflich wieder in Ihre Produkte zur\u00fcckflie\u00dfen. <br>Mit unseren Kreislaufprojekten liefert carboliq Ihnen den entscheidenden Nachweis f\u00fcr die Zirkularit\u00e4t Ihrer Wertsch\u00f6pfungskette \u2014 und st\u00e4rkt so Ihre Position am Markt mit einem klaren Nachhaltigkeitsvorteil.<\/p>\n\n\n\n<div style=\"height:100px\" aria-hidden=\"true\" class=\"wp-block-spacer is-style-xsmall\"><\/div>\n\n\n\n<div class=\"wp-block-buttons is-layout-flex wp-block-buttons-is-layout-flex\">\n<div class=\"wp-block-button\"><a class=\"wp-block-button__link wp-element-button\" href=\"https:\/\/carboliq.com\/de\/kreislaufprojekte\/\">Erfahren Sie mehr zu unseren Kreislaufprojekten<\/a><\/div>\n<\/div>\n<\/div><\/div>\n<\/div><\/section>\n\n\n\n<div style=\"height:100px\" aria-hidden=\"true\" class=\"wp-block-spacer\"><\/div>\n\n\n\n<section class=\"alignwide section  is-style-nbm has-anthrazit-8-background-color has-background\"><div class=\"section__inner\">\n<h3 class=\"wp-block-heading\" id=\"h-anlagenbau-amp-lizenzgeschaft\">Anlagenbau &amp; Lizenzgesch\u00e4ft<\/h3>\n\n\n\n<div style=\"height:100px\" aria-hidden=\"true\" class=\"wp-block-spacer is-style-small\"><\/div>\n\n\n\n<div class=\"wp-block-media-text is-stacked-on-mobile\"><figure class=\"wp-block-media-text__media\"><img loading=\"lazy\" decoding=\"async\" width=\"768\" height=\"432\" src=\"https:\/\/carboliq.com\/app\/uploads\/2025\/04\/carboliq-verfahren-4-768x432.avif\" alt=\"\" class=\"wp-image-1025 size-full\" srcset=\"https:\/\/carboliq.com\/app\/uploads\/2025\/04\/carboliq-verfahren-4-768x432.avif 768w, https:\/\/carboliq.com\/app\/uploads\/2025\/04\/carboliq-verfahren-4-402x226.avif 402w\" sizes=\"auto, (max-width: 768px) 100vw, 768px\" \/><\/figure><div class=\"wp-block-media-text__content\">\n<h4 class=\"wp-block-heading has-h-4-font-size\" id=\"h-anlagenbau\">Anlagenbau<\/h4>\n\n\n\n<p>Unternehmen, die an der carboliq-Technologie interessiert sind und diese lizenziert im eigenen Betrieb anwenden m\u00f6chten, unterst\u00fctzen wir beim Aufbau eigener Ver\u00f6lungsanlagen. Die Errichtung erfolgt nach unseren Prozessvorgaben durch qualifizierte Anlagenbauer. <br>So stellen wir sicher, dass die carboliq-Technologie nahtlos in Ihre Produktionsinfrastruktur integriert wird und Sie Kunststoffabf\u00e4lle direkt vor Ort in wertvolle Sekund\u00e4rrohstoffe umwandeln k\u00f6nnen.<\/p>\n\n\n\n<div style=\"height:100px\" aria-hidden=\"true\" class=\"wp-block-spacer is-style-xsmall\"><\/div>\n<\/div><\/div>\n\n\n\n<div style=\"height:100px\" aria-hidden=\"true\" class=\"wp-block-spacer\"><\/div>\n\n\n\n<div class=\"wp-block-media-text is-stacked-on-mobile\"><figure class=\"wp-block-media-text__media\"><img loading=\"lazy\" decoding=\"async\" width=\"768\" height=\"432\" src=\"https:\/\/carboliq.com\/app\/uploads\/2025\/04\/Loesungen_know-how-768x432.avif\" alt=\"\" class=\"wp-image-1098 size-full\" srcset=\"https:\/\/carboliq.com\/app\/uploads\/2025\/04\/Loesungen_know-how-768x432.avif 768w, https:\/\/carboliq.com\/app\/uploads\/2025\/04\/Loesungen_know-how-402x226.avif 402w\" sizes=\"auto, (max-width: 768px) 100vw, 768px\" \/><\/figure><div class=\"wp-block-media-text__content\">\n<h4 class=\"wp-block-heading\" id=\"h-lizenzgeschaft\">Lizenzgesch\u00e4ft<\/h4>\n\n\n\n<p>Dar\u00fcber hinaus bieten wir Unternehmen mit eigener technischer Expertise die M\u00f6glichkeit, eine Lizenz zur Nutzung der carboliq-Technologie zu erwerben. Der Erwerb einer Lizenz geht im Regelfall in Kombination mit unseren speziell entwickelten Kernkomponenten einher, sodass Sie das carboliq-Verfahren sicher in Ihre bestehende Infrastrktur integrieren k\u00f6nnen.<\/p>\n\n\n\n<div style=\"height:100px\" aria-hidden=\"true\" class=\"wp-block-spacer is-style-xsmall\"><\/div>\n<\/div><\/div>\n\n\n\n<div style=\"height:100px\" aria-hidden=\"true\" class=\"wp-block-spacer\"><\/div>\n<\/div><\/section>\n\n\n\n<p><\/p>\n","protected":false},"excerpt":{"rendered":"","protected":false},"author":2,"featured_media":1719,"parent":0,"menu_order":0,"comment_status":"closed","ping_status":"closed","template":"","meta":{"footnotes":""},"page_category":[],"class_list":["post-429","page","type-page","status-publish","has-post-thumbnail","hentry"],"yoast_head":"<!-- This site is optimized with the Yoast SEO Premium plugin v26.5 (Yoast SEO v26.5) - https:\/\/yoast.com\/wordpress\/plugins\/seo\/ -->\n<title>L\u00f6sungen - Carboliq GmbH<\/title>\n<meta name=\"robots\" content=\"index, follow, max-snippet:-1, max-image-preview:large, max-video-preview:-1\" \/>\n<link rel=\"canonical\" href=\"https:\/\/carboliq.com\/de\/loesungen\/\" \/>\n<meta property=\"og:locale\" content=\"de_DE\" \/>\n<meta property=\"og:type\" content=\"article\" \/>\n<meta property=\"og:title\" content=\"L\u00f6sungen\" \/>\n<meta property=\"og:url\" content=\"https:\/\/carboliq.com\/de\/loesungen\/\" \/>\n<meta property=\"og:site_name\" content=\"Carboliq GmbH\" \/>\n<meta property=\"article:modified_time\" content=\"2025-10-02T16:28:41+00:00\" \/>\n<meta property=\"og:image\" content=\"https:\/\/carboliq.com\/app\/uploads\/2025\/07\/SechskantSaeuleOrange.webp\" \/>\n\t<meta property=\"og:image:width\" content=\"1536\" \/>\n\t<meta property=\"og:image:height\" content=\"1024\" \/>\n\t<meta property=\"og:image:type\" content=\"image\/png\" \/>\n<meta name=\"twitter:card\" content=\"summary_large_image\" \/>\n<meta name=\"twitter:label1\" content=\"Gesch\u00e4tzte Lesezeit\" \/>\n\t<meta name=\"twitter:data1\" content=\"5\u00a0Minuten\" \/>\n<script type=\"application\/ld+json\" class=\"yoast-schema-graph\">{\"@context\":\"https:\/\/schema.org\",\"@graph\":[{\"@type\":\"WebPage\",\"@id\":\"https:\/\/carboliq.com\/de\/loesungen\/\",\"url\":\"https:\/\/carboliq.com\/de\/loesungen\/\",\"name\":\"L\u00f6sungen - Carboliq GmbH\",\"isPartOf\":{\"@id\":\"https:\/\/carboliq.com\/de\/#website\"},\"primaryImageOfPage\":{\"@id\":\"https:\/\/carboliq.com\/de\/loesungen\/#primaryimage\"},\"image\":{\"@id\":\"https:\/\/carboliq.com\/de\/loesungen\/#primaryimage\"},\"thumbnailUrl\":\"https:\/\/carboliq.com\/app\/uploads\/2025\/07\/SechskantSaeuleOrange.webp\",\"datePublished\":\"2025-03-21T12:17:48+00:00\",\"dateModified\":\"2025-10-02T16:28:41+00:00\",\"breadcrumb\":{\"@id\":\"https:\/\/carboliq.com\/de\/loesungen\/#breadcrumb\"},\"inLanguage\":\"de\",\"potentialAction\":[{\"@type\":\"ReadAction\",\"target\":[\"https:\/\/carboliq.com\/de\/loesungen\/\"]}]},{\"@type\":\"ImageObject\",\"inLanguage\":\"de\",\"@id\":\"https:\/\/carboliq.com\/de\/loesungen\/#primaryimage\",\"url\":\"https:\/\/carboliq.com\/app\/uploads\/2025\/07\/SechskantSaeuleOrange.webp\",\"contentUrl\":\"https:\/\/carboliq.com\/app\/uploads\/2025\/07\/SechskantSaeuleOrange.webp\",\"width\":1536,\"height\":1024},{\"@type\":\"BreadcrumbList\",\"@id\":\"https:\/\/carboliq.com\/de\/loesungen\/#breadcrumb\",\"itemListElement\":[{\"@type\":\"ListItem\",\"position\":1,\"name\":\"Home\",\"item\":\"https:\/\/carboliq.com\/de\/\"},{\"@type\":\"ListItem\",\"position\":2,\"name\":\"L\u00f6sungen\"}]},{\"@type\":\"WebSite\",\"@id\":\"https:\/\/carboliq.com\/de\/#website\",\"url\":\"https:\/\/carboliq.com\/de\/\",\"name\":\"carboliq GmbH\",\"description\":\"Innovation aus Freude an Technik\",\"publisher\":{\"@id\":\"https:\/\/carboliq.com\/de\/#organization\"},\"potentialAction\":[{\"@type\":\"SearchAction\",\"target\":{\"@type\":\"EntryPoint\",\"urlTemplate\":\"https:\/\/carboliq.com\/de\/?s={search_term_string}\"},\"query-input\":{\"@type\":\"PropertyValueSpecification\",\"valueRequired\":true,\"valueName\":\"search_term_string\"}}],\"inLanguage\":\"de\"},{\"@type\":\"Organization\",\"@id\":\"https:\/\/carboliq.com\/de\/#organization\",\"name\":\"carboliq GmbH\",\"url\":\"https:\/\/carboliq.com\/de\/\",\"logo\":{\"@type\":\"ImageObject\",\"inLanguage\":\"de\",\"@id\":\"https:\/\/carboliq.com\/de\/#\/schema\/logo\/image\/\",\"url\":\"https:\/\/carboliq.com\/app\/uploads\/2025\/08\/CLIQ_Logo_ohne_Claim-1920x402.webp\",\"contentUrl\":\"https:\/\/carboliq.com\/app\/uploads\/2025\/08\/CLIQ_Logo_ohne_Claim-1920x402.webp\",\"width\":2560,\"height\":536,\"caption\":\"carboliq GmbH\"},\"image\":{\"@id\":\"https:\/\/carboliq.com\/de\/#\/schema\/logo\/image\/\"},\"sameAs\":[\"https:\/\/www.linkedin.com\/company\/carboliq\/posts\/?feedView=all\"]}]}<\/script>\n<!-- \/ Yoast SEO Premium plugin. -->","yoast_head_json":{"title":"L\u00f6sungen - Carboliq GmbH","robots":{"index":"index","follow":"follow","max-snippet":"max-snippet:-1","max-image-preview":"max-image-preview:large","max-video-preview":"max-video-preview:-1"},"canonical":"https:\/\/carboliq.com\/de\/loesungen\/","og_locale":"de_DE","og_type":"article","og_title":"L\u00f6sungen","og_url":"https:\/\/carboliq.com\/de\/loesungen\/","og_site_name":"Carboliq GmbH","article_modified_time":"2025-10-02T16:28:41+00:00","og_image":[{"width":1536,"height":1024,"url":"https:\/\/carboliq.com\/app\/uploads\/2025\/07\/SechskantSaeuleOrange.webp","type":"image\/png"}],"twitter_card":"summary_large_image","twitter_misc":{"Gesch\u00e4tzte Lesezeit":"5\u00a0Minuten"},"schema":{"@context":"https:\/\/schema.org","@graph":[{"@type":"WebPage","@id":"https:\/\/carboliq.com\/de\/loesungen\/","url":"https:\/\/carboliq.com\/de\/loesungen\/","name":"L\u00f6sungen - Carboliq GmbH","isPartOf":{"@id":"https:\/\/carboliq.com\/de\/#website"},"primaryImageOfPage":{"@id":"https:\/\/carboliq.com\/de\/loesungen\/#primaryimage"},"image":{"@id":"https:\/\/carboliq.com\/de\/loesungen\/#primaryimage"},"thumbnailUrl":"https:\/\/carboliq.com\/app\/uploads\/2025\/07\/SechskantSaeuleOrange.webp","datePublished":"2025-03-21T12:17:48+00:00","dateModified":"2025-10-02T16:28:41+00:00","breadcrumb":{"@id":"https:\/\/carboliq.com\/de\/loesungen\/#breadcrumb"},"inLanguage":"de","potentialAction":[{"@type":"ReadAction","target":["https:\/\/carboliq.com\/de\/loesungen\/"]}]},{"@type":"ImageObject","inLanguage":"de","@id":"https:\/\/carboliq.com\/de\/loesungen\/#primaryimage","url":"https:\/\/carboliq.com\/app\/uploads\/2025\/07\/SechskantSaeuleOrange.webp","contentUrl":"https:\/\/carboliq.com\/app\/uploads\/2025\/07\/SechskantSaeuleOrange.webp","width":1536,"height":1024},{"@type":"BreadcrumbList","@id":"https:\/\/carboliq.com\/de\/loesungen\/#breadcrumb","itemListElement":[{"@type":"ListItem","position":1,"name":"Home","item":"https:\/\/carboliq.com\/de\/"},{"@type":"ListItem","position":2,"name":"L\u00f6sungen"}]},{"@type":"WebSite","@id":"https:\/\/carboliq.com\/de\/#website","url":"https:\/\/carboliq.com\/de\/","name":"carboliq GmbH","description":"Innovation aus Freude an Technik","publisher":{"@id":"https:\/\/carboliq.com\/de\/#organization"},"potentialAction":[{"@type":"SearchAction","target":{"@type":"EntryPoint","urlTemplate":"https:\/\/carboliq.com\/de\/?s={search_term_string}"},"query-input":{"@type":"PropertyValueSpecification","valueRequired":true,"valueName":"search_term_string"}}],"inLanguage":"de"},{"@type":"Organization","@id":"https:\/\/carboliq.com\/de\/#organization","name":"carboliq GmbH","url":"https:\/\/carboliq.com\/de\/","logo":{"@type":"ImageObject","inLanguage":"de","@id":"https:\/\/carboliq.com\/de\/#\/schema\/logo\/image\/","url":"https:\/\/carboliq.com\/app\/uploads\/2025\/08\/CLIQ_Logo_ohne_Claim-1920x402.webp","contentUrl":"https:\/\/carboliq.com\/app\/uploads\/2025\/08\/CLIQ_Logo_ohne_Claim-1920x402.webp","width":2560,"height":536,"caption":"carboliq GmbH"},"image":{"@id":"https:\/\/carboliq.com\/de\/#\/schema\/logo\/image\/"},"sameAs":["https:\/\/www.linkedin.com\/company\/carboliq\/posts\/?feedView=all"]}]}},"_links":{"self":[{"href":"https:\/\/carboliq.com\/de\/wp-json\/wp\/v2\/pages\/429","targetHints":{"allow":["GET"]}}],"collection":[{"href":"https:\/\/carboliq.com\/de\/wp-json\/wp\/v2\/pages"}],"about":[{"href":"https:\/\/carboliq.com\/de\/wp-json\/wp\/v2\/types\/page"}],"author":[{"embeddable":true,"href":"https:\/\/carboliq.com\/de\/wp-json\/wp\/v2\/users\/2"}],"replies":[{"embeddable":true,"href":"https:\/\/carboliq.com\/de\/wp-json\/wp\/v2\/comments?post=429"}],"version-history":[{"count":3,"href":"https:\/\/carboliq.com\/de\/wp-json\/wp\/v2\/pages\/429\/revisions"}],"predecessor-version":[{"id":1918,"href":"https:\/\/carboliq.com\/de\/wp-json\/wp\/v2\/pages\/429\/revisions\/1918"}],"wp:featuredmedia":[{"embeddable":true,"href":"https:\/\/carboliq.com\/de\/wp-json\/wp\/v2\/media\/1719"}],"wp:attachment":[{"href":"https:\/\/carboliq.com\/de\/wp-json\/wp\/v2\/media?parent=429"}],"wp:term":[{"taxonomy":"page_category","embeddable":true,"href":"https:\/\/carboliq.com\/de\/wp-json\/wp\/v2\/page_category?post=429"}],"curies":[{"name":"wp","href":"https:\/\/api.w.org\/{rel}","templated":true}]}}