{"id":434,"date":"2025-03-21T12:48:09","date_gmt":"2025-03-21T12:48:09","guid":{"rendered":"https:\/\/staging.carboliq.com\/?page_id=434"},"modified":"2026-03-17T08:06:08","modified_gmt":"2026-03-17T08:06:08","slug":"ueber-carboliq","status":"publish","type":"page","link":"https:\/\/carboliq.com\/de\/ueber-carboliq\/","title":{"rendered":"\u00dcber carboliq"},"content":{"rendered":"\n<div class=\"wp-block-cover alignfull is-light hero has-white-background-color has-background\"><span aria-hidden=\"true\" class=\"wp-block-cover__background has-white-background-color has-background-dim-0 has-background-dim\"><\/span><div class=\"wp-block-cover__inner-container is-layout-flow wp-block-cover-is-layout-flow\">\n<div class=\"wp-block-columns is-layout-flex wp-container-core-columns-is-layout-28f84493 wp-block-columns-is-layout-flex\">\n<div class=\"wp-block-column is-vertically-aligned-center hero__content is-layout-flow wp-block-column-is-layout-flow\">\n<p>\u00dcber carboliq<\/p>\n\n\n\n<h1 class=\"wp-block-heading\" id=\"h-vom-abfall-zum-rohstoff\">Vom Abfall zum Rohstoff<\/h1>\n\n\n\n<div class=\"wp-block-buttons is-layout-flex wp-block-buttons-is-layout-flex\">\n<div class=\"wp-block-button\"><a class=\"wp-block-button__link wp-element-button\" href=\"https:\/\/carboliq.com\/de\/kontakt\/\">Lernen sie uns kennen<\/a><\/div>\n<\/div>\n<\/div>\n\n\n\n<div class=\"wp-block-column is-vertically-aligned-center hero__media is-layout-flow wp-block-column-is-layout-flow\">\n<figure class=\"wp-block-image size-large\"><img data-dominant-color=\"797659\" data-has-transparency=\"false\" style=\"--dominant-color: #797659;\" loading=\"lazy\" decoding=\"async\" width=\"768\" height=\"432\" src=\"https:\/\/carboliq.com\/app\/uploads\/2025\/05\/CTCProdukt2014Bild-005low-768x432.avif\" alt=\"\" class=\"wp-image-1261 not-transparent\" srcset=\"https:\/\/carboliq.com\/app\/uploads\/2025\/05\/CTCProdukt2014Bild-005low-768x432.avif 768w, https:\/\/carboliq.com\/app\/uploads\/2025\/05\/CTCProdukt2014Bild-005low-402x226.avif 402w\" sizes=\"auto, (max-width: 768px) 100vw, 768px\" \/><\/figure>\n<\/div>\n<\/div>\n<\/div><\/div>\n\n\n\n<section class=\"section  has-anthrazit-8-background-color has-background\"><div class=\"section__inner\">\n<p><\/p>\n\n\n\n<h2 class=\"wp-block-heading\" id=\"h-carboliq-revolutioniert-den-kunststoffkreislauf\">carboliq revolutioniert den Kunststoffkreislauf<\/h2>\n\n\n\n<p>Seit der Gr\u00fcndung im Jahr 2017 hat sich carboliq als f\u00fchrende Technologieplattform f\u00fcr chemisches Recycling etabliert. Als Spin-Off des Ingenieurb\u00fcros RECENSO baut carboliq auf die langj\u00e4hrige Erfahrung des Teams um Olivier Inhoff und Christian Haupts, das bereits seit 2004 mechanische und chemische Systeme zur Rohstoff-R\u00fcckgewinnung entwickelt.<\/p>\n\n\n\n<p>Unser Standort in Remscheid \u2013 einer Stadt mit reicher Industriegeschichte und einer engen Verbindung zu Wissenschaft, Fachkr\u00e4ften und Zulieferern, bietet die besten Voraussetzungen, um technologischen Fortschritt und nachhaltige Innovationen voranzutreiben.<\/p>\n\n\n\n<p>Mit unserer innovativen L\u00f6sung zur R\u00fcckf\u00fchrung von Kunststoffabf\u00e4llen in den Wertstoffkreislauf tragen wir aktiv dazu bei, die Zukunft der Kreislaufwirtschaft mitzugestalten. An der Schnittstelle zwischen Abfallwirtschaft und Chemieindustrie positionieren wir uns als f\u00fchrender Anbieter von Technologie f\u00fcr die Konversion von Kunststoffen. Bei der Entwicklung des Marktes f\u00fcr fl\u00fcssige Sekund\u00e4rrohstoffe nehmen wir eine f\u00fchrende Stellung ein. Unsere Arbeit sorgt daf\u00fcr, dass Kunststoffe als wertvolle Ressource im Kreislauf bleiben und nicht zu Abfall werden.<\/p>\n<\/div><\/section>\n\n\n\n<section class=\"alignwide section \"><div class=\"section__inner\">\n<div class=\"wp-block-columns is-layout-flex wp-container-core-columns-is-layout-28f84493 wp-block-columns-is-layout-flex\">\n<div class=\"wp-block-column is-layout-flow wp-block-column-is-layout-flow\">\n<h3 class=\"wp-block-heading\" id=\"h-erprobt-und-zertifiziert-unsere-pilotanlage-in-ennigerloh\">Erprobt und zertifiziert: Unsere Pilotanlage in Ennigerloh<\/h3>\n\n\n\n<div style=\"height:100px\" aria-hidden=\"true\" class=\"wp-block-spacer is-style-small\"><\/div>\n<\/div>\n<\/div>\n\n\n\n<div class=\"wp-block-media-text alignwide is-stacked-on-mobile\"><figure class=\"wp-block-media-text__media\"><img loading=\"lazy\" decoding=\"async\" width=\"768\" height=\"432\" src=\"https:\/\/carboliq.com\/app\/uploads\/2025\/04\/Pilotanlage-768x432.avif\" alt=\"\" class=\"wp-image-1053 size-full\" srcset=\"https:\/\/carboliq.com\/app\/uploads\/2025\/04\/Pilotanlage-768x432.avif 768w, https:\/\/carboliq.com\/app\/uploads\/2025\/04\/Pilotanlage-402x226.avif 402w\" sizes=\"auto, (max-width: 768px) 100vw, 768px\" \/><\/figure><div class=\"wp-block-media-text__content\">\n<p>Die carboliq-Pilotanlage am Standort des Entsorgungszentrums in Ennigerloh ist weltweit einzigartig.<br>Sie erm\u00f6glicht es, reale Kunststoffabf\u00e4lle im gro\u00dftechnischen Ma\u00dfstab zu testen und die erzeugten Fl\u00fcssigrohstoffe in industrie-typischen Mengen zur Verarbeitung zur Verf\u00fcgung zu stellen. Auf Basis der gewonnenen Daten k\u00f6nnen pr\u00e4zise Massen-, Energie- und Stoffbilanzen ermittelt werden.<br>Die Anlage ist als Produktionsanlage f\u00fcr den 24\/7-Betrieb zugelassen und ist nach DIN ISO 2001 zertifiziert.<br>Als Entsorgungsfachbetrieb ist die Betriebsgesellschaft anerkannt, und sowohl der Prozess als auch die Produkte tragen das ISCCplus-Siegel f\u00fcr nachgewiesene Nachhaltigkeit.<\/p>\n<\/div><\/div>\n\n\n\n<div style=\"height:100px\" aria-hidden=\"true\" class=\"wp-block-spacer is-style-medium\"><\/div>\n\n\n\n<div class=\"wp-block-media-text is-stacked-on-mobile\"><figure class=\"wp-block-media-text__media\"><img loading=\"lazy\" decoding=\"async\" width=\"768\" height=\"432\" src=\"https:\/\/carboliq.com\/app\/uploads\/2025\/04\/Pilotanlage2-768x432.avif\" alt=\"\" class=\"wp-image-1058 size-full\" srcset=\"https:\/\/carboliq.com\/app\/uploads\/2025\/04\/Pilotanlage2-768x432.avif 768w, https:\/\/carboliq.com\/app\/uploads\/2025\/04\/Pilotanlage2-402x226.avif 402w\" sizes=\"auto, (max-width: 768px) 100vw, 768px\" \/><\/figure><div class=\"wp-block-media-text__content\">\n<p>Der Betrieb der carboliq-Pilotanlage ist von unsch\u00e4tzbarem Wert f\u00fcr die Weiterentwicklung des Verfahrens und die Evaluierung der Produkte. Mehr als 22.000 Stunden belegte Produktionszeit und die Verarbeitung von hunderten Tonnen realer Abf\u00e4lle tragen erheblich dazu bei, das Risiko von Fehleinsch\u00e4tzungen bei der Skalierung der Technologie zu minimieren.<\/p>\n<\/div><\/div>\n<\/div><\/section>\n\n\n\n<p><\/p>\n\n\n\n<section class=\"section \"><div class=\"section__inner\">\n<h2 class=\"wp-block-heading\" id=\"h-management\">Management<\/h2>\n\n\n\n<p>Der Erfolg der technischen Entwicklung bei carboliq basiert auf der Zusammenarbeit qualifizierter und motivierter Mitarbeiter. Ein interdisziplin\u00e4res Team mit langj\u00e4hriger Erfahrung arbeitet mit gro\u00dfem Engagement daran.<\/p>\n\n\n\n<div style=\"height:100px\" aria-hidden=\"true\" class=\"wp-block-spacer is-style-small\"><\/div>\n\n\n\n<div class=\"wp-block-columns is-layout-flex wp-container-core-columns-is-layout-28f84493 wp-block-columns-is-layout-flex\">\n<div class=\"wp-block-column is-layout-flow wp-block-column-is-layout-flow\"><\/div>\n\n\n\n<div class=\"wp-block-column is-layout-flow wp-block-column-is-layout-flow\"><\/div>\n<\/div>\n\n\n\n<div class=\"wp-block-columns is-layout-flex wp-container-core-columns-is-layout-28f84493 wp-block-columns-is-layout-flex\">\n<div class=\"wp-block-column is-layout-flow wp-block-column-is-layout-flow\">\n<figure class=\"wp-block-image size-full\"><a href=\"https:\/\/carboliq.com\/app\/uploads\/2025\/04\/Portraet_Haupts-2.avif\"><img loading=\"lazy\" decoding=\"async\" width=\"360\" height=\"240\" src=\"https:\/\/carboliq.com\/app\/uploads\/2025\/04\/Portraet_Haupts-2.avif\" alt=\"\" class=\"wp-image-972\"\/><\/a><\/figure>\n\n\n\n<div style=\"height:0px\" aria-hidden=\"true\" class=\"wp-block-spacer is-style-xsmall\"><\/div>\n\n\n\n<h4 class=\"wp-block-heading\" id=\"h-christian-haupts\">Christian Haupts<\/h4>\n\n\n\n<p>CEO<\/p>\n<\/div>\n\n\n\n<div class=\"wp-block-column is-layout-flow wp-block-column-is-layout-flow\">\n<figure class=\"wp-block-image size-full\"><a href=\"https:\/\/carboliq.com\/app\/uploads\/2025\/04\/Portraet_Inhoff-1.avif\"><img loading=\"lazy\" decoding=\"async\" width=\"360\" height=\"240\" src=\"https:\/\/carboliq.com\/app\/uploads\/2025\/04\/Portraet_Inhoff-1.avif\" alt=\"\" class=\"wp-image-974\"\/><\/a><\/figure>\n\n\n\n<div style=\"height:8px\" aria-hidden=\"true\" class=\"wp-block-spacer is-style-xsmall\"><\/div>\n\n\n\n<h4 class=\"wp-block-heading\" id=\"h-olivier-inhoff-0\">Olivier Inhoff<\/h4>\n\n\n\n<p>CTO<\/p>\n<\/div>\n\n\n\n<div class=\"wp-block-column is-layout-flow wp-block-column-is-layout-flow\">\n<figure class=\"wp-block-image size-full\"><a href=\"https:\/\/carboliq.com\/app\/uploads\/2025\/04\/Portraet_Klein-1.avif\"><img loading=\"lazy\" decoding=\"async\" width=\"360\" height=\"240\" src=\"https:\/\/carboliq.com\/app\/uploads\/2025\/04\/Portraet_Klein-1.avif\" alt=\"\" class=\"wp-image-976\"\/><\/a><\/figure>\n\n\n\n<div style=\"height:8px\" aria-hidden=\"true\" class=\"wp-block-spacer is-style-xsmall\"><\/div>\n\n\n\n<h4 class=\"wp-block-heading\" id=\"h-dr-harald-klein\">Dr. Harald Klein<\/h4>\n\n\n\n<p>COO<\/p>\n<\/div>\n<\/div>\n<\/div><\/section>\n\n\n\n<section class=\"section  is-style-nbm has-white-background-color has-background\"><div class=\"section__inner\">\n<div class=\"wp-block-group is-layout-constrained wp-block-group-is-layout-constrained\">\n<h2 class=\"wp-block-heading\" id=\"h-unsere-strategischen-partnerschaften\">Unsere strategischen Partnerschaften<\/h2>\n\n\n\n<p>Die Zusammenarbeit \u00fcber Unternehmensgrenzen hinweg ist ein wesentlicher Schl\u00fcssel zum Erfolg. Carboliq kooperiert weltweit mit Unternehmen jeder Gr\u00f6\u00dfe sowie mit Instituten und Hochschulen.<\/p>\n\n\n\n<div style=\"height:100px\" aria-hidden=\"true\" class=\"wp-block-spacer is-style-xsmall\"><\/div>\n<\/div>\n<\/div><\/section>\n\n\n\n<section class=\"alignwide section  is-style-default\"><div class=\"section__inner\">\n<div class=\"wp-block-verdure-teaser-special teaser-special is-vertically-aligned-center\">\n<figure class=\"wp-block-image size-full teaser-special__media\"><img loading=\"lazy\" decoding=\"async\" width=\"720\" height=\"1080\" src=\"https:\/\/carboliq.com\/app\/uploads\/2025\/04\/Ueber_suedpack-720x1080.avif\" alt=\"\" class=\"wp-image-1066\" srcset=\"https:\/\/carboliq.com\/app\/uploads\/2025\/04\/Ueber_suedpack-720x1080.avif 720w, https:\/\/carboliq.com\/app\/uploads\/2025\/04\/Ueber_suedpack-768x1152.avif 768w, https:\/\/carboliq.com\/app\/uploads\/2025\/04\/Ueber_suedpack.avif 800w\" sizes=\"auto, (max-width: 720px) 100vw, 720px\" \/><\/figure>\n\n\n\n<div class=\"wp-block-group alignfull teaser-special__content is-layout-flow wp-block-group-is-layout-flow\">\n<p class=\"is-style-subheading\"><\/p>\n\n\n\n<h3 class=\"wp-block-heading\" id=\"h-sudpack-verpackungen-se-amp-co-kg\">S\u00dcDPACK Verpackungen SE &amp; Co. KG<\/h3>\n\n\n\n<p class=\"teaser-special__desc\">Seit 2024 ist <a href=\"http:\/\/www.suedpack.com\" target=\"_blank\" rel=\"noreferrer noopener\">S\u00dcDPACK <\/a>der Hauptgesellschafter von carboliq. Als f\u00fchrender Hersteller von High-Performance-Folien f\u00fcr Lebensmittel-, Medizing\u00fcter- und Non-Food-Verpackungen verfolgt das Unternehmen konsequent den Ausbau von Recyclingskapazit\u00e4ten f\u00fcr seine Produkte. Diese Partnerschaft st\u00e4rkt die Innovationskraft von carboliq und er\u00f6ffnet neue Perspektiven f\u00fcr die Skalierung unserer Technologie.<\/p>\n<\/div>\n<\/div>\n\n\n\n<div style=\"height:100px\" aria-hidden=\"true\" class=\"wp-block-spacer is-style-medium\"><\/div>\n\n\n\n<div class=\"wp-block-verdure-teaser-special teaser-special is-vertically-aligned-center\">\n<figure class=\"wp-block-image size-full teaser-special__media\"><img loading=\"lazy\" decoding=\"async\" width=\"720\" height=\"1080\" src=\"https:\/\/carboliq.com\/app\/uploads\/2025\/04\/Ueber_Recensojpg-720x1080.avif\" alt=\"\" class=\"wp-image-1064\" srcset=\"https:\/\/carboliq.com\/app\/uploads\/2025\/04\/Ueber_Recensojpg-720x1080.avif 720w, https:\/\/carboliq.com\/app\/uploads\/2025\/04\/Ueber_Recensojpg-768x1152.avif 768w, https:\/\/carboliq.com\/app\/uploads\/2025\/04\/Ueber_Recensojpg.avif 800w\" sizes=\"auto, (max-width: 720px) 100vw, 720px\" \/><\/figure>\n\n\n\n<div class=\"wp-block-group alignfull teaser-special__content is-layout-flow wp-block-group-is-layout-flow\">\n<p class=\"is-style-subheading\"><\/p>\n\n\n\n<h3 class=\"wp-block-heading\" id=\"h-recenso-gmbh\">Recenso GmbH<\/h3>\n\n\n\n<p class=\"teaser-special__desc\"><a href=\"https:\/\/recenso.eu\/de\/\" target=\"_blank\" rel=\"noreferrer noopener\">Recenso <\/a>ist ein Ingenieurb\u00fcro, das sich seit Jahrzehnten mit innovativen Recyclingtechnologien besch\u00e4ftigt. Durch ihre tiefgreifende Expertise und ihr umfangreiches Know-how in diesem Bereich, hat Recenso carboliq als eigene Gesellschaft ausgegr\u00fcndet, um die Entwicklung von chemischem Recycling und der Kreislaufwirtschaft weiter voranzutreiben. In Barrie, Kanada, realisierte Recenso die erste Ver\u00f6lungsanlage in Modulbauweise.<\/p>\n\n\n\n<p class=\"teaser-special__desc\">Recenso treibt die Weiterentwicklung des Kernprozesses der Ver\u00f6lung voran und ber\u00e4t carboliq in Fragen der Anwendung auf hochkalorische Einsatzstoffe. Mit der Tochtergesellschaft converbio GmbH arbeitet das Recenso Team an der Anwendung der Direktver\u00f6lung auf Biomasse.<\/p>\n<\/div>\n<\/div>\n\n\n\n<div style=\"height:100px\" aria-hidden=\"true\" class=\"wp-block-spacer is-style-medium\"><\/div>\n\n\n\n<div class=\"wp-block-verdure-teaser-special teaser-special is-vertically-aligned-center\">\n<figure class=\"wp-block-image size-full teaser-special__media\"><img loading=\"lazy\" decoding=\"async\" width=\"720\" height=\"1080\" src=\"https:\/\/carboliq.com\/app\/uploads\/2025\/04\/Ueber_ECOWEST-1-720x1080.avif\" alt=\"\" class=\"wp-image-1068\" srcset=\"https:\/\/carboliq.com\/app\/uploads\/2025\/04\/Ueber_ECOWEST-1-720x1080.avif 720w, https:\/\/carboliq.com\/app\/uploads\/2025\/04\/Ueber_ECOWEST-1-768x1152.avif 768w, https:\/\/carboliq.com\/app\/uploads\/2025\/04\/Ueber_ECOWEST-1.avif 800w\" sizes=\"auto, (max-width: 720px) 100vw, 720px\" \/><\/figure>\n\n\n\n<div class=\"wp-block-group alignfull teaser-special__content is-layout-flow wp-block-group-is-layout-flow\">\n<h3 class=\"wp-block-heading\" id=\"h-ecowest-entsorgungsverbund-westfalen-gmbh\">ECOWEST \u2013 Entsorgungsverbund Westfalen GmbH<\/h3>\n\n\n\n<p class=\"teaser-special__desc\">Die <a href=\"https:\/\/www.ecowest-verbund.de\/\" target=\"_blank\" rel=\"noreferrer noopener\">Ecowest<\/a>, als \u00f6ffentliches Unternehmen, ist f\u00fcr die Verwertung und Beseitigung der Siedlungs- und Gewerbeabf\u00e4lle der Landkreise G\u00fctersloh und Warendorf zust\u00e4ndig. In einer Mechanisch-Biologischen Anlage (MBA) werden mehrere Qualit\u00e4ten von Ersatzbrennstoffen hergestellt. Die hochkalorische Fraktion wird in Zement\u00f6fen eingesetzt (ca. 30 tto).<\/p>\n\n\n\n<p>Die F\u00fchrung der Ecowest hat sich bereits 2009 mit der Direktver\u00f6lung als einem alternativen Absatzweg f\u00fcr die Hochkalorik besch\u00e4ftigt. Mit Hilfe eines Privatinvestors wurde 2011 von der Recenso die Anlage in der Lagerhalle des Ersatzbrennstoffs realisiert. Ziel war die Umwandlung des EBS in einen lagerf\u00e4higen, universell nutzbaren Energietr\u00e4ger. Die Betriebsgesellschaft firmierte bis zur mehrheitlichen \u00dcbernahme durch die carboliq im Jahr 2016 als DieselWest GmbH.<\/p>\n<\/div>\n<\/div>\n<\/div><\/section>\n","protected":false},"excerpt":{"rendered":"<p>carboliq revolutioniert den Kunststoffkreislauf: Seit der Gr\u00fcndung im Jahr 2017 hat sich carboliq als f\u00fchrende Technologieplattform f\u00fcr chemisches Recycling etabliert.<\/p>\n","protected":false},"author":2,"featured_media":1048,"parent":0,"menu_order":0,"comment_status":"closed","ping_status":"closed","template":"","meta":{"footnotes":""},"page_category":[],"class_list":["post-434","page","type-page","status-publish","has-post-thumbnail","hentry"],"yoast_head":"<!-- This site is optimized with the Yoast SEO Premium plugin v26.5 (Yoast SEO v26.5) - https:\/\/yoast.com\/wordpress\/plugins\/seo\/ -->\n<title>\u00dcber carboliq - Carboliq GmbH<\/title>\n<meta name=\"robots\" content=\"index, follow, max-snippet:-1, max-image-preview:large, max-video-preview:-1\" \/>\n<link rel=\"canonical\" href=\"https:\/\/carboliq.com\/de\/ueber-carboliq\/\" \/>\n<meta property=\"og:locale\" content=\"de_DE\" \/>\n<meta property=\"og:type\" content=\"article\" \/>\n<meta property=\"og:title\" content=\"\u00dcber carboliq\" \/>\n<meta property=\"og:description\" content=\"carboliq revolutioniert den Kunststoffkreislauf: Seit der Gr\u00fcndung im Jahr 2017 hat sich carboliq als f\u00fchrende Technologieplattform f\u00fcr chemisches Recycling etabliert.\" \/>\n<meta property=\"og:url\" content=\"https:\/\/carboliq.com\/de\/ueber-carboliq\/\" \/>\n<meta property=\"og:site_name\" content=\"Carboliq GmbH\" \/>\n<meta property=\"article:modified_time\" content=\"2026-03-17T08:06:08+00:00\" \/>\n<meta property=\"og:image\" content=\"https:\/\/carboliq.com\/app\/uploads\/2025\/04\/Ueber-carboliq-1620x1080.avif\" \/>\n\t<meta property=\"og:image:width\" content=\"2560\" \/>\n\t<meta property=\"og:image:height\" content=\"1707\" \/>\n\t<meta property=\"og:image:type\" content=\"image\/jpeg\" \/>\n<meta name=\"twitter:card\" content=\"summary_large_image\" \/>\n<meta name=\"twitter:label1\" content=\"Gesch\u00e4tzte Lesezeit\" \/>\n\t<meta name=\"twitter:data1\" content=\"6\u00a0Minuten\" \/>\n<script type=\"application\/ld+json\" class=\"yoast-schema-graph\">{\"@context\":\"https:\/\/schema.org\",\"@graph\":[{\"@type\":\"WebPage\",\"@id\":\"https:\/\/carboliq.com\/de\/ueber-carboliq\/\",\"url\":\"https:\/\/carboliq.com\/de\/ueber-carboliq\/\",\"name\":\"\u00dcber carboliq - Carboliq GmbH\",\"isPartOf\":{\"@id\":\"https:\/\/carboliq.com\/de\/#website\"},\"primaryImageOfPage\":{\"@id\":\"https:\/\/carboliq.com\/de\/ueber-carboliq\/#primaryimage\"},\"image\":{\"@id\":\"https:\/\/carboliq.com\/de\/ueber-carboliq\/#primaryimage\"},\"thumbnailUrl\":\"https:\/\/carboliq.com\/app\/uploads\/2025\/04\/Ueber-carboliq-1620x1080.avif\",\"datePublished\":\"2025-03-21T12:48:09+00:00\",\"dateModified\":\"2026-03-17T08:06:08+00:00\",\"breadcrumb\":{\"@id\":\"https:\/\/carboliq.com\/de\/ueber-carboliq\/#breadcrumb\"},\"inLanguage\":\"de\",\"potentialAction\":[{\"@type\":\"ReadAction\",\"target\":[\"https:\/\/carboliq.com\/de\/ueber-carboliq\/\"]}]},{\"@type\":\"ImageObject\",\"inLanguage\":\"de\",\"@id\":\"https:\/\/carboliq.com\/de\/ueber-carboliq\/#primaryimage\",\"url\":\"https:\/\/carboliq.com\/app\/uploads\/2025\/04\/Ueber-carboliq-1620x1080.avif\",\"contentUrl\":\"https:\/\/carboliq.com\/app\/uploads\/2025\/04\/Ueber-carboliq-1620x1080.avif\",\"width\":2560,\"height\":1707},{\"@type\":\"BreadcrumbList\",\"@id\":\"https:\/\/carboliq.com\/de\/ueber-carboliq\/#breadcrumb\",\"itemListElement\":[{\"@type\":\"ListItem\",\"position\":1,\"name\":\"Home\",\"item\":\"https:\/\/carboliq.com\/de\/\"},{\"@type\":\"ListItem\",\"position\":2,\"name\":\"\u00dcber carboliq\"}]},{\"@type\":\"WebSite\",\"@id\":\"https:\/\/carboliq.com\/de\/#website\",\"url\":\"https:\/\/carboliq.com\/de\/\",\"name\":\"carboliq GmbH\",\"description\":\"Innovation aus Freude an Technik\",\"publisher\":{\"@id\":\"https:\/\/carboliq.com\/de\/#organization\"},\"potentialAction\":[{\"@type\":\"SearchAction\",\"target\":{\"@type\":\"EntryPoint\",\"urlTemplate\":\"https:\/\/carboliq.com\/de\/?s={search_term_string}\"},\"query-input\":{\"@type\":\"PropertyValueSpecification\",\"valueRequired\":true,\"valueName\":\"search_term_string\"}}],\"inLanguage\":\"de\"},{\"@type\":\"Organization\",\"@id\":\"https:\/\/carboliq.com\/de\/#organization\",\"name\":\"carboliq GmbH\",\"url\":\"https:\/\/carboliq.com\/de\/\",\"logo\":{\"@type\":\"ImageObject\",\"inLanguage\":\"de\",\"@id\":\"https:\/\/carboliq.com\/de\/#\/schema\/logo\/image\/\",\"url\":\"https:\/\/carboliq.com\/app\/uploads\/2025\/08\/CLIQ_Logo_ohne_Claim-1920x402.webp\",\"contentUrl\":\"https:\/\/carboliq.com\/app\/uploads\/2025\/08\/CLIQ_Logo_ohne_Claim-1920x402.webp\",\"width\":2560,\"height\":536,\"caption\":\"carboliq GmbH\"},\"image\":{\"@id\":\"https:\/\/carboliq.com\/de\/#\/schema\/logo\/image\/\"},\"sameAs\":[\"https:\/\/www.linkedin.com\/company\/carboliq\/posts\/?feedView=all\"]}]}<\/script>\n<!-- \/ Yoast SEO Premium plugin. -->","yoast_head_json":{"title":"\u00dcber carboliq - Carboliq GmbH","robots":{"index":"index","follow":"follow","max-snippet":"max-snippet:-1","max-image-preview":"max-image-preview:large","max-video-preview":"max-video-preview:-1"},"canonical":"https:\/\/carboliq.com\/de\/ueber-carboliq\/","og_locale":"de_DE","og_type":"article","og_title":"\u00dcber carboliq","og_description":"carboliq revolutioniert den Kunststoffkreislauf: Seit der Gr\u00fcndung im Jahr 2017 hat sich carboliq als f\u00fchrende Technologieplattform f\u00fcr chemisches Recycling etabliert.","og_url":"https:\/\/carboliq.com\/de\/ueber-carboliq\/","og_site_name":"Carboliq GmbH","article_modified_time":"2026-03-17T08:06:08+00:00","og_image":[{"width":2560,"height":1707,"url":"https:\/\/carboliq.com\/app\/uploads\/2025\/04\/Ueber-carboliq-1620x1080.avif","type":"image\/jpeg"}],"twitter_card":"summary_large_image","twitter_misc":{"Gesch\u00e4tzte Lesezeit":"6\u00a0Minuten"},"schema":{"@context":"https:\/\/schema.org","@graph":[{"@type":"WebPage","@id":"https:\/\/carboliq.com\/de\/ueber-carboliq\/","url":"https:\/\/carboliq.com\/de\/ueber-carboliq\/","name":"\u00dcber carboliq - Carboliq GmbH","isPartOf":{"@id":"https:\/\/carboliq.com\/de\/#website"},"primaryImageOfPage":{"@id":"https:\/\/carboliq.com\/de\/ueber-carboliq\/#primaryimage"},"image":{"@id":"https:\/\/carboliq.com\/de\/ueber-carboliq\/#primaryimage"},"thumbnailUrl":"https:\/\/carboliq.com\/app\/uploads\/2025\/04\/Ueber-carboliq-1620x1080.avif","datePublished":"2025-03-21T12:48:09+00:00","dateModified":"2026-03-17T08:06:08+00:00","breadcrumb":{"@id":"https:\/\/carboliq.com\/de\/ueber-carboliq\/#breadcrumb"},"inLanguage":"de","potentialAction":[{"@type":"ReadAction","target":["https:\/\/carboliq.com\/de\/ueber-carboliq\/"]}]},{"@type":"ImageObject","inLanguage":"de","@id":"https:\/\/carboliq.com\/de\/ueber-carboliq\/#primaryimage","url":"https:\/\/carboliq.com\/app\/uploads\/2025\/04\/Ueber-carboliq-1620x1080.avif","contentUrl":"https:\/\/carboliq.com\/app\/uploads\/2025\/04\/Ueber-carboliq-1620x1080.avif","width":2560,"height":1707},{"@type":"BreadcrumbList","@id":"https:\/\/carboliq.com\/de\/ueber-carboliq\/#breadcrumb","itemListElement":[{"@type":"ListItem","position":1,"name":"Home","item":"https:\/\/carboliq.com\/de\/"},{"@type":"ListItem","position":2,"name":"\u00dcber carboliq"}]},{"@type":"WebSite","@id":"https:\/\/carboliq.com\/de\/#website","url":"https:\/\/carboliq.com\/de\/","name":"carboliq GmbH","description":"Innovation aus Freude an Technik","publisher":{"@id":"https:\/\/carboliq.com\/de\/#organization"},"potentialAction":[{"@type":"SearchAction","target":{"@type":"EntryPoint","urlTemplate":"https:\/\/carboliq.com\/de\/?s={search_term_string}"},"query-input":{"@type":"PropertyValueSpecification","valueRequired":true,"valueName":"search_term_string"}}],"inLanguage":"de"},{"@type":"Organization","@id":"https:\/\/carboliq.com\/de\/#organization","name":"carboliq GmbH","url":"https:\/\/carboliq.com\/de\/","logo":{"@type":"ImageObject","inLanguage":"de","@id":"https:\/\/carboliq.com\/de\/#\/schema\/logo\/image\/","url":"https:\/\/carboliq.com\/app\/uploads\/2025\/08\/CLIQ_Logo_ohne_Claim-1920x402.webp","contentUrl":"https:\/\/carboliq.com\/app\/uploads\/2025\/08\/CLIQ_Logo_ohne_Claim-1920x402.webp","width":2560,"height":536,"caption":"carboliq GmbH"},"image":{"@id":"https:\/\/carboliq.com\/de\/#\/schema\/logo\/image\/"},"sameAs":["https:\/\/www.linkedin.com\/company\/carboliq\/posts\/?feedView=all"]}]}},"_links":{"self":[{"href":"https:\/\/carboliq.com\/de\/wp-json\/wp\/v2\/pages\/434","targetHints":{"allow":["GET"]}}],"collection":[{"href":"https:\/\/carboliq.com\/de\/wp-json\/wp\/v2\/pages"}],"about":[{"href":"https:\/\/carboliq.com\/de\/wp-json\/wp\/v2\/types\/page"}],"author":[{"embeddable":true,"href":"https:\/\/carboliq.com\/de\/wp-json\/wp\/v2\/users\/2"}],"replies":[{"embeddable":true,"href":"https:\/\/carboliq.com\/de\/wp-json\/wp\/v2\/comments?post=434"}],"version-history":[{"count":2,"href":"https:\/\/carboliq.com\/de\/wp-json\/wp\/v2\/pages\/434\/revisions"}],"predecessor-version":[{"id":2148,"href":"https:\/\/carboliq.com\/de\/wp-json\/wp\/v2\/pages\/434\/revisions\/2148"}],"wp:featuredmedia":[{"embeddable":true,"href":"https:\/\/carboliq.com\/de\/wp-json\/wp\/v2\/media\/1048"}],"wp:attachment":[{"href":"https:\/\/carboliq.com\/de\/wp-json\/wp\/v2\/media?parent=434"}],"wp:term":[{"taxonomy":"page_category","embeddable":true,"href":"https:\/\/carboliq.com\/de\/wp-json\/wp\/v2\/page_category?post=434"}],"curies":[{"name":"wp","href":"https:\/\/api.w.org\/{rel}","templated":true}]}}