{"id":671,"date":"2025-04-22T09:24:36","date_gmt":"2025-04-22T09:24:36","guid":{"rendered":"https:\/\/staging.carboliq.com\/?page_id=671"},"modified":"2025-07-29T13:46:25","modified_gmt":"2025-07-29T13:46:25","slug":"vision-und-mission","status":"publish","type":"page","link":"https:\/\/carboliq.com\/de\/vision-und-mission\/","title":{"rendered":"Vision und Mission"},"content":{"rendered":"\n<div class=\"wp-block-cover alignfull is-light hero has-white-background-color has-background\"><span aria-hidden=\"true\" class=\"wp-block-cover__background has-white-background-color has-background-dim-0 has-background-dim\"><\/span><div class=\"wp-block-cover__inner-container is-layout-flow wp-block-cover-is-layout-flow\">\n<div class=\"wp-block-columns is-layout-flex wp-container-core-columns-is-layout-28f84493 wp-block-columns-is-layout-flex\">\n<div class=\"wp-block-column is-vertically-aligned-center hero__content is-layout-flow wp-block-column-is-layout-flow\">\n<p>Vision und Mission<\/p>\n\n\n\n<h1 class=\"wp-block-heading\">Unsere Vision \u2013 eine zirkul\u00e4re Zukunft.<\/h1>\n<\/div>\n\n\n\n<div class=\"wp-block-column is-vertically-aligned-center hero__media is-layout-flow wp-block-column-is-layout-flow\">\n<figure class=\"wp-block-image size-full\"><img data-dominant-color=\"91775a\" data-has-transparency=\"false\" loading=\"lazy\" decoding=\"async\" width=\"1895\" height=\"1080\" src=\"https:\/\/carboliq.com\/app\/uploads\/2025\/06\/Vision_02-1895x1080.avif\" alt=\"\" class=\"wp-image-1324 not-transparent\" style=\"--dominant-color: #91775a; aspect-ratio:16\/9;object-fit:cover\" srcset=\"https:\/\/carboliq.com\/app\/uploads\/2025\/06\/Vision_02-1895x1080.avif 1895w, https:\/\/carboliq.com\/app\/uploads\/2025\/06\/Vision_02-768x438.avif 768w, https:\/\/carboliq.com\/app\/uploads\/2025\/06\/Vision_02-1536x875.avif 1536w, https:\/\/carboliq.com\/app\/uploads\/2025\/06\/Vision_02.avif 1974w\" sizes=\"auto, (max-width: 1895px) 100vw, 1895px\" \/><\/figure>\n<\/div>\n<\/div>\n<\/div><\/div>\n\n\n\n<section class=\"section  is-style-nbm\"><div class=\"section__inner\">\n<div class=\"wp-block-group is-layout-constrained wp-block-group-is-layout-constrained\">\n<p class=\"is-style-default\">Wir erm\u00f6glichen eine zirkul\u00e4re Zukunft.<br>Mit unserer innovativen carboliq-Technologie schlie\u00dfen wir den Kreislauf f\u00fcr Kunststoffe, senken den Verbrauch fossiler Rohstoffe und tragen damit ma\u00dfgeblich zum Klimaschutz bei.<\/p>\n\n\n\n<p>Unser Ziel ist es, eine nachhaltige Zukunft zu gestalten, indem wir die Grenzen der herk\u00f6mmlichen Abfallwirtschaft durchbrechen. <\/p>\n\n\n\n<p>Wir streben danach, eine Welt zu schaffen, in der Abf\u00e4lle nicht l\u00e4nger als M\u00fcll betrachtet werden, sondern als wertvolle Ressourcen, die in einem endlosen Kreislauf genutzt werden k\u00f6nnen. <br>Unsere einzigartige carboliq-Technologie erm\u00f6glicht es uns, die lineare Wertsch\u00f6pfungskette unserer Industrie zu beenden und die Transformation hin zu einer zirkul\u00e4ren Industrie zu f\u00f6rdern.<\/p>\n<\/div>\n<\/div><\/section>\n\n\n\n<section class=\"alignwide section  is-style-nbm\"><div class=\"section__inner\">\n<div class=\"wp-block-media-text is-stacked-on-mobile\"><figure class=\"wp-block-media-text__media\"><img data-dominant-color=\"545d54\" data-has-transparency=\"false\" style=\"--dominant-color: #545d54;\" loading=\"lazy\" decoding=\"async\" width=\"768\" height=\"432\" src=\"https:\/\/carboliq.com\/app\/uploads\/2025\/05\/unsere-Mission-768x432.avif\" alt=\"\" class=\"wp-image-1255 size-full not-transparent\" srcset=\"https:\/\/carboliq.com\/app\/uploads\/2025\/05\/unsere-Mission-768x432.avif 768w, https:\/\/carboliq.com\/app\/uploads\/2025\/05\/unsere-Mission-402x226.avif 402w\" sizes=\"auto, (max-width: 768px) 100vw, 768px\" \/><\/figure><div class=\"wp-block-media-text__content\">\n<p><\/p>\n\n\n\n<h2 class=\"wp-block-heading has-h-3-font-size\">Unsere Mission \u2013 wir regenerieren die Potenziale im Plastikm\u00fcll<\/h2>\n\n\n\n<p>Wir entwickeln innovative Technologien, die eine nachhaltige Zukunft mit Kunststoffen erm\u00f6glichen. Mit unseren Anlagen verwandeln wir Kunststoffabf\u00e4lle in universell nutzbare Rohstoffe und schaffen so die Grundlage f\u00fcr eine funktionierende Kreislaufwirtschaft. Unsere L\u00f6sungen tragen dazu bei, die ambitionierten Vorgaben f\u00fcr den Einsatz von Rezyklaten zu erf\u00fcllen. Dabei verstehen wir unsere Technologie nicht als Konkurrenz, sondern als wertvolle Erg\u00e4nzung zum mechanischen Recycling.<\/p>\n<\/div><\/div>\n<\/div><\/section>\n\n\n\n<p><\/p>\n","protected":false},"excerpt":{"rendered":"<p>Wir erm\u00f6glichen eine zirkul\u00e4re Zukunft<\/p>\n","protected":false},"author":6,"featured_media":1800,"parent":0,"menu_order":0,"comment_status":"closed","ping_status":"closed","template":"","meta":{"footnotes":""},"page_category":[],"class_list":["post-671","page","type-page","status-publish","has-post-thumbnail","hentry"],"yoast_head":"<!-- This site is optimized with the Yoast SEO Premium plugin v26.5 (Yoast SEO v26.5) - https:\/\/yoast.com\/wordpress\/plugins\/seo\/ -->\n<title>Vision und Mission - Carboliq GmbH<\/title>\n<meta name=\"robots\" content=\"index, follow, max-snippet:-1, max-image-preview:large, max-video-preview:-1\" \/>\n<link rel=\"canonical\" href=\"https:\/\/carboliq.com\/de\/vision-und-mission\/\" \/>\n<meta property=\"og:locale\" content=\"de_DE\" \/>\n<meta property=\"og:type\" content=\"article\" \/>\n<meta property=\"og:title\" content=\"Vision und Mission\" \/>\n<meta property=\"og:description\" content=\"Wir erm\u00f6glichen eine zirkul\u00e4re Zukunft\" \/>\n<meta property=\"og:url\" content=\"https:\/\/carboliq.com\/de\/vision-und-mission\/\" \/>\n<meta property=\"og:site_name\" content=\"Carboliq GmbH\" \/>\n<meta property=\"article:modified_time\" content=\"2025-07-29T13:46:25+00:00\" \/>\n<meta property=\"og:image\" content=\"https:\/\/carboliq.com\/app\/uploads\/2025\/07\/Vision_03.avif\" \/>\n\t<meta property=\"og:image:width\" content=\"1919\" \/>\n\t<meta property=\"og:image:height\" content=\"1079\" \/>\n\t<meta property=\"og:image:type\" content=\"image\/jpeg\" \/>\n<meta name=\"twitter:card\" content=\"summary_large_image\" \/>\n<meta name=\"twitter:label1\" content=\"Gesch\u00e4tzte Lesezeit\" \/>\n\t<meta name=\"twitter:data1\" content=\"2\u00a0Minuten\" \/>\n<script type=\"application\/ld+json\" class=\"yoast-schema-graph\">{\"@context\":\"https:\/\/schema.org\",\"@graph\":[{\"@type\":\"WebPage\",\"@id\":\"https:\/\/carboliq.com\/de\/vision-und-mission\/\",\"url\":\"https:\/\/carboliq.com\/de\/vision-und-mission\/\",\"name\":\"Vision und Mission - Carboliq GmbH\",\"isPartOf\":{\"@id\":\"https:\/\/carboliq.com\/de\/#website\"},\"primaryImageOfPage\":{\"@id\":\"https:\/\/carboliq.com\/de\/vision-und-mission\/#primaryimage\"},\"image\":{\"@id\":\"https:\/\/carboliq.com\/de\/vision-und-mission\/#primaryimage\"},\"thumbnailUrl\":\"https:\/\/carboliq.com\/app\/uploads\/2025\/07\/Vision_03.avif\",\"datePublished\":\"2025-04-22T09:24:36+00:00\",\"dateModified\":\"2025-07-29T13:46:25+00:00\",\"breadcrumb\":{\"@id\":\"https:\/\/carboliq.com\/de\/vision-und-mission\/#breadcrumb\"},\"inLanguage\":\"de\",\"potentialAction\":[{\"@type\":\"ReadAction\",\"target\":[\"https:\/\/carboliq.com\/de\/vision-und-mission\/\"]}]},{\"@type\":\"ImageObject\",\"inLanguage\":\"de\",\"@id\":\"https:\/\/carboliq.com\/de\/vision-und-mission\/#primaryimage\",\"url\":\"https:\/\/carboliq.com\/app\/uploads\/2025\/07\/Vision_03.avif\",\"contentUrl\":\"https:\/\/carboliq.com\/app\/uploads\/2025\/07\/Vision_03.avif\",\"width\":1919,\"height\":1079},{\"@type\":\"BreadcrumbList\",\"@id\":\"https:\/\/carboliq.com\/de\/vision-und-mission\/#breadcrumb\",\"itemListElement\":[{\"@type\":\"ListItem\",\"position\":1,\"name\":\"Home\",\"item\":\"https:\/\/carboliq.com\/de\/\"},{\"@type\":\"ListItem\",\"position\":2,\"name\":\"Vision und Mission\"}]},{\"@type\":\"WebSite\",\"@id\":\"https:\/\/carboliq.com\/de\/#website\",\"url\":\"https:\/\/carboliq.com\/de\/\",\"name\":\"carboliq GmbH\",\"description\":\"Innovation aus Freude an Technik\",\"publisher\":{\"@id\":\"https:\/\/carboliq.com\/de\/#organization\"},\"potentialAction\":[{\"@type\":\"SearchAction\",\"target\":{\"@type\":\"EntryPoint\",\"urlTemplate\":\"https:\/\/carboliq.com\/de\/?s={search_term_string}\"},\"query-input\":{\"@type\":\"PropertyValueSpecification\",\"valueRequired\":true,\"valueName\":\"search_term_string\"}}],\"inLanguage\":\"de\"},{\"@type\":\"Organization\",\"@id\":\"https:\/\/carboliq.com\/de\/#organization\",\"name\":\"carboliq GmbH\",\"url\":\"https:\/\/carboliq.com\/de\/\",\"logo\":{\"@type\":\"ImageObject\",\"inLanguage\":\"de\",\"@id\":\"https:\/\/carboliq.com\/de\/#\/schema\/logo\/image\/\",\"url\":\"https:\/\/carboliq.com\/app\/uploads\/2025\/08\/CLIQ_Logo_ohne_Claim-1920x402.webp\",\"contentUrl\":\"https:\/\/carboliq.com\/app\/uploads\/2025\/08\/CLIQ_Logo_ohne_Claim-1920x402.webp\",\"width\":2560,\"height\":536,\"caption\":\"carboliq GmbH\"},\"image\":{\"@id\":\"https:\/\/carboliq.com\/de\/#\/schema\/logo\/image\/\"},\"sameAs\":[\"https:\/\/www.linkedin.com\/company\/carboliq\/posts\/?feedView=all\"]}]}<\/script>\n<!-- \/ Yoast SEO Premium plugin. -->","yoast_head_json":{"title":"Vision und Mission - Carboliq GmbH","robots":{"index":"index","follow":"follow","max-snippet":"max-snippet:-1","max-image-preview":"max-image-preview:large","max-video-preview":"max-video-preview:-1"},"canonical":"https:\/\/carboliq.com\/de\/vision-und-mission\/","og_locale":"de_DE","og_type":"article","og_title":"Vision und Mission","og_description":"Wir erm\u00f6glichen eine zirkul\u00e4re Zukunft","og_url":"https:\/\/carboliq.com\/de\/vision-und-mission\/","og_site_name":"Carboliq GmbH","article_modified_time":"2025-07-29T13:46:25+00:00","og_image":[{"width":1919,"height":1079,"url":"https:\/\/carboliq.com\/app\/uploads\/2025\/07\/Vision_03.avif","type":"image\/jpeg"}],"twitter_card":"summary_large_image","twitter_misc":{"Gesch\u00e4tzte Lesezeit":"2\u00a0Minuten"},"schema":{"@context":"https:\/\/schema.org","@graph":[{"@type":"WebPage","@id":"https:\/\/carboliq.com\/de\/vision-und-mission\/","url":"https:\/\/carboliq.com\/de\/vision-und-mission\/","name":"Vision und Mission - Carboliq GmbH","isPartOf":{"@id":"https:\/\/carboliq.com\/de\/#website"},"primaryImageOfPage":{"@id":"https:\/\/carboliq.com\/de\/vision-und-mission\/#primaryimage"},"image":{"@id":"https:\/\/carboliq.com\/de\/vision-und-mission\/#primaryimage"},"thumbnailUrl":"https:\/\/carboliq.com\/app\/uploads\/2025\/07\/Vision_03.avif","datePublished":"2025-04-22T09:24:36+00:00","dateModified":"2025-07-29T13:46:25+00:00","breadcrumb":{"@id":"https:\/\/carboliq.com\/de\/vision-und-mission\/#breadcrumb"},"inLanguage":"de","potentialAction":[{"@type":"ReadAction","target":["https:\/\/carboliq.com\/de\/vision-und-mission\/"]}]},{"@type":"ImageObject","inLanguage":"de","@id":"https:\/\/carboliq.com\/de\/vision-und-mission\/#primaryimage","url":"https:\/\/carboliq.com\/app\/uploads\/2025\/07\/Vision_03.avif","contentUrl":"https:\/\/carboliq.com\/app\/uploads\/2025\/07\/Vision_03.avif","width":1919,"height":1079},{"@type":"BreadcrumbList","@id":"https:\/\/carboliq.com\/de\/vision-und-mission\/#breadcrumb","itemListElement":[{"@type":"ListItem","position":1,"name":"Home","item":"https:\/\/carboliq.com\/de\/"},{"@type":"ListItem","position":2,"name":"Vision und Mission"}]},{"@type":"WebSite","@id":"https:\/\/carboliq.com\/de\/#website","url":"https:\/\/carboliq.com\/de\/","name":"carboliq GmbH","description":"Innovation aus Freude an Technik","publisher":{"@id":"https:\/\/carboliq.com\/de\/#organization"},"potentialAction":[{"@type":"SearchAction","target":{"@type":"EntryPoint","urlTemplate":"https:\/\/carboliq.com\/de\/?s={search_term_string}"},"query-input":{"@type":"PropertyValueSpecification","valueRequired":true,"valueName":"search_term_string"}}],"inLanguage":"de"},{"@type":"Organization","@id":"https:\/\/carboliq.com\/de\/#organization","name":"carboliq GmbH","url":"https:\/\/carboliq.com\/de\/","logo":{"@type":"ImageObject","inLanguage":"de","@id":"https:\/\/carboliq.com\/de\/#\/schema\/logo\/image\/","url":"https:\/\/carboliq.com\/app\/uploads\/2025\/08\/CLIQ_Logo_ohne_Claim-1920x402.webp","contentUrl":"https:\/\/carboliq.com\/app\/uploads\/2025\/08\/CLIQ_Logo_ohne_Claim-1920x402.webp","width":2560,"height":536,"caption":"carboliq GmbH"},"image":{"@id":"https:\/\/carboliq.com\/de\/#\/schema\/logo\/image\/"},"sameAs":["https:\/\/www.linkedin.com\/company\/carboliq\/posts\/?feedView=all"]}]}},"_links":{"self":[{"href":"https:\/\/carboliq.com\/de\/wp-json\/wp\/v2\/pages\/671","targetHints":{"allow":["GET"]}}],"collection":[{"href":"https:\/\/carboliq.com\/de\/wp-json\/wp\/v2\/pages"}],"about":[{"href":"https:\/\/carboliq.com\/de\/wp-json\/wp\/v2\/types\/page"}],"author":[{"embeddable":true,"href":"https:\/\/carboliq.com\/de\/wp-json\/wp\/v2\/users\/6"}],"replies":[{"embeddable":true,"href":"https:\/\/carboliq.com\/de\/wp-json\/wp\/v2\/comments?post=671"}],"version-history":[{"count":3,"href":"https:\/\/carboliq.com\/de\/wp-json\/wp\/v2\/pages\/671\/revisions"}],"predecessor-version":[{"id":1799,"href":"https:\/\/carboliq.com\/de\/wp-json\/wp\/v2\/pages\/671\/revisions\/1799"}],"wp:featuredmedia":[{"embeddable":true,"href":"https:\/\/carboliq.com\/de\/wp-json\/wp\/v2\/media\/1800"}],"wp:attachment":[{"href":"https:\/\/carboliq.com\/de\/wp-json\/wp\/v2\/media?parent=671"}],"wp:term":[{"taxonomy":"page_category","embeddable":true,"href":"https:\/\/carboliq.com\/de\/wp-json\/wp\/v2\/page_category?post=671"}],"curies":[{"name":"wp","href":"https:\/\/api.w.org\/{rel}","templated":true}]}}