{"id":811,"date":"2025-04-24T09:19:26","date_gmt":"2025-04-24T09:19:26","guid":{"rendered":"https:\/\/staging.carboliq.com\/?page_id=811"},"modified":"2025-08-01T15:00:52","modified_gmt":"2025-08-01T15:00:52","slug":"materialevaluation","status":"publish","type":"page","link":"https:\/\/carboliq.com\/de\/materialevaluation\/","title":{"rendered":"Materialevaluation"},"content":{"rendered":"\n<div class=\"wp-block-cover alignfull is-light hero has-white-background-color has-background\" style=\"min-height:573px;aspect-ratio:unset;\"><span aria-hidden=\"true\" class=\"wp-block-cover__background has-white-background-color has-background-dim-0 has-background-dim\"><\/span><div class=\"wp-block-cover__inner-container is-layout-flow wp-block-cover-is-layout-flow\">\n<div class=\"wp-block-columns is-layout-flex wp-container-core-columns-is-layout-28f84493 wp-block-columns-is-layout-flex\">\n<div class=\"wp-block-column is-vertically-aligned-center hero__content is-layout-flow wp-block-column-is-layout-flow\">\n<p>Materialevaluation<\/p>\n\n\n\n<h1 class=\"wp-block-heading\">Kunststoffabfall analysieren und Kreislaufwirtschaft optimieren<\/h1>\n\n\n\n<div class=\"wp-block-buttons is-layout-flex wp-block-buttons-is-layout-flex\">\n<div class=\"wp-block-button is-style-fill\"><a class=\"wp-block-button__link wp-element-button\" href=\"https:\/\/carboliq.com\/de\/kontakt\/\">Kontaktieren Sie uns jetzt!<\/a><\/div>\n<\/div>\n<\/div>\n\n\n\n<div class=\"wp-block-column is-vertically-aligned-center hero__media is-layout-flow wp-block-column-is-layout-flow\">\n<figure class=\"wp-block-image size-large\"><img data-dominant-color=\"938d7e\" data-has-transparency=\"false\" style=\"--dominant-color: #938d7e;\" loading=\"lazy\" decoding=\"async\" width=\"768\" height=\"432\" src=\"https:\/\/carboliq.com\/app\/uploads\/2025\/05\/IMG_20221010_132213-768x432.avif\" alt=\"\" class=\"wp-image-1225 not-transparent\" srcset=\"https:\/\/carboliq.com\/app\/uploads\/2025\/05\/IMG_20221010_132213-768x432.avif 768w, https:\/\/carboliq.com\/app\/uploads\/2025\/05\/IMG_20221010_132213-402x226.avif 402w, https:\/\/carboliq.com\/app\/uploads\/2025\/05\/IMG_20221010_132213-1536x864.avif 1536w, https:\/\/carboliq.com\/app\/uploads\/2025\/05\/IMG_20221010_132213-2048x1152.avif 2048w, https:\/\/carboliq.com\/app\/uploads\/2025\/05\/IMG_20221010_132213-1920x1080.avif 1920w\" sizes=\"auto, (max-width: 768px) 100vw, 768px\" \/><\/figure>\n<\/div>\n<\/div>\n<\/div><\/div>\n\n\n\n<section class=\"section  is-style-nbm\"><div class=\"section__inner\">\n<h2 class=\"wp-block-heading has-h-3-font-size\">Materialevaluation<\/h2>\n\n\n\n<div class=\"wp-block-group is-layout-constrained wp-block-group-is-layout-constrained\">\n<p class=\"is-style-default\">Im Rahmen der <strong>Materialevaluation <\/strong>bieten wir Unternehmen eine praxisnahe M\u00f6glichkeit, das Potenzial des carboliq-Verfahren zu pr\u00fcfen. Gemeinsam entwickeln wir mit Ihnen ein Kreislaufmodell, das Ihr Gesch\u00e4ftsmodell unterst\u00fctzt und Ihre Nachhaltigkeitsziele erf\u00fcllt.<\/p>\n\n\n\n<p>Wir ermitteln, welche Produkte bei der Verfl\u00fcssigung Ihrer Kunststoffabf\u00e4lle entstehen. <br>Dabei pr\u00fcfen wir, wie gut sich Ihre Abf\u00e4lle umwandeln lassen und welche Mengen dabei gewonnen werden. Unsere Materialevaluation gibt Ihnen die M\u00f6glichkeit, das Potenzial des carboliq-Verfahrens f\u00fcr Ihre Materialien zu bewerten.<\/p>\n\n\n\n<p>Dank unserer langj\u00e4hrigen Expertise und unserem starken Netzwerk entlang der gesamten Wertsch\u00f6pfungskette entwickeln wir gemeinsam mit Ihnen ein passgenaues Kreislaufmodell. Unser Ziel ist es, eine nachhaltige L\u00f6sung zu schaffen, die perfekt auf Ihr Unternehmen abgestimmt ist.<\/p>\n<\/div>\n\n\n\n<div style=\"height:100px\" aria-hidden=\"true\" class=\"wp-block-spacer\"><\/div>\n<\/div><\/section>\n\n\n\n<section class=\"alignwide section  has-anthrazit-8-background-color has-background\"><div class=\"section__inner\">\n<div class=\"wp-block-verdure-teaser-special teaser-special is-vertically-aligned-center\">\n<div class=\"wp-block-group alignfull teaser-special__content is-layout-constrained wp-block-group-is-layout-constrained\">\n<h2 class=\"wp-block-heading has-text-align-left has-h-3-font-size\">Massen- und Energiebilanzen in der Testkampagne<\/h2>\n\n\n\n<p class=\"has-text-align-left teaser-special__desc\">F\u00fcr das chemische Recycling nach dem carboliq-Verfahren liegen detaillierte Massen- und Energiebilanzen vor. Diese basieren auf Daten, die in definierten Testzeitr\u00e4umen von mindestens 72 Stunden bei kontinuierlichem Anlagenbetrieb erhoben wurden. Sie finden Eingang in den Abschlussbericht jeder von Kunden beauftragten Testkampagen. Daten und Auswertungen bleiben Eigentum der carboliq.<\/p>\n\n\n\n<p class=\"teaser-special__desc\">Zur Ermittlung der Bilanzdaten werden die Anfangs- und Endmassen der Substanzen in den einzelnen Apparaten \u00fcber die F\u00fcllst\u00e4nde der Beh\u00e4lter bestimmt und einem Stoff zugewiesen. Aus den Massen lassen sich \u00fcber die molaren Massen, die CHNO-Analysen und Brennwerte die entsprechenden Stoffmengen und Enthalpiemengen berechnen. Eine exemplarische Ausarbeitung stellen wir nach Unterzeichnung einer Vertraulichkeits- und Nicht-Umgehungsvereinbarung (NDA) gerne zur Verf\u00fcgung.<\/p>\n<\/div>\n<\/div>\n\n\n\n<div style=\"height:100px\" aria-hidden=\"true\" class=\"wp-block-spacer is-style-small\"><\/div>\n\n\n\n<figure class=\"wp-block-image size-full\"><img data-dominant-color=\"e5e5e5\" data-has-transparency=\"false\" style=\"--dominant-color: #e5e5e5;\" loading=\"lazy\" decoding=\"async\" width=\"1357\" height=\"761\" src=\"https:\/\/carboliq.com\/app\/uploads\/2025\/07\/Massflows_greyback-1.avif\" alt=\"\" class=\"wp-image-1560 not-transparent\" srcset=\"https:\/\/carboliq.com\/app\/uploads\/2025\/07\/Massflows_greyback-1.avif 1357w, https:\/\/carboliq.com\/app\/uploads\/2025\/07\/Massflows_greyback-1-402x226.avif 402w, https:\/\/carboliq.com\/app\/uploads\/2025\/07\/Massflows_greyback-1-768x432.avif 768w\" sizes=\"auto, (max-width: 1357px) 100vw, 1357px\" \/><\/figure>\n<\/div><\/section>\n\n\n\n<section class=\"section \"><div class=\"section__inner\">\n<div class=\"wp-block-group is-layout-constrained wp-block-group-is-layout-constrained\">\n<h2 class=\"wp-block-heading\">Praxisbeispiele aus unseren Testkampagnen<\/h2>\n\n\n\n<p><a href=\"http:\/\/www.suedpack.com\">S\u00dcDPACK<\/a> ist einer der f\u00fchrenden Hersteller von Hochleistungsfolien f\u00fcr die Verpackungsindustrie. In innovativen Projekten wurden bereits Mehrschichtfolien des Unternehmens erfolgreich ver\u00f6lt. Auch zeigten sich Folienabf\u00e4lle aus dualen Systemen und Siedlungsabf\u00e4llen als f\u00fcr das Verfahren sehr gut geeignet.<\/p>\n\n\n\n<p>Diese Materialien konnten dem mechanischen Recycling nicht zugef\u00fchrt werden, aber durch chemisches Recycling wurden hochwertige Rezyklate zur Herstellung neuer Kunststoffe gewonnen.<\/p>\n\n\n\n<div style=\"height:100px\" aria-hidden=\"true\" class=\"wp-block-spacer is-style-xsmall\"><\/div>\n\n\n\n<div class=\"wp-block-buttons is-layout-flex wp-block-buttons-is-layout-flex\">\n<div class=\"wp-block-button\"><a class=\"wp-block-button__link wp-element-button\" href=\"https:\/\/carboliq.com\/de\/kontakt\/\">Interessiert an einer Materialevaluation?<\/a><\/div>\n<\/div>\n<\/div>\n<\/div><\/section>\n\n\n\n<p><\/p>\n","protected":false},"excerpt":{"rendered":"<p>Im Rahmen der Materialevaluation bieten wir Unternehmen eine praxisnahe M\u00f6glichkeit das Potenzial des carboliq-Verfahren zu pr\u00fcfen. <\/p>\n","protected":false},"author":6,"featured_media":1225,"parent":0,"menu_order":0,"comment_status":"closed","ping_status":"closed","template":"","meta":{"footnotes":""},"page_category":[],"class_list":["post-811","page","type-page","status-publish","has-post-thumbnail","hentry"],"yoast_head":"<!-- This site is optimized with the Yoast SEO Premium plugin v26.5 (Yoast SEO v26.5) - https:\/\/yoast.com\/wordpress\/plugins\/seo\/ -->\n<title>Materialevaluation - Carboliq GmbH<\/title>\n<meta name=\"robots\" content=\"index, follow, max-snippet:-1, max-image-preview:large, max-video-preview:-1\" \/>\n<link rel=\"canonical\" href=\"https:\/\/carboliq.com\/de\/materialevaluation\/\" \/>\n<meta property=\"og:locale\" content=\"de_DE\" \/>\n<meta property=\"og:type\" content=\"article\" \/>\n<meta property=\"og:title\" content=\"Materialevaluation\" \/>\n<meta property=\"og:description\" content=\"Im Rahmen der Materialevaluation bieten wir Unternehmen eine praxisnahe M\u00f6glichkeit das Potenzial des carboliq-Verfahren zu pr\u00fcfen.\" \/>\n<meta property=\"og:url\" content=\"https:\/\/carboliq.com\/de\/materialevaluation\/\" \/>\n<meta property=\"og:site_name\" content=\"Carboliq GmbH\" \/>\n<meta property=\"article:modified_time\" content=\"2025-08-01T15:00:52+00:00\" \/>\n<meta property=\"og:image\" content=\"https:\/\/carboliq.com\/app\/uploads\/2025\/05\/IMG_20221010_132213-1920x1080.avif\" \/>\n\t<meta property=\"og:image:width\" content=\"2560\" \/>\n\t<meta property=\"og:image:height\" content=\"1440\" \/>\n\t<meta property=\"og:image:type\" content=\"image\/jpeg\" \/>\n<meta name=\"twitter:card\" content=\"summary_large_image\" \/>\n<meta name=\"twitter:label1\" content=\"Gesch\u00e4tzte Lesezeit\" \/>\n\t<meta name=\"twitter:data1\" content=\"3\u00a0Minuten\" \/>\n<script type=\"application\/ld+json\" class=\"yoast-schema-graph\">{\"@context\":\"https:\/\/schema.org\",\"@graph\":[{\"@type\":\"WebPage\",\"@id\":\"https:\/\/carboliq.com\/de\/materialevaluation\/\",\"url\":\"https:\/\/carboliq.com\/de\/materialevaluation\/\",\"name\":\"Materialevaluation - Carboliq GmbH\",\"isPartOf\":{\"@id\":\"https:\/\/carboliq.com\/de\/#website\"},\"primaryImageOfPage\":{\"@id\":\"https:\/\/carboliq.com\/de\/materialevaluation\/#primaryimage\"},\"image\":{\"@id\":\"https:\/\/carboliq.com\/de\/materialevaluation\/#primaryimage\"},\"thumbnailUrl\":\"https:\/\/carboliq.com\/app\/uploads\/2025\/05\/IMG_20221010_132213-1920x1080.avif\",\"datePublished\":\"2025-04-24T09:19:26+00:00\",\"dateModified\":\"2025-08-01T15:00:52+00:00\",\"breadcrumb\":{\"@id\":\"https:\/\/carboliq.com\/de\/materialevaluation\/#breadcrumb\"},\"inLanguage\":\"de\",\"potentialAction\":[{\"@type\":\"ReadAction\",\"target\":[\"https:\/\/carboliq.com\/de\/materialevaluation\/\"]}]},{\"@type\":\"ImageObject\",\"inLanguage\":\"de\",\"@id\":\"https:\/\/carboliq.com\/de\/materialevaluation\/#primaryimage\",\"url\":\"https:\/\/carboliq.com\/app\/uploads\/2025\/05\/IMG_20221010_132213-1920x1080.avif\",\"contentUrl\":\"https:\/\/carboliq.com\/app\/uploads\/2025\/05\/IMG_20221010_132213-1920x1080.avif\",\"width\":2560,\"height\":1440},{\"@type\":\"BreadcrumbList\",\"@id\":\"https:\/\/carboliq.com\/de\/materialevaluation\/#breadcrumb\",\"itemListElement\":[{\"@type\":\"ListItem\",\"position\":1,\"name\":\"Home\",\"item\":\"https:\/\/carboliq.com\/de\/\"},{\"@type\":\"ListItem\",\"position\":2,\"name\":\"Materialevaluation\"}]},{\"@type\":\"WebSite\",\"@id\":\"https:\/\/carboliq.com\/de\/#website\",\"url\":\"https:\/\/carboliq.com\/de\/\",\"name\":\"carboliq GmbH\",\"description\":\"Innovation aus Freude an Technik\",\"publisher\":{\"@id\":\"https:\/\/carboliq.com\/de\/#organization\"},\"potentialAction\":[{\"@type\":\"SearchAction\",\"target\":{\"@type\":\"EntryPoint\",\"urlTemplate\":\"https:\/\/carboliq.com\/de\/?s={search_term_string}\"},\"query-input\":{\"@type\":\"PropertyValueSpecification\",\"valueRequired\":true,\"valueName\":\"search_term_string\"}}],\"inLanguage\":\"de\"},{\"@type\":\"Organization\",\"@id\":\"https:\/\/carboliq.com\/de\/#organization\",\"name\":\"carboliq GmbH\",\"url\":\"https:\/\/carboliq.com\/de\/\",\"logo\":{\"@type\":\"ImageObject\",\"inLanguage\":\"de\",\"@id\":\"https:\/\/carboliq.com\/de\/#\/schema\/logo\/image\/\",\"url\":\"https:\/\/carboliq.com\/app\/uploads\/2025\/08\/CLIQ_Logo_ohne_Claim-1920x402.webp\",\"contentUrl\":\"https:\/\/carboliq.com\/app\/uploads\/2025\/08\/CLIQ_Logo_ohne_Claim-1920x402.webp\",\"width\":2560,\"height\":536,\"caption\":\"carboliq GmbH\"},\"image\":{\"@id\":\"https:\/\/carboliq.com\/de\/#\/schema\/logo\/image\/\"},\"sameAs\":[\"https:\/\/www.linkedin.com\/company\/carboliq\/posts\/?feedView=all\"]}]}<\/script>\n<!-- \/ Yoast SEO Premium plugin. -->","yoast_head_json":{"title":"Materialevaluation - Carboliq GmbH","robots":{"index":"index","follow":"follow","max-snippet":"max-snippet:-1","max-image-preview":"max-image-preview:large","max-video-preview":"max-video-preview:-1"},"canonical":"https:\/\/carboliq.com\/de\/materialevaluation\/","og_locale":"de_DE","og_type":"article","og_title":"Materialevaluation","og_description":"Im Rahmen der Materialevaluation bieten wir Unternehmen eine praxisnahe M\u00f6glichkeit das Potenzial des carboliq-Verfahren zu pr\u00fcfen.","og_url":"https:\/\/carboliq.com\/de\/materialevaluation\/","og_site_name":"Carboliq GmbH","article_modified_time":"2025-08-01T15:00:52+00:00","og_image":[{"width":2560,"height":1440,"url":"https:\/\/carboliq.com\/app\/uploads\/2025\/05\/IMG_20221010_132213-1920x1080.avif","type":"image\/jpeg"}],"twitter_card":"summary_large_image","twitter_misc":{"Gesch\u00e4tzte Lesezeit":"3\u00a0Minuten"},"schema":{"@context":"https:\/\/schema.org","@graph":[{"@type":"WebPage","@id":"https:\/\/carboliq.com\/de\/materialevaluation\/","url":"https:\/\/carboliq.com\/de\/materialevaluation\/","name":"Materialevaluation - Carboliq GmbH","isPartOf":{"@id":"https:\/\/carboliq.com\/de\/#website"},"primaryImageOfPage":{"@id":"https:\/\/carboliq.com\/de\/materialevaluation\/#primaryimage"},"image":{"@id":"https:\/\/carboliq.com\/de\/materialevaluation\/#primaryimage"},"thumbnailUrl":"https:\/\/carboliq.com\/app\/uploads\/2025\/05\/IMG_20221010_132213-1920x1080.avif","datePublished":"2025-04-24T09:19:26+00:00","dateModified":"2025-08-01T15:00:52+00:00","breadcrumb":{"@id":"https:\/\/carboliq.com\/de\/materialevaluation\/#breadcrumb"},"inLanguage":"de","potentialAction":[{"@type":"ReadAction","target":["https:\/\/carboliq.com\/de\/materialevaluation\/"]}]},{"@type":"ImageObject","inLanguage":"de","@id":"https:\/\/carboliq.com\/de\/materialevaluation\/#primaryimage","url":"https:\/\/carboliq.com\/app\/uploads\/2025\/05\/IMG_20221010_132213-1920x1080.avif","contentUrl":"https:\/\/carboliq.com\/app\/uploads\/2025\/05\/IMG_20221010_132213-1920x1080.avif","width":2560,"height":1440},{"@type":"BreadcrumbList","@id":"https:\/\/carboliq.com\/de\/materialevaluation\/#breadcrumb","itemListElement":[{"@type":"ListItem","position":1,"name":"Home","item":"https:\/\/carboliq.com\/de\/"},{"@type":"ListItem","position":2,"name":"Materialevaluation"}]},{"@type":"WebSite","@id":"https:\/\/carboliq.com\/de\/#website","url":"https:\/\/carboliq.com\/de\/","name":"carboliq GmbH","description":"Innovation aus Freude an Technik","publisher":{"@id":"https:\/\/carboliq.com\/de\/#organization"},"potentialAction":[{"@type":"SearchAction","target":{"@type":"EntryPoint","urlTemplate":"https:\/\/carboliq.com\/de\/?s={search_term_string}"},"query-input":{"@type":"PropertyValueSpecification","valueRequired":true,"valueName":"search_term_string"}}],"inLanguage":"de"},{"@type":"Organization","@id":"https:\/\/carboliq.com\/de\/#organization","name":"carboliq GmbH","url":"https:\/\/carboliq.com\/de\/","logo":{"@type":"ImageObject","inLanguage":"de","@id":"https:\/\/carboliq.com\/de\/#\/schema\/logo\/image\/","url":"https:\/\/carboliq.com\/app\/uploads\/2025\/08\/CLIQ_Logo_ohne_Claim-1920x402.webp","contentUrl":"https:\/\/carboliq.com\/app\/uploads\/2025\/08\/CLIQ_Logo_ohne_Claim-1920x402.webp","width":2560,"height":536,"caption":"carboliq GmbH"},"image":{"@id":"https:\/\/carboliq.com\/de\/#\/schema\/logo\/image\/"},"sameAs":["https:\/\/www.linkedin.com\/company\/carboliq\/posts\/?feedView=all"]}]}},"_links":{"self":[{"href":"https:\/\/carboliq.com\/de\/wp-json\/wp\/v2\/pages\/811","targetHints":{"allow":["GET"]}}],"collection":[{"href":"https:\/\/carboliq.com\/de\/wp-json\/wp\/v2\/pages"}],"about":[{"href":"https:\/\/carboliq.com\/de\/wp-json\/wp\/v2\/types\/page"}],"author":[{"embeddable":true,"href":"https:\/\/carboliq.com\/de\/wp-json\/wp\/v2\/users\/6"}],"replies":[{"embeddable":true,"href":"https:\/\/carboliq.com\/de\/wp-json\/wp\/v2\/comments?post=811"}],"version-history":[{"count":2,"href":"https:\/\/carboliq.com\/de\/wp-json\/wp\/v2\/pages\/811\/revisions"}],"predecessor-version":[{"id":1830,"href":"https:\/\/carboliq.com\/de\/wp-json\/wp\/v2\/pages\/811\/revisions\/1830"}],"wp:featuredmedia":[{"embeddable":true,"href":"https:\/\/carboliq.com\/de\/wp-json\/wp\/v2\/media\/1225"}],"wp:attachment":[{"href":"https:\/\/carboliq.com\/de\/wp-json\/wp\/v2\/media?parent=811"}],"wp:term":[{"taxonomy":"page_category","embeddable":true,"href":"https:\/\/carboliq.com\/de\/wp-json\/wp\/v2\/page_category?post=811"}],"curies":[{"name":"wp","href":"https:\/\/api.w.org\/{rel}","templated":true}]}}