{"id":832,"date":"2025-04-24T09:32:44","date_gmt":"2025-04-24T09:32:44","guid":{"rendered":"https:\/\/staging.carboliq.com\/?page_id=832"},"modified":"2025-10-02T14:31:11","modified_gmt":"2025-10-02T14:31:11","slug":"kreislaufprojekte","status":"publish","type":"page","link":"https:\/\/carboliq.com\/de\/kreislaufprojekte\/","title":{"rendered":"Kreislaufprojekte"},"content":{"rendered":"\n<div class=\"wp-block-cover alignfull is-light hero has-white-background-color has-background\"><span aria-hidden=\"true\" class=\"wp-block-cover__background has-white-background-color has-background-dim-0 has-background-dim\"><\/span><div class=\"wp-block-cover__inner-container is-layout-flow wp-block-cover-is-layout-flow\">\n<div class=\"wp-block-columns is-layout-flex wp-container-core-columns-is-layout-28f84493 wp-block-columns-is-layout-flex\">\n<div class=\"wp-block-column is-vertically-aligned-center hero__content is-layout-flow wp-block-column-is-layout-flow\">\n<p>Kreislaufprojekte<\/p>\n\n\n\n<h1 class=\"wp-block-heading\" id=\"h-carboliq-organisiert-ihren-stoffkreislauf\">carboliq organisiert Ihren Stoffkreislauf<\/h1>\n<\/div>\n\n\n\n<div class=\"wp-block-column is-vertically-aligned-center hero__media is-layout-flow wp-block-column-is-layout-flow\">\n<figure class=\"wp-block-image size-large is-resized\"><img loading=\"lazy\" decoding=\"async\" width=\"841\" height=\"595\" src=\"https:\/\/carboliq.com\/app\/uploads\/2025\/10\/Kreisdiagramm-C_S-25.09.25-ZW.svg\" alt=\"\" class=\"wp-image-1893\" style=\"width:617px;height:auto\"\/><\/figure>\n<\/div>\n<\/div>\n<\/div><\/div>\n\n\n\n<section class=\"alignwide section  is-style-nbm\"><div class=\"section__inner\">\n<div class=\"wp-block-media-text is-stacked-on-mobile\"><figure class=\"wp-block-media-text__media\"><img data-dominant-color=\"4d6281\" data-has-transparency=\"false\" style=\"--dominant-color: #4d6281;\" loading=\"lazy\" decoding=\"async\" width=\"768\" height=\"432\" src=\"https:\/\/carboliq.com\/app\/uploads\/2025\/05\/Kreislaufprojekte-1-768x432.avif\" alt=\"\" class=\"wp-image-1233 size-full not-transparent\" srcset=\"https:\/\/carboliq.com\/app\/uploads\/2025\/05\/Kreislaufprojekte-1-768x432.avif 768w, https:\/\/carboliq.com\/app\/uploads\/2025\/05\/Kreislaufprojekte-1-402x226.avif 402w, https:\/\/carboliq.com\/app\/uploads\/2025\/05\/Kreislaufprojekte-1-1536x864.avif 1536w, https:\/\/carboliq.com\/app\/uploads\/2025\/05\/Kreislaufprojekte-1-2048x1152.avif 2048w, https:\/\/carboliq.com\/app\/uploads\/2025\/05\/Kreislaufprojekte-1-1920x1080.avif 1920w\" sizes=\"auto, (max-width: 768px) 100vw, 768px\" \/><\/figure><div class=\"wp-block-media-text__content\">\n<h2 class=\"wp-block-heading has-h-3-font-size\" id=\"h-massgeschneiderte-losungen-zum-nachweis-der-kreislauffahigkeit\">Ma\u00dfgeschneiderte L\u00f6sungen zum Nachweis der Kreislauff\u00e4higkeit<\/h2>\n\n\n\n<p>Mit unseren Kreislaufprojekten unterst\u00fctzen wir Unternehmen dabei, gro\u00dfe Mengen an Kunststoffabf\u00e4llen in einen fl\u00fcssigen Sekund\u00e4rrohstoff zu verwandeln. Dieser wird anschlie\u00dfend bei einem Partner aus der Petrochemie zu hochwertigem Kunststoff weiterverarbeitet. So kann der geschlossene Kreislauf Ihrer Abf\u00e4lle nachgewiesen werden.<\/p>\n<\/div><\/div>\n<\/div><\/section>\n\n\n\n<section class=\"alignwide section \"><div class=\"section__inner\">\n<div class=\"wp-block-media-text is-stacked-on-mobile\"><figure class=\"wp-block-media-text__media\"><img data-dominant-color=\"aeb2b8\" data-has-transparency=\"false\" style=\"--dominant-color: #aeb2b8;\" loading=\"lazy\" decoding=\"async\" width=\"768\" height=\"432\" src=\"https:\/\/carboliq.com\/app\/uploads\/2025\/07\/iStock-1296498892-768x432.avif\" alt=\"\" class=\"wp-image-1767 size-large not-transparent\" srcset=\"https:\/\/carboliq.com\/app\/uploads\/2025\/07\/iStock-1296498892-768x432.avif 768w, https:\/\/carboliq.com\/app\/uploads\/2025\/07\/iStock-1296498892-402x226.avif 402w\" sizes=\"auto, (max-width: 768px) 100vw, 768px\" \/><\/figure><div class=\"wp-block-media-text__content\">\n<p><\/p>\n\n\n\n<h2 class=\"wp-block-heading has-h-3-font-size\" id=\"h-weiterverarbeitung-des-clr-in-der-petrochemie\">Weiterverarbeitung des CLR in der Petrochemie<\/h2>\n\n\n\n<p>Nach erfolgreicher Testverarbeitung im Labor bietet carboliq die M\u00f6glichkeit, kundenspezifisches Material in einer oder mehreren Multi-Tonnen-Kampagnen im industriellen Ma\u00dfstab zu verarbeiten. Dabei wird so viel kundenspezifisches Einsatzmaterial verarbeitet, dass mindestens ein ISO-Tankcontainer gef\u00fcllt und dem beteiligten Partner der Petrochemie zur Verarbeitung gestellt werden kann. So ist sicher gestellt, dass signifikante Mengen an Neukunststoffen nach Abschluss der Verarbeitung zur Verf\u00fcgung stehen und vom Kunden zum Wiedereinsatz in seiner Produktion genutzt werden k\u00f6nnen.<\/p>\n<\/div><\/div>\n<\/div><\/section>\n\n\n\n<section class=\"alignwide section  has-white-background-color has-background\"><div class=\"section__inner\">\n<div class=\"wp-block-verdure-teaser-special teaser-special is-vertically-aligned-center\">\n<figure class=\"wp-block-image size-full teaser-special__media\"><img loading=\"lazy\" decoding=\"async\" width=\"1551\" height=\"1080\" src=\"https:\/\/carboliq.com\/app\/uploads\/2025\/04\/Pilotanlage-1551x1080.avif\" alt=\"\" class=\"wp-image-1053\" srcset=\"https:\/\/carboliq.com\/app\/uploads\/2025\/04\/Pilotanlage-1551x1080.avif 1551w, https:\/\/carboliq.com\/app\/uploads\/2025\/04\/Pilotanlage-768x535.avif 768w, https:\/\/carboliq.com\/app\/uploads\/2025\/04\/Pilotanlage-1536x1070.avif 1536w, https:\/\/carboliq.com\/app\/uploads\/2025\/04\/Pilotanlage-2048x1426.avif 2048w\" sizes=\"auto, (max-width: 1551px) 100vw, 1551px\" \/><\/figure>\n\n\n\n<div class=\"wp-block-group alignfull teaser-special__content is-layout-flow wp-block-group-is-layout-flow\">\n<h3 class=\"wp-block-heading\" id=\"h-warum-kreislaufprojekte-mit-carboliq\">Warum Kreislaufprojekte mit carboliq?<\/h3>\n\n\n\n<p class=\"teaser-special__desc\">\u2714 Rohstoffe statt Abfall \u2013 Mit unserer Technologie verwandeln wir Kunststoffabf\u00e4lle in hochwertigen Sekund\u00e4rrohstoff <a href=\"https:\/\/carboliq.com\/de\/produkte\/\" data-type=\"page\" data-id=\"789\">(CLR),<\/a> der erneut genutzt werden kann.<\/p>\n\n\n\n<p>\u2714 Unabh\u00e4ngigkeit st\u00e4rken \u2013 Durch den Ersatz fossiler Rohstoffe sinkt die Abh\u00e4ngigkeit von der \u00d6lf\u00f6rderung, und Ihre Wertsch\u00f6pfungskette wird resilienter.<\/p>\n\n\n\n<p>\u2714 Ma\u00dfgeschneiderte L\u00f6sungen \u2013 Wir entwickeln individuelle Konzepte, die genau auf Ihre Materialstr\u00f6me und Nachhaltigkeitsziele abgestimmt sind.<\/p>\n\n\n\n<p class=\"teaser-special__desc\">\u2714 Partnerschaftlich &amp; profitabel \u2013 Eine funktionierende Kreislaufwirtschaft basiert auf fairen Gesch\u00e4ftsmodellen, von denen alle Beteiligten profitieren.<\/p>\n\n\n\n<div class=\"wp-block-buttons is-layout-flex wp-block-buttons-is-layout-flex\">\n<div class=\"wp-block-button is-style-fill\"><a class=\"wp-block-button__link wp-element-button\" href=\"https:\/\/carboliq.com\/de\/kontakt\/\">Starten Sie Ihr Kreislaufprojekt mit uns!<\/a><\/div>\n<\/div>\n<\/div>\n<\/div>\n<\/div><\/section>\n","protected":false},"excerpt":{"rendered":"<p>Starten Sie Ihr Kreislaufprojekt mit uns! Lassen Sie uns gemeinsam nachhaltige Wertsch\u00f6pfungskreisl\u00e4ufe etablieren.<\/p>\n","protected":false},"author":6,"featured_media":1896,"parent":0,"menu_order":0,"comment_status":"closed","ping_status":"closed","template":"","meta":{"footnotes":""},"page_category":[],"class_list":["post-832","page","type-page","status-publish","has-post-thumbnail","hentry"],"yoast_head":"<!-- This site is optimized with the Yoast SEO Premium plugin v26.5 (Yoast SEO v26.5) - https:\/\/yoast.com\/wordpress\/plugins\/seo\/ -->\n<title>Kreislaufprojekte - Carboliq GmbH<\/title>\n<meta name=\"robots\" content=\"index, follow, max-snippet:-1, max-image-preview:large, max-video-preview:-1\" \/>\n<link rel=\"canonical\" href=\"https:\/\/carboliq.com\/de\/kreislaufprojekte\/\" \/>\n<meta property=\"og:locale\" content=\"de_DE\" \/>\n<meta property=\"og:type\" content=\"article\" \/>\n<meta property=\"og:title\" content=\"Kreislaufprojekte\" \/>\n<meta property=\"og:description\" content=\"Starten Sie Ihr Kreislaufprojekt mit uns! Lassen Sie uns gemeinsam nachhaltige Wertsch\u00f6pfungskreisl\u00e4ufe etablieren.\" \/>\n<meta property=\"og:url\" content=\"https:\/\/carboliq.com\/de\/kreislaufprojekte\/\" \/>\n<meta property=\"og:site_name\" content=\"Carboliq GmbH\" \/>\n<meta property=\"article:modified_time\" content=\"2025-10-02T14:31:11+00:00\" \/>\n<meta property=\"og:image\" content=\"https:\/\/carboliq.com\/app\/uploads\/2025\/10\/iStock-1440753259-1920x1080.avif\" \/>\n\t<meta property=\"og:image:width\" content=\"2560\" \/>\n\t<meta property=\"og:image:height\" content=\"1440\" \/>\n\t<meta property=\"og:image:type\" content=\"image\/jpeg\" \/>\n<meta name=\"twitter:card\" content=\"summary_large_image\" \/>\n<meta name=\"twitter:label1\" content=\"Gesch\u00e4tzte Lesezeit\" \/>\n\t<meta name=\"twitter:data1\" content=\"3\u00a0Minuten\" \/>\n<script type=\"application\/ld+json\" class=\"yoast-schema-graph\">{\"@context\":\"https:\/\/schema.org\",\"@graph\":[{\"@type\":\"WebPage\",\"@id\":\"https:\/\/carboliq.com\/de\/kreislaufprojekte\/\",\"url\":\"https:\/\/carboliq.com\/de\/kreislaufprojekte\/\",\"name\":\"Kreislaufprojekte - Carboliq GmbH\",\"isPartOf\":{\"@id\":\"https:\/\/carboliq.com\/de\/#website\"},\"primaryImageOfPage\":{\"@id\":\"https:\/\/carboliq.com\/de\/kreislaufprojekte\/#primaryimage\"},\"image\":{\"@id\":\"https:\/\/carboliq.com\/de\/kreislaufprojekte\/#primaryimage\"},\"thumbnailUrl\":\"https:\/\/carboliq.com\/app\/uploads\/2025\/10\/iStock-1440753259-1920x1080.avif\",\"datePublished\":\"2025-04-24T09:32:44+00:00\",\"dateModified\":\"2025-10-02T14:31:11+00:00\",\"breadcrumb\":{\"@id\":\"https:\/\/carboliq.com\/de\/kreislaufprojekte\/#breadcrumb\"},\"inLanguage\":\"de\",\"potentialAction\":[{\"@type\":\"ReadAction\",\"target\":[\"https:\/\/carboliq.com\/de\/kreislaufprojekte\/\"]}]},{\"@type\":\"ImageObject\",\"inLanguage\":\"de\",\"@id\":\"https:\/\/carboliq.com\/de\/kreislaufprojekte\/#primaryimage\",\"url\":\"https:\/\/carboliq.com\/app\/uploads\/2025\/10\/iStock-1440753259-1920x1080.avif\",\"contentUrl\":\"https:\/\/carboliq.com\/app\/uploads\/2025\/10\/iStock-1440753259-1920x1080.avif\",\"width\":2560,\"height\":1440,\"caption\":\"Circular economy to reduce waste by reusing, repairing, recycling products and materials. Ecology, nature preservation, sustainable development, green business concept. Infinity icon symbol paper.\"},{\"@type\":\"BreadcrumbList\",\"@id\":\"https:\/\/carboliq.com\/de\/kreislaufprojekte\/#breadcrumb\",\"itemListElement\":[{\"@type\":\"ListItem\",\"position\":1,\"name\":\"Home\",\"item\":\"https:\/\/carboliq.com\/de\/\"},{\"@type\":\"ListItem\",\"position\":2,\"name\":\"Kreislaufprojekte\"}]},{\"@type\":\"WebSite\",\"@id\":\"https:\/\/carboliq.com\/de\/#website\",\"url\":\"https:\/\/carboliq.com\/de\/\",\"name\":\"carboliq GmbH\",\"description\":\"Innovation aus Freude an Technik\",\"publisher\":{\"@id\":\"https:\/\/carboliq.com\/de\/#organization\"},\"potentialAction\":[{\"@type\":\"SearchAction\",\"target\":{\"@type\":\"EntryPoint\",\"urlTemplate\":\"https:\/\/carboliq.com\/de\/?s={search_term_string}\"},\"query-input\":{\"@type\":\"PropertyValueSpecification\",\"valueRequired\":true,\"valueName\":\"search_term_string\"}}],\"inLanguage\":\"de\"},{\"@type\":\"Organization\",\"@id\":\"https:\/\/carboliq.com\/de\/#organization\",\"name\":\"carboliq GmbH\",\"url\":\"https:\/\/carboliq.com\/de\/\",\"logo\":{\"@type\":\"ImageObject\",\"inLanguage\":\"de\",\"@id\":\"https:\/\/carboliq.com\/de\/#\/schema\/logo\/image\/\",\"url\":\"https:\/\/carboliq.com\/app\/uploads\/2025\/08\/CLIQ_Logo_ohne_Claim-1920x402.webp\",\"contentUrl\":\"https:\/\/carboliq.com\/app\/uploads\/2025\/08\/CLIQ_Logo_ohne_Claim-1920x402.webp\",\"width\":2560,\"height\":536,\"caption\":\"carboliq GmbH\"},\"image\":{\"@id\":\"https:\/\/carboliq.com\/de\/#\/schema\/logo\/image\/\"},\"sameAs\":[\"https:\/\/www.linkedin.com\/company\/carboliq\/posts\/?feedView=all\"]}]}<\/script>\n<!-- \/ Yoast SEO Premium plugin. -->","yoast_head_json":{"title":"Kreislaufprojekte - Carboliq GmbH","robots":{"index":"index","follow":"follow","max-snippet":"max-snippet:-1","max-image-preview":"max-image-preview:large","max-video-preview":"max-video-preview:-1"},"canonical":"https:\/\/carboliq.com\/de\/kreislaufprojekte\/","og_locale":"de_DE","og_type":"article","og_title":"Kreislaufprojekte","og_description":"Starten Sie Ihr Kreislaufprojekt mit uns! Lassen Sie uns gemeinsam nachhaltige Wertsch\u00f6pfungskreisl\u00e4ufe etablieren.","og_url":"https:\/\/carboliq.com\/de\/kreislaufprojekte\/","og_site_name":"Carboliq GmbH","article_modified_time":"2025-10-02T14:31:11+00:00","og_image":[{"width":2560,"height":1440,"url":"https:\/\/carboliq.com\/app\/uploads\/2025\/10\/iStock-1440753259-1920x1080.avif","type":"image\/jpeg"}],"twitter_card":"summary_large_image","twitter_misc":{"Gesch\u00e4tzte Lesezeit":"3\u00a0Minuten"},"schema":{"@context":"https:\/\/schema.org","@graph":[{"@type":"WebPage","@id":"https:\/\/carboliq.com\/de\/kreislaufprojekte\/","url":"https:\/\/carboliq.com\/de\/kreislaufprojekte\/","name":"Kreislaufprojekte - Carboliq GmbH","isPartOf":{"@id":"https:\/\/carboliq.com\/de\/#website"},"primaryImageOfPage":{"@id":"https:\/\/carboliq.com\/de\/kreislaufprojekte\/#primaryimage"},"image":{"@id":"https:\/\/carboliq.com\/de\/kreislaufprojekte\/#primaryimage"},"thumbnailUrl":"https:\/\/carboliq.com\/app\/uploads\/2025\/10\/iStock-1440753259-1920x1080.avif","datePublished":"2025-04-24T09:32:44+00:00","dateModified":"2025-10-02T14:31:11+00:00","breadcrumb":{"@id":"https:\/\/carboliq.com\/de\/kreislaufprojekte\/#breadcrumb"},"inLanguage":"de","potentialAction":[{"@type":"ReadAction","target":["https:\/\/carboliq.com\/de\/kreislaufprojekte\/"]}]},{"@type":"ImageObject","inLanguage":"de","@id":"https:\/\/carboliq.com\/de\/kreislaufprojekte\/#primaryimage","url":"https:\/\/carboliq.com\/app\/uploads\/2025\/10\/iStock-1440753259-1920x1080.avif","contentUrl":"https:\/\/carboliq.com\/app\/uploads\/2025\/10\/iStock-1440753259-1920x1080.avif","width":2560,"height":1440,"caption":"Circular economy to reduce waste by reusing, repairing, recycling products and materials. Ecology, nature preservation, sustainable development, green business concept. Infinity icon symbol paper."},{"@type":"BreadcrumbList","@id":"https:\/\/carboliq.com\/de\/kreislaufprojekte\/#breadcrumb","itemListElement":[{"@type":"ListItem","position":1,"name":"Home","item":"https:\/\/carboliq.com\/de\/"},{"@type":"ListItem","position":2,"name":"Kreislaufprojekte"}]},{"@type":"WebSite","@id":"https:\/\/carboliq.com\/de\/#website","url":"https:\/\/carboliq.com\/de\/","name":"carboliq GmbH","description":"Innovation aus Freude an Technik","publisher":{"@id":"https:\/\/carboliq.com\/de\/#organization"},"potentialAction":[{"@type":"SearchAction","target":{"@type":"EntryPoint","urlTemplate":"https:\/\/carboliq.com\/de\/?s={search_term_string}"},"query-input":{"@type":"PropertyValueSpecification","valueRequired":true,"valueName":"search_term_string"}}],"inLanguage":"de"},{"@type":"Organization","@id":"https:\/\/carboliq.com\/de\/#organization","name":"carboliq GmbH","url":"https:\/\/carboliq.com\/de\/","logo":{"@type":"ImageObject","inLanguage":"de","@id":"https:\/\/carboliq.com\/de\/#\/schema\/logo\/image\/","url":"https:\/\/carboliq.com\/app\/uploads\/2025\/08\/CLIQ_Logo_ohne_Claim-1920x402.webp","contentUrl":"https:\/\/carboliq.com\/app\/uploads\/2025\/08\/CLIQ_Logo_ohne_Claim-1920x402.webp","width":2560,"height":536,"caption":"carboliq GmbH"},"image":{"@id":"https:\/\/carboliq.com\/de\/#\/schema\/logo\/image\/"},"sameAs":["https:\/\/www.linkedin.com\/company\/carboliq\/posts\/?feedView=all"]}]}},"_links":{"self":[{"href":"https:\/\/carboliq.com\/de\/wp-json\/wp\/v2\/pages\/832","targetHints":{"allow":["GET"]}}],"collection":[{"href":"https:\/\/carboliq.com\/de\/wp-json\/wp\/v2\/pages"}],"about":[{"href":"https:\/\/carboliq.com\/de\/wp-json\/wp\/v2\/types\/page"}],"author":[{"embeddable":true,"href":"https:\/\/carboliq.com\/de\/wp-json\/wp\/v2\/users\/6"}],"replies":[{"embeddable":true,"href":"https:\/\/carboliq.com\/de\/wp-json\/wp\/v2\/comments?post=832"}],"version-history":[{"count":3,"href":"https:\/\/carboliq.com\/de\/wp-json\/wp\/v2\/pages\/832\/revisions"}],"predecessor-version":[{"id":1894,"href":"https:\/\/carboliq.com\/de\/wp-json\/wp\/v2\/pages\/832\/revisions\/1894"}],"wp:featuredmedia":[{"embeddable":true,"href":"https:\/\/carboliq.com\/de\/wp-json\/wp\/v2\/media\/1896"}],"wp:attachment":[{"href":"https:\/\/carboliq.com\/de\/wp-json\/wp\/v2\/media?parent=832"}],"wp:term":[{"taxonomy":"page_category","embeddable":true,"href":"https:\/\/carboliq.com\/de\/wp-json\/wp\/v2\/page_category?post=832"}],"curies":[{"name":"wp","href":"https:\/\/api.w.org\/{rel}","templated":true}]}}