{"id":848,"date":"2025-04-24T09:41:51","date_gmt":"2025-04-24T09:41:51","guid":{"rendered":"https:\/\/staging.carboliq.com\/?page_id=848"},"modified":"2025-08-14T10:04:31","modified_gmt":"2025-08-14T10:04:31","slug":"technologie-know-how","status":"publish","type":"page","link":"https:\/\/carboliq.com\/de\/technologie-know-how\/","title":{"rendered":"Technologie &amp; Know-How"},"content":{"rendered":"\n<div class=\"wp-block-cover alignfull is-light hero has-white-background-color has-background\"><span aria-hidden=\"true\" class=\"wp-block-cover__background has-white-background-color has-background-dim-0 has-background-dim\"><\/span><div class=\"wp-block-cover__inner-container is-layout-flow wp-block-cover-is-layout-flow\">\n<div class=\"wp-block-columns is-layout-flex wp-container-core-columns-is-layout-28f84493 wp-block-columns-is-layout-flex\">\n<div class=\"wp-block-column is-vertically-aligned-center hero__content is-layout-flow wp-block-column-is-layout-flow\">\n<p>Technologie &amp; Know-How<\/p>\n\n\n\n<h1 class=\"wp-block-heading\">Erfahrung und Expertise des Teams<\/h1>\n<\/div>\n\n\n\n<div class=\"wp-block-column is-vertically-aligned-center hero__media is-layout-flow wp-block-column-is-layout-flow\">\n<figure class=\"wp-block-image size-large\"><img data-dominant-color=\"7d8077\" data-has-transparency=\"false\" style=\"--dominant-color: #7d8077;\" loading=\"lazy\" decoding=\"async\" width=\"768\" height=\"432\" src=\"https:\/\/carboliq.com\/app\/uploads\/2025\/05\/IMG_4443-768x432.avif\" alt=\"\" class=\"wp-image-1221 not-transparent\" srcset=\"https:\/\/carboliq.com\/app\/uploads\/2025\/05\/IMG_4443-768x432.avif 768w, https:\/\/carboliq.com\/app\/uploads\/2025\/05\/IMG_4443-402x226.avif 402w\" sizes=\"auto, (max-width: 768px) 100vw, 768px\" \/><\/figure>\n<\/div>\n<\/div>\n<\/div><\/div>\n\n\n\n<section class=\"section  is-style-nbm\"><div class=\"section__inner\">\n<h2 class=\"wp-block-heading\">Gemeinsame Entwicklung<\/h2>\n\n\n\n<p class=\"is-style-default\">Die carboliq GmbH ist die Technologie-Plattform zur Anwendung des von der RECENSO GmbH entwickelten und patentierten Verfahrens zur Verfl\u00fcssigung von hochkalorischen Abf\u00e4llen.<\/p>\n\n\n\n<p>Sie ist ein Gemeinschaftsunternehmen des Anlagenbauers RECENSO und der S\u00dcDPACK, einem mittelst\u00e4ndischen Hersteller von Folienverpackungen. Das Unternehmen ist Pionier in der Nutzung von Kunststoffabf\u00e4llen als wertvolle Ressource und erm\u00f6glicht eine echte Kreislauff\u00fchrung von Kunststoffen.<\/p>\n\n\n\n<p>carboliq entwickelt modulare Anlagen zur Direktverfl\u00fcssigung von Abf\u00e4llen. Die Realisierung erfolgt durch internationale Anlagenbauer nach definierten Vorgaben.<br>Unternehmen k\u00f6nnen ihre Abfallfraktionen vorab auf der Pilotanlage testen, um eine Verfahrensgarantie zu erhalten.<\/p>\n<\/div><\/section>\n\n\n\n<section class=\"alignwide section  is-style-default\"><div class=\"section__inner\">\n<div class=\"wp-block-media-text is-stacked-on-mobile\" style=\"grid-template-columns:49% auto\"><figure class=\"wp-block-media-text__media\"><img loading=\"lazy\" decoding=\"async\" width=\"768\" height=\"432\" src=\"https:\/\/carboliq.com\/app\/uploads\/2025\/04\/Pilotanlage-768x432.avif\" alt=\"\" class=\"wp-image-1053 size-full\" srcset=\"https:\/\/carboliq.com\/app\/uploads\/2025\/04\/Pilotanlage-768x432.avif 768w, https:\/\/carboliq.com\/app\/uploads\/2025\/04\/Pilotanlage-402x226.avif 402w\" sizes=\"auto, (max-width: 768px) 100vw, 768px\" \/><\/figure><div class=\"wp-block-media-text__content\">\n<h2 class=\"wp-block-heading\">Weltweit einzigartige Pilotanlage f\u00fcr chemisches Recycling<\/h2>\n\n\n\n<p class=\"is-style-default\">Die carboliq betreibt am Standort des Entsorgungszentrums Ennigerloh im M\u00fcnsterland eine Pilotanlage in gro\u00dftechnischem Ma\u00dfstab. Diese wurde f\u00fcr die Verarbeitung von Ersatzbrennstoffen (EBS) konzipiert. Diese werden von dem kommunalen Unternehmen Ecowest aus Gewerbeabf\u00e4llen, Sortierresten und Hausm\u00fcll zur Verwendung in Zement\u00f6fen und Heizkraftwerken hergestellt.<\/p>\n<\/div><\/div>\n\n\n\n<p>Als Entsorgungsfachbetrieb ist die Betreibergesellschaft CARBOWEST zur Annahme und Behandlung von Abf\u00e4llen berechtigt. Die Ver\u00f6lungsanlage ist nach dem Bundes-Immissionsschutzgesetz (BImSchG) genehmigt und im vollkontinuierlichen Betrieb erprobt.<br>Die Pilotanlage der carboliq l\u00e4uft seit Anfang 2021 im 24\/7-Dauerbetrieb. Gemischte und kontaminierte Kunststoffabf\u00e4lle werden seitdem erfolgreich in Kampagnen ver\u00f6lt und die Technologie unter realen Bedingungen zur industriellen Reife entwickelt.<\/p>\n\n\n\n<p>Gutachter des Umweltbundesamtes begleiteten 2023 mehrere Kampagnen und best\u00e4tigten die Bilanzwerte. Sie bewerteten die Technologie als &#8222;TRL 8&#8220;, also als ausgereift und funktionsf\u00e4hig. Die Anlagentechnik wurde f\u00fcr den Dauereinsatz in der Abfallwirtschaft optimiert, weist hohe Standzeiten auf und verarbeitet j\u00e4hrlich 1.200 bis 1.500 Tonnen Kunststoffabf\u00e4lle. Mehrere hundert Tonnen Circular Liquid Resource (CLR) werden pro Jahr an die Petrochemie geliefert, wo sie als Rohstoff f\u00fcr die Herstellung neuer hochwertiger Polymere dienen.<\/p>\n\n\n\n<div style=\"height:100px\" aria-hidden=\"true\" class=\"wp-block-spacer\"><\/div>\n\n\n\n<div class=\"wp-block-buttons is-layout-flex wp-block-buttons-is-layout-flex\">\n<div class=\"wp-block-button is-style-fill\"><a class=\"wp-block-button__link wp-element-button\" href=\"https:\/\/carboliq.com\/de\/kontakt\/\">Kontaktieren Sie uns jetzt!<\/a><\/div>\n<\/div>\n<\/div><\/section>\n\n\n\n<section class=\"section  has-anthrazit-8-background-color has-background\"><div class=\"section__inner\">\n<div class=\"wp-block-group is-layout-constrained wp-block-group-is-layout-constrained\">\n<h3 class=\"wp-block-heading\">Setzen Sie auf die carboliq-Technologie in Ihrem Unternehmen!<\/h3>\n\n\n\n<p>Wir unterst\u00fctzen Sie beim Aufbau einer ma\u00dfgeschneiderten Ver\u00f6lungsanlage und bieten Unternehmen mit eigener technischer Expertise die M\u00f6glichkeit, eine Lizenz zur Nutzung unserer innovativen Technologie zu erwerben.<\/p>\n\n\n\n<div style=\"height:100px\" aria-hidden=\"true\" class=\"wp-block-spacer is-style-xsmall\"><\/div>\n\n\n\n<details class=\"wp-block-verdure-accordion accordion\"><summary><div class=\"accordion__title\">Wirtschaftlichkeit und Standortvorteile<\/div><svg xmlns=\"http:\/\/www.w3.org\/2000\/svg\" width=\"20\" height=\"20\" class=\"icon\" viewBox=\"0 0 16 9\"><path d=\"m7.293.293-7 7a1 1 0 0 0 0 1.414 1 1 0 0 0 1.414 0L8 2.414l6.293 6.293a1 1 0 0 0 1.414 0 1 1 0 0 0 0-1.414l-7-7a1 1 0 0 0-1.414 0\"><\/path><\/svg><\/summary><div class=\"accordion__content\">\n<p>Die Installation einer Ver\u00f6lungsanlage ist ab einer Produktionskapazit\u00e4t von 10.000 t\/a fl\u00fcssigem Sekund\u00e4rrohstoff wirtschaftlich sinnvoll. Der auf Basis der carboliq-Pilotanlage erstellte Business Case zeigt ein positives Betriebsergebnis.<br>carboliq plant die Installation von Anlagen an Standorten mit ausreichenden Mengen geeigneter Abf\u00e4lle. Modularisierte Kernanlagen k\u00f6nnen in bestehende M\u00fcllverbrennungsanlagen oder stillgelegte Kohlekraftwerke integriert werden, wodurch sich die Investitionskosten (CapEx) reduzieren.<\/p>\n<\/div><\/details>\n\n\n\n<details class=\"wp-block-verdure-accordion accordion\"><summary><div class=\"accordion__title\">Vorteile des Betriebs einer carboliq-Anlage<\/div><svg xmlns=\"http:\/\/www.w3.org\/2000\/svg\" width=\"20\" height=\"20\" class=\"icon\" viewBox=\"0 0 16 9\"><path d=\"m7.293.293-7 7a1 1 0 0 0 0 1.414 1 1 0 0 0 1.414 0L8 2.414l6.293 6.293a1 1 0 0 0 1.414 0 1 1 0 0 0 0-1.414l-7-7a1 1 0 0 0-1.414 0\"><\/path><\/svg><\/summary><div class=\"accordion__content\">\n<p>\u2714 Innovative Technologie: carboliq setzt mit c4future das weltweit erste industrielle fortschrittliche thermo-chemische Verfahren zur Verfl\u00fcssigung von Kunststoffabf\u00e4llen ein. Es verarbeitet auch gemischte und kontaminierte Kunststoffe und tr\u00e4gt aktiv zur Reduzierung der Umweltverschmutzung bei.<\/p>\n\n\n\n<p><br>\u2714 Hohe wirtschaftliche Potenziale: carboliq schafft eine wertsch\u00f6pfende Recycling-Infrastruktur f\u00fcr Europa. Durch die Nutzung von Kunststoffabf\u00e4llen als Ressource entstehen neue regionale und internationale Gesch\u00e4ftsmodelle.<\/p>\n\n\n\n<p><br>\u2714 Unabh\u00e4ngigkeit von fossilen Ressourcen: Europa importiert gro\u00dfe Mengen fossiler Kohlenwasserstoffe. Das recycelte CLR ist ein vollwertiges Substitut f\u00fcr fossile Rohstoffe und reduziert wirtschaftliche Abh\u00e4ngigkeiten.<\/p>\n\n\n\n<p><br>\u2714 Dezentrale Wertsch\u00f6pfung: Da Kunststoffabf\u00e4lle zur Ressource werden, kann ein marktwirtschaftlicher Anreiz f\u00fcr eine nachhaltige Nutzung entstehen. In vielen Regionen existieren bereits Verwertungsanlagen je 1 Million Einwohner, die f\u00fcr Verfl\u00fcssigungsanlagen genutzt werden k\u00f6nnen.<\/p>\n\n\n\n<p><\/p>\n<\/div><\/details>\n<\/div>\n<\/div><\/section>\n\n\n\n<p><\/p>\n","protected":false},"excerpt":{"rendered":"","protected":false},"author":6,"featured_media":1221,"parent":0,"menu_order":0,"comment_status":"closed","ping_status":"closed","template":"","meta":{"footnotes":""},"page_category":[],"class_list":["post-848","page","type-page","status-publish","has-post-thumbnail","hentry"],"yoast_head":"<!-- This site is optimized with the Yoast SEO Premium plugin v26.5 (Yoast SEO v26.5) - https:\/\/yoast.com\/wordpress\/plugins\/seo\/ -->\n<title>Technologie &amp; Know-How - Carboliq GmbH<\/title>\n<meta name=\"robots\" content=\"index, follow, max-snippet:-1, max-image-preview:large, max-video-preview:-1\" \/>\n<link rel=\"canonical\" href=\"https:\/\/carboliq.com\/de\/technologie-know-how\/\" \/>\n<meta property=\"og:locale\" content=\"de_DE\" \/>\n<meta property=\"og:type\" content=\"article\" \/>\n<meta property=\"og:title\" content=\"Technologie &amp; Know-How\" \/>\n<meta property=\"og:url\" content=\"https:\/\/carboliq.com\/de\/technologie-know-how\/\" \/>\n<meta property=\"og:site_name\" content=\"Carboliq GmbH\" \/>\n<meta property=\"article:modified_time\" content=\"2025-08-14T10:04:31+00:00\" \/>\n<meta property=\"og:image\" content=\"https:\/\/carboliq.com\/app\/uploads\/2025\/05\/IMG_4443-1440x1080.avif\" \/>\n\t<meta property=\"og:image:width\" content=\"2560\" \/>\n\t<meta property=\"og:image:height\" content=\"1920\" \/>\n\t<meta property=\"og:image:type\" content=\"image\/jpeg\" \/>\n<meta name=\"twitter:card\" content=\"summary_large_image\" \/>\n<meta name=\"twitter:label1\" content=\"Gesch\u00e4tzte Lesezeit\" \/>\n\t<meta name=\"twitter:data1\" content=\"4\u00a0Minuten\" \/>\n<script type=\"application\/ld+json\" class=\"yoast-schema-graph\">{\"@context\":\"https:\/\/schema.org\",\"@graph\":[{\"@type\":\"WebPage\",\"@id\":\"https:\/\/carboliq.com\/de\/technologie-know-how\/\",\"url\":\"https:\/\/carboliq.com\/de\/technologie-know-how\/\",\"name\":\"Technologie &amp; Know-How - Carboliq GmbH\",\"isPartOf\":{\"@id\":\"https:\/\/carboliq.com\/de\/#website\"},\"primaryImageOfPage\":{\"@id\":\"https:\/\/carboliq.com\/de\/technologie-know-how\/#primaryimage\"},\"image\":{\"@id\":\"https:\/\/carboliq.com\/de\/technologie-know-how\/#primaryimage\"},\"thumbnailUrl\":\"https:\/\/carboliq.com\/app\/uploads\/2025\/05\/IMG_4443-1440x1080.avif\",\"datePublished\":\"2025-04-24T09:41:51+00:00\",\"dateModified\":\"2025-08-14T10:04:31+00:00\",\"breadcrumb\":{\"@id\":\"https:\/\/carboliq.com\/de\/technologie-know-how\/#breadcrumb\"},\"inLanguage\":\"de\",\"potentialAction\":[{\"@type\":\"ReadAction\",\"target\":[\"https:\/\/carboliq.com\/de\/technologie-know-how\/\"]}]},{\"@type\":\"ImageObject\",\"inLanguage\":\"de\",\"@id\":\"https:\/\/carboliq.com\/de\/technologie-know-how\/#primaryimage\",\"url\":\"https:\/\/carboliq.com\/app\/uploads\/2025\/05\/IMG_4443-1440x1080.avif\",\"contentUrl\":\"https:\/\/carboliq.com\/app\/uploads\/2025\/05\/IMG_4443-1440x1080.avif\",\"width\":2560,\"height\":1920},{\"@type\":\"BreadcrumbList\",\"@id\":\"https:\/\/carboliq.com\/de\/technologie-know-how\/#breadcrumb\",\"itemListElement\":[{\"@type\":\"ListItem\",\"position\":1,\"name\":\"Home\",\"item\":\"https:\/\/carboliq.com\/de\/\"},{\"@type\":\"ListItem\",\"position\":2,\"name\":\"Technologie &amp; Know-How\"}]},{\"@type\":\"WebSite\",\"@id\":\"https:\/\/carboliq.com\/de\/#website\",\"url\":\"https:\/\/carboliq.com\/de\/\",\"name\":\"carboliq GmbH\",\"description\":\"Innovation aus Freude an Technik\",\"publisher\":{\"@id\":\"https:\/\/carboliq.com\/de\/#organization\"},\"potentialAction\":[{\"@type\":\"SearchAction\",\"target\":{\"@type\":\"EntryPoint\",\"urlTemplate\":\"https:\/\/carboliq.com\/de\/?s={search_term_string}\"},\"query-input\":{\"@type\":\"PropertyValueSpecification\",\"valueRequired\":true,\"valueName\":\"search_term_string\"}}],\"inLanguage\":\"de\"},{\"@type\":\"Organization\",\"@id\":\"https:\/\/carboliq.com\/de\/#organization\",\"name\":\"carboliq GmbH\",\"url\":\"https:\/\/carboliq.com\/de\/\",\"logo\":{\"@type\":\"ImageObject\",\"inLanguage\":\"de\",\"@id\":\"https:\/\/carboliq.com\/de\/#\/schema\/logo\/image\/\",\"url\":\"https:\/\/carboliq.com\/app\/uploads\/2025\/08\/CLIQ_Logo_ohne_Claim-1920x402.webp\",\"contentUrl\":\"https:\/\/carboliq.com\/app\/uploads\/2025\/08\/CLIQ_Logo_ohne_Claim-1920x402.webp\",\"width\":2560,\"height\":536,\"caption\":\"carboliq GmbH\"},\"image\":{\"@id\":\"https:\/\/carboliq.com\/de\/#\/schema\/logo\/image\/\"},\"sameAs\":[\"https:\/\/www.linkedin.com\/company\/carboliq\/posts\/?feedView=all\"]}]}<\/script>\n<!-- \/ Yoast SEO Premium plugin. -->","yoast_head_json":{"title":"Technologie &amp; Know-How - Carboliq GmbH","robots":{"index":"index","follow":"follow","max-snippet":"max-snippet:-1","max-image-preview":"max-image-preview:large","max-video-preview":"max-video-preview:-1"},"canonical":"https:\/\/carboliq.com\/de\/technologie-know-how\/","og_locale":"de_DE","og_type":"article","og_title":"Technologie &amp; Know-How","og_url":"https:\/\/carboliq.com\/de\/technologie-know-how\/","og_site_name":"Carboliq GmbH","article_modified_time":"2025-08-14T10:04:31+00:00","og_image":[{"width":2560,"height":1920,"url":"https:\/\/carboliq.com\/app\/uploads\/2025\/05\/IMG_4443-1440x1080.avif","type":"image\/jpeg"}],"twitter_card":"summary_large_image","twitter_misc":{"Gesch\u00e4tzte Lesezeit":"4\u00a0Minuten"},"schema":{"@context":"https:\/\/schema.org","@graph":[{"@type":"WebPage","@id":"https:\/\/carboliq.com\/de\/technologie-know-how\/","url":"https:\/\/carboliq.com\/de\/technologie-know-how\/","name":"Technologie &amp; Know-How - Carboliq GmbH","isPartOf":{"@id":"https:\/\/carboliq.com\/de\/#website"},"primaryImageOfPage":{"@id":"https:\/\/carboliq.com\/de\/technologie-know-how\/#primaryimage"},"image":{"@id":"https:\/\/carboliq.com\/de\/technologie-know-how\/#primaryimage"},"thumbnailUrl":"https:\/\/carboliq.com\/app\/uploads\/2025\/05\/IMG_4443-1440x1080.avif","datePublished":"2025-04-24T09:41:51+00:00","dateModified":"2025-08-14T10:04:31+00:00","breadcrumb":{"@id":"https:\/\/carboliq.com\/de\/technologie-know-how\/#breadcrumb"},"inLanguage":"de","potentialAction":[{"@type":"ReadAction","target":["https:\/\/carboliq.com\/de\/technologie-know-how\/"]}]},{"@type":"ImageObject","inLanguage":"de","@id":"https:\/\/carboliq.com\/de\/technologie-know-how\/#primaryimage","url":"https:\/\/carboliq.com\/app\/uploads\/2025\/05\/IMG_4443-1440x1080.avif","contentUrl":"https:\/\/carboliq.com\/app\/uploads\/2025\/05\/IMG_4443-1440x1080.avif","width":2560,"height":1920},{"@type":"BreadcrumbList","@id":"https:\/\/carboliq.com\/de\/technologie-know-how\/#breadcrumb","itemListElement":[{"@type":"ListItem","position":1,"name":"Home","item":"https:\/\/carboliq.com\/de\/"},{"@type":"ListItem","position":2,"name":"Technologie &amp; Know-How"}]},{"@type":"WebSite","@id":"https:\/\/carboliq.com\/de\/#website","url":"https:\/\/carboliq.com\/de\/","name":"carboliq GmbH","description":"Innovation aus Freude an Technik","publisher":{"@id":"https:\/\/carboliq.com\/de\/#organization"},"potentialAction":[{"@type":"SearchAction","target":{"@type":"EntryPoint","urlTemplate":"https:\/\/carboliq.com\/de\/?s={search_term_string}"},"query-input":{"@type":"PropertyValueSpecification","valueRequired":true,"valueName":"search_term_string"}}],"inLanguage":"de"},{"@type":"Organization","@id":"https:\/\/carboliq.com\/de\/#organization","name":"carboliq GmbH","url":"https:\/\/carboliq.com\/de\/","logo":{"@type":"ImageObject","inLanguage":"de","@id":"https:\/\/carboliq.com\/de\/#\/schema\/logo\/image\/","url":"https:\/\/carboliq.com\/app\/uploads\/2025\/08\/CLIQ_Logo_ohne_Claim-1920x402.webp","contentUrl":"https:\/\/carboliq.com\/app\/uploads\/2025\/08\/CLIQ_Logo_ohne_Claim-1920x402.webp","width":2560,"height":536,"caption":"carboliq GmbH"},"image":{"@id":"https:\/\/carboliq.com\/de\/#\/schema\/logo\/image\/"},"sameAs":["https:\/\/www.linkedin.com\/company\/carboliq\/posts\/?feedView=all"]}]}},"_links":{"self":[{"href":"https:\/\/carboliq.com\/de\/wp-json\/wp\/v2\/pages\/848","targetHints":{"allow":["GET"]}}],"collection":[{"href":"https:\/\/carboliq.com\/de\/wp-json\/wp\/v2\/pages"}],"about":[{"href":"https:\/\/carboliq.com\/de\/wp-json\/wp\/v2\/types\/page"}],"author":[{"embeddable":true,"href":"https:\/\/carboliq.com\/de\/wp-json\/wp\/v2\/users\/6"}],"replies":[{"embeddable":true,"href":"https:\/\/carboliq.com\/de\/wp-json\/wp\/v2\/comments?post=848"}],"version-history":[{"count":3,"href":"https:\/\/carboliq.com\/de\/wp-json\/wp\/v2\/pages\/848\/revisions"}],"predecessor-version":[{"id":1859,"href":"https:\/\/carboliq.com\/de\/wp-json\/wp\/v2\/pages\/848\/revisions\/1859"}],"wp:featuredmedia":[{"embeddable":true,"href":"https:\/\/carboliq.com\/de\/wp-json\/wp\/v2\/media\/1221"}],"wp:attachment":[{"href":"https:\/\/carboliq.com\/de\/wp-json\/wp\/v2\/media?parent=848"}],"wp:term":[{"taxonomy":"page_category","embeddable":true,"href":"https:\/\/carboliq.com\/de\/wp-json\/wp\/v2\/page_category?post=848"}],"curies":[{"name":"wp","href":"https:\/\/api.w.org\/{rel}","templated":true}]}}